{"id":10857,"date":"2025-09-17T13:00:14","date_gmt":"2025-09-17T11:00:14","guid":{"rendered":"https:\/\/boreait.com\/hu\/?post_type=product&#038;p=10857"},"modified":"2026-02-08T08:23:40","modified_gmt":"2026-02-08T07:23:40","slug":"lenovo-thinkpad-l490-20q6-s87900-intel-9260ngw-wi-fi-kartya-sps-940565-001-eredeti-laptop-alkatresz","status":"publish","type":"product","link":"https:\/\/boreait.com\/hu\/termek\/lenovo-thinkpad-l490-20q6-s87900-intel-9260ngw-wi-fi-kartya-sps-940565-001-eredeti-laptop-alkatresz\/","title":{"rendered":"Lenovo ThinkPad L490 20Q6-S87900 Intel 9260NGW Wi-Fi k\u00e1rtya SPS 940565-001 &#8211; Eredeti laptop alkatr\u00e9sz"},"content":{"rendered":"<p>Fokozza laptopja vezet\u00e9k n\u00e9lk\u00fcli teljes\u00edtm\u00e9ny\u00e9t a <strong>Lenovo ThinkPad 20Q6-S87900 Intel 9260NGW Wi-Fi k\u00e1rty\u00e1val (SPS 940565-001)<\/strong>. Ezt az <strong>eredeti OEM<\/strong> laptopr\u00e9szt \u00fagy tervezt\u00e9k, hogy <strong>nagy sebess\u00e9g\u0171 Wi-Fi- \u00e9s Bluetooth-kapcsolatot<\/strong> biztos\u00edtson, z\u00f6kken\u0151mentes teljes\u00edtm\u00e9nyt biztos\u00edtva mind a munka, mind a sz\u00f3rakoz\u00e1s sor\u00e1n.<\/p>\n<h3><strong>F\u0151bb jellemz\u0151k:<\/strong><\/h3>\n<p>\u2714 <strong>Modell:<\/strong> Intel 9260NGW<\/p>\n<p>\u2714 <strong>Alkatr\u00e9szsz\u00e1m (SPS):<\/strong> 940565-001<\/p>\n<p>\u2714 <strong>Wi-Fi szabv\u00e1ny:<\/strong> 802.11ac, k\u00e9ts\u00e1vos (2,4 GHz \u00e9s 5 GHz)<\/p>\n<p>\u2714 <strong>Maxim\u00e1lis sebess\u00e9g:<\/strong> Ak\u00e1r <strong>1,73 Gbps<\/strong><\/p>\n<p>\u2714 <strong>Bluetooth-verzi\u00f3:<\/strong> 5.0 \u2013 Tov\u00e1bbfejlesztett hat\u00f3t\u00e1vols\u00e1g \u00e9s stabilit\u00e1s<\/p>\n<p>\u2714 <strong>Alakt\u00e9nyez\u0151:<\/strong> M.2 2230<\/p>\n<p>\u2714 <strong>Kompatibilit\u00e1s:<\/strong> Kompatibilis a <strong>Lenovo ThinkPad 20Q6-S87900<\/strong> \u00e9s sz\u00e1mos m\u00e1s Lenovo laptopmodellel<\/p>\n<h3><strong>Mi\u00e9rt v\u00e1lassza ezt a Wi-Fi-k\u00e1rty\u00e1t?<\/strong><\/h3>\n<ul>\n<li><strong>Gyors \u00e9s amp; Megb\u00edzhat\u00f3:<\/strong> \u00c9lvezze a g\u00f6rd\u00fcl\u00e9keny b\u00f6ng\u00e9sz\u00e9st, streamel\u00e9st \u00e9s j\u00e1t\u00e9kot a <strong>k\u00e9ts\u00e1vos Wi-Fi-vel<\/strong> \u00e9s a <strong>MU-MIMO t\u00e1mogat\u00e1ssal<\/strong>.<\/li>\n<li><strong>Bluetooth 5.0:<\/strong> Csatlakoz\u00e1s vezet\u00e9k n\u00e9lk\u00fcli perif\u00e9ri\u00e1khoz <strong>megn\u00f6velt hat\u00f3t\u00e1vols\u00e1ggal<\/strong> \u00e9s <strong>alacsonyabb energiafogyaszt\u00e1ssal<\/strong>.<\/li>\n<li><strong>Eredeti Lenovo alkatr\u00e9sz:<\/strong> Biztos\u00edtja a <strong>z\u00f6kken\u0151mentes kompatibilit\u00e1st<\/strong> \u00e9s a <strong>stabil teljes\u00edtm\u00e9nyt<\/strong> az eszk\u00f6zzel.<\/li>\n<li><strong>Egyszer\u0171 telep\u00edt\u00e9s:<\/strong> Egyszer\u0171en cser\u00e9lje ki megl\u00e9v\u0151 Wi-Fi-k\u00e1rty\u00e1j\u00e1t az <strong>azonnali friss\u00edt\u00e9shez<\/strong>.<\/li>\n<\/ul>\n<p>\ud83d\udce6 <strong>Amit kapsz:<\/strong><\/p>\n<ul>\n<li>1x <strong>Lenovo ThinkPad 20Q6-S87900 Intel 9260NGW Wi-Fi k\u00e1rtya (SPS 940565-001)<\/strong><\/li>\n<p> A list\u00e1n szerepl\u0151 <\/p>\n<li><strong>val\u00f3di term\u00e9kfot\u00f3k<\/strong> \u2013 pontosan azt kapod, ami l\u00e1that\u00f3!<\/li>\n<\/ul>\n<p>\ud83d\udd27 <strong>Seg\u00edts\u00e9gre van sz\u00fcks\u00e9ge?<\/strong><\/p>\n<p>B\u00e1r nem adunk telep\u00edt\u00e9si utas\u00edt\u00e1sokat, seg\u00edts\u00e9g\u00e9rt nyugodtan \u00edrjon nek\u00fcnk. Sz\u00edvesen seg\u00edt\u00fcnk!<\/p>\n<p>\ud83d\ude80 <strong>Sz\u00e1ll\u00edt\u00e1s az eg\u00e9sz vil\u00e1gon el\u00e9rhet\u0151!<\/strong><\/p>\n<p>Sz\u00e1ll\u00edtunk <strong>Eur\u00f3pa szerte \u00e9s vil\u00e1gszerte<\/strong>, biztos\u00edtva ezzel laptopunk \u00f6sszes alkatr\u00e9sz\u00e9nek gyors \u00e9s biztons\u00e1gos sz\u00e1ll\u00edt\u00e1s\u00e1t.<\/p>\n<p>Friss\u00edtse <strong>Lenovo ThinkPad<\/strong> eszk\u00f6z\u00e9t m\u00e9g ma ezzel a nagy teljes\u00edtm\u00e9ny\u0171 <strong>Wi-Fi &amp; Bluetooth k\u00e1rtya<\/strong>t. Rendeljen most, \u00e9s tapasztalja meg a <strong>gyorsabb, stabilabb vezet\u00e9k n\u00e9lk\u00fcli kapcsolatot<\/strong>!<\/p>\n","protected":false},"excerpt":{"rendered":"<p>B\u0151v\u00edtse laptopja vezet\u00e9k n\u00e9lk\u00fcli kapcsolat\u00e1t a <strong>Lenovo ThinkPad 20Q6-S87900 Intel 9260NGW Wi-Fi k\u00e1rty\u00e1val (SPS 940565-001)<\/strong>. Ez az eredeti cserealkatr\u00e9sz <strong>gyors \u00e9s stabil<\/strong> Wi-Fi- \u00e9s Bluetooth-kapcsolatot biztos\u00edt. T\u00f6k\u00e9letes a hib\u00e1s k\u00e1rtya cser\u00e9j\u00e9hez vagy a laptop teljes\u00edtm\u00e9ny\u00e9nek jav\u00edt\u00e1s\u00e1hoz.<\/p>\n","protected":false},"featured_media":10906,"template":"","meta":[],"product_brand":[],"product_cat":[27],"product_tag":[26],"class_list":{"0":"post-10857","1":"product","2":"type-product","3":"status-publish","4":"has-post-thumbnail","6":"product_cat-motherboards-board-parts","7":"product_tag-lenovo","9":"first","10":"instock","11":"taxable","12":"shipping-taxable","13":"purchasable","14":"product-type-simple"},"_links":{"self":[{"href":"https:\/\/boreait.com\/hu\/wp-json\/wp\/v2\/product\/10857","targetHints":{"allow":["GET"]}}],"collection":[{"href":"https:\/\/boreait.com\/hu\/wp-json\/wp\/v2\/product"}],"about":[{"href":"https:\/\/boreait.com\/hu\/wp-json\/wp\/v2\/types\/product"}],"wp:featuredmedia":[{"embeddable":true,"href":"https:\/\/boreait.com\/hu\/wp-json\/wp\/v2\/media\/10906"}],"wp:attachment":[{"href":"https:\/\/boreait.com\/hu\/wp-json\/wp\/v2\/media?parent=10857"}],"wp:term":[{"taxonomy":"product_brand","embeddable":true,"href":"https:\/\/boreait.com\/hu\/wp-json\/wp\/v2\/product_brand?post=10857"},{"taxonomy":"product_cat","embeddable":true,"href":"https:\/\/boreait.com\/hu\/wp-json\/wp\/v2\/product_cat?post=10857"},{"taxonomy":"product_tag","embeddable":true,"href":"https:\/\/boreait.com\/hu\/wp-json\/wp\/v2\/product_tag?post=10857"}],"curies":[{"name":"wp","href":"https:\/\/api.w.org\/{rel}","templated":true}]}}