{"id":10844,"date":"2025-09-17T13:00:06","date_gmt":"2025-09-17T11:00:06","guid":{"rendered":"https:\/\/boreait.com\/hu\/?post_type=product&#038;p=10844"},"modified":"2025-09-17T13:00:29","modified_gmt":"2025-09-17T11:00:29","slug":"acer-aspire-billentyuzet-9j-n2m82-01f-nsk-gf01f-eredeti-laptop-cserealkatresz","status":"publish","type":"product","link":"https:\/\/boreait.com\/hu\/termek\/acer-aspire-billentyuzet-9j-n2m82-01f-nsk-gf01f-eredeti-laptop-cserealkatresz\/","title":{"rendered":"Acer Aspire billenty\u0171zet 9J.N2M82.01F \/ NSK-GF01F \u2013 Eredeti laptop cserealkatr\u00e9sz"},"content":{"rendered":"<p>Friss\u00edtse laptopj\u00e1t a <strong>szlov\u00e9n Acer Aspire billenty\u0171zettel 9J.N2M82.01F<\/strong>, amely egy kiv\u00e1l\u00f3 min\u0151s\u00e9g\u0171 csere, amelyet z\u00f6kken\u0151mentes teljes\u00edtm\u00e9nyre terveztek. F\u00fcggetlen\u00fcl att\u00f3l, hogy megl\u00e9v\u0151 billenty\u0171zet\u00e9n s\u00e9r\u00fcltek a billenty\u0171k, nem reag\u00e1lnak a gombok vagy egy\u00e9b probl\u00e9m\u00e1k, ez az <strong>eredeti Acer cserealkatr\u00e9sz<\/strong> vissza\u00e1ll\u00edtja a teljes funkcionalit\u00e1st.<\/p>\n<h4><strong>F\u0151bb jellemz\u0151k:<\/strong><\/h4>\n<p>\u2714 <strong>Eredeti Acer billenty\u0171zet<\/strong> \u2013 Biztos\u00edtsa a kompatibilit\u00e1st \u00e9s a megb\u00edzhat\u00f3s\u00e1got az eredeti gy\u00e1rt\u00f3i alkatr\u00e9szekkel.<\/p>\n<p>\u2714 <strong>T\u00f6k\u00e9letes illeszked\u00e9s \u00e9s amp; K\u00f6nny\u0171 telep\u00edt\u00e9s<\/strong> \u2013 Kifejezetten az Acer Aspire modellekhez k\u00e9sz\u00fclt, \u00edgy a telep\u00edt\u00e9s egyszer\u0171 \u00e9s probl\u00e9mamentes.<\/p>\n<p>\u2714 <strong>Tart\u00f3s \u00e9s amp; Reszponz\u00edv billenty\u0171k<\/strong> \u2013 \u00c9lvezze a sima, k\u00e9nyelmes g\u00e9pel\u00e9st a kiv\u00e1l\u00f3 min\u0151s\u00e9g\u0171 billenty\u0171reakci\u00f3val.<\/p>\n<p>\u2714 <strong>Hossz\u00fa \u00e9lettartamra tervezve<\/strong> \u2013 Tart\u00f3sra tervezve, hossz\u00fa t\u00e1v\u00fa teljes\u00edtm\u00e9nyt \u00e9s tart\u00f3ss\u00e1got biztos\u00edtva.<\/p>\n<p>\u2714 <strong>Vil\u00e1gszerte el\u00e9rhet\u0151 kisz\u00e1ll\u00edt\u00e1s<\/strong> \u2013 Eur\u00f3pa-szerte \u00e9s vil\u00e1gszerte sz\u00e1ll\u00edtunk biztons\u00e1gos csomagol\u00e1ssal.<\/p>\n<h4><strong>Tov\u00e1bbi inform\u00e1ci\u00f3:<\/strong><\/h4>\n<ul>\n<li><strong>\u00c1llapot:<\/strong> Haszn\u00e1lt \u00e9s min\u0151s\u00e9gbiztos\u00edt\u00e1s c\u00e9lj\u00e1b\u00f3l tesztelt. Nyelv: szlov\u00e9n\/horv\u00e1t (m\u00e1s nyelvekkel is kompatibilis)<\/li>\n<li><strong>Kompatibilit\u00e1s:<\/strong> Megfelel bizonyos Acer Aspire laptopmodelleknek (v\u00e1s\u00e1rl\u00e1s el\u0151tt ellen\u0151rizze a kompatibilit\u00e1st).<\/li>\n<li><strong>Fot\u00f3k:<\/strong> A megjelen\u00edtett term\u00e9kk\u00e9pek <strong>val\u00f3di fot\u00f3k<\/strong> a kapott term\u00e9kr\u0151l.<\/li>\n<\/ul>\n<p>Ha tov\u00e1bbi seg\u00edts\u00e9gre van sz\u00fcks\u00e9ge a laptop megfelel\u0151 billenty\u0171zet\u00e9nek kiv\u00e1laszt\u00e1s\u00e1hoz, forduljon hozz\u00e1nk bizalommal. <strong>V\u00e1s\u00e1roljon bizalommal!<\/strong><\/p>\n<p>Kompatibilis laptopok:<\/p>\n<ul class=\"opis_artikla_dl\">\n<li>Acer Aspire 4330<\/li>\n<li>Acer Aspire 5241<\/li>\n<li>Acer Aspire 5332<\/li>\n<li>Acer Aspire 5332<\/li>\n<li>Acer Aspire 5334<\/li>\n<li>Acer Aspire 5334-312G25Mn<\/li>\n<li>Acer Aspire 5334<\/li>\n<li>Acer Aspire 5516<\/li>\n<li>Acer Aspire 5516<\/li>\n<li>Acer Aspire 5517<\/li>\n<li>Acer Aspire 5517<\/li>\n<li>Acer Aspire 5532<\/li>\n<li>Acer Aspire 5534<\/li>\n<li>Acer Aspire 5534<\/li>\n<li>Acer Aspire 5541<\/li>\n<li>Acer Aspire 5541<\/li>\n<li>Acer Aspire 5732<\/li>\n<li>Acer Aspire 5732<\/li>\n<li>Acer Aspire 5732G<\/li>\n<li>Acer Aspire 5732Z<\/li>\n<li>Acer Aspire 5732Z-443G32Mn<\/li>\n<li>Acer Aspire 5732Z<\/li>\n<li>Acer Aspire 5732ZG<\/li>\n<li>Acer Aspire 5732ZG<\/li>\n<li>Acer Aspire 5734<\/li>\n<li>Acer Aspire 5734<\/li>\n<li>Acer Aspire 5734Z<\/li>\n<li>Acer Aspire 7315<\/li>\n<li>Acer Aspire 7715<\/li>\n<li>Acer Aspire 7715G<\/li>\n<li>Acer Aspire 7715Z<\/li>\n<li>Acer Aspire 7715ZG<\/li>\n<li>Acer eMachines E430<\/li>\n<li>Acer eMachines E525<\/li>\n<li>Acer eMachines E527<\/li>\n<li>Acer eMachines E625<\/li>\n<li>Acer eMachines E627<\/li>\n<li>Acer eMachines E628<\/li>\n<li>Acer eMachines E630<\/li>\n<li>Acer eMachines E725<\/li>\n<li>Acer eMachines E727<\/li>\n<li>Acer eMachines eMG630G<\/li>\n<li>Acer eMachines G525<\/li>\n<li>Acer eMachines G625-6C4G32Mi<\/li>\n<li>Acer eMachines G625<\/li>\n<li>Acer eMachines G627-203G25Mi<\/li>\n<li>Acer eMachines G627<\/li>\n<li>Acer eMachines G630<\/li>\n<li>Acer eMachines G630G<\/li>\n<li>Acer eMachines G725-423G25Mi<\/li>\n<li>Acer eMachines G725<\/li>\n<li>Packard Bell Easynote TH36<\/li>\n<\/ul>\n","protected":false},"excerpt":{"rendered":"<p>Cser\u00e9lje ki elhaszn\u00e1l\u00f3dott vagy hib\u00e1s billenty\u0171zet\u00e9t erre az <strong>eredeti Acer Aspire billenty\u0171zetre (9J.N2M82.01F)<\/strong>. A t\u00f6k\u00e9letes illeszked\u00e9sre \u00e9s kompatibilit\u00e1sra tervezett kiv\u00e1l\u00f3 min\u0151s\u00e9g\u0171 csere sima g\u00e9pel\u00e9st \u00e9s megb\u00edzhat\u00f3 teljes\u00edtm\u00e9nyt biztos\u00edt. Vil\u00e1gszerte k\u00e9szen sz\u00e1ll\u00edthat\u00f3 val\u00f3di term\u00e9kfot\u00f3kkal \u2013 amit l\u00e1tsz, azt kapod!<\/p>\n","protected":false},"featured_media":10874,"template":"","meta":[],"product_brand":[],"product_cat":[35],"product_tag":[29],"class_list":{"0":"post-10844","1":"product","2":"type-product","3":"status-publish","4":"has-post-thumbnail","6":"product_cat-laptop-keyboard","7":"product_tag-acer","9":"first","10":"instock","11":"taxable","12":"shipping-taxable","13":"purchasable","14":"product-type-simple"},"_links":{"self":[{"href":"https:\/\/boreait.com\/hu\/wp-json\/wp\/v2\/product\/10844","targetHints":{"allow":["GET"]}}],"collection":[{"href":"https:\/\/boreait.com\/hu\/wp-json\/wp\/v2\/product"}],"about":[{"href":"https:\/\/boreait.com\/hu\/wp-json\/wp\/v2\/types\/product"}],"wp:featuredmedia":[{"embeddable":true,"href":"https:\/\/boreait.com\/hu\/wp-json\/wp\/v2\/media\/10874"}],"wp:attachment":[{"href":"https:\/\/boreait.com\/hu\/wp-json\/wp\/v2\/media?parent=10844"}],"wp:term":[{"taxonomy":"product_brand","embeddable":true,"href":"https:\/\/boreait.com\/hu\/wp-json\/wp\/v2\/product_brand?post=10844"},{"taxonomy":"product_cat","embeddable":true,"href":"https:\/\/boreait.com\/hu\/wp-json\/wp\/v2\/product_cat?post=10844"},{"taxonomy":"product_tag","embeddable":true,"href":"https:\/\/boreait.com\/hu\/wp-json\/wp\/v2\/product_tag?post=10844"}],"curies":[{"name":"wp","href":"https:\/\/api.w.org\/{rel}","templated":true}]}}