{"id":10841,"date":"2025-09-17T12:59:52","date_gmt":"2025-09-17T10:59:52","guid":{"rendered":"https:\/\/boreait.com\/hu\/?post_type=product&#038;p=10841"},"modified":"2025-09-17T12:59:59","modified_gmt":"2025-09-17T10:59:59","slug":"156-huvelykes-fhd-matt-ips-lcd-kepernyo-lenovo-z50-70-80e7-tipus-boe-hb156fh1-301","status":"publish","type":"product","link":"https:\/\/boreait.com\/hu\/termek\/156-huvelykes-fhd-matt-ips-lcd-kepernyo-lenovo-z50-70-80e7-tipus-boe-hb156fh1-301\/","title":{"rendered":"15,6 h\u00fcvelykes FHD matt IPS LCD k\u00e9perny\u0151 Lenovo Z50-70 (80E7 t\u00edpus), BOE HB156FH1-301"},"content":{"rendered":"<p><strong>T\u00e9nyleges k\u00e9perny\u0151s modell: NV156FHM-N46 \/ B156HAN02.1 \/ LP156WF6-SPB1-SPK1-SPA1 &#8211; teljesen kompatibilis a Z50-70 laptoppal (Lenovo) &#8211; 80E7 t\u00edpus \/ k\u00e9perny\u0151: BOE HB156FH1-301<\/p>\n<p><\/strong><\/p>\n<p>Friss\u00edtse Lenovo Z50-70 laptopj\u00e1t (80E7 t\u00edpus\u00fa) vadonat\u00faj BOE HB156FH1-301 LCD k\u00e9perny\u0151nkkel. Ez a kiv\u00e1l\u00f3 min\u0151s\u00e9g\u0171 cserek\u00e9perny\u0151 1920&#215;1080 pixeles Full HD (FHD) felbont\u00e1ssal rendelkezik, amely \u00e9les, \u00e9l\u00e9nk l\u00e1tv\u00e1nyt ny\u00fajt az In-Plane Switching (IPS) panellel a kiv\u00e1l\u00f3 sz\u00ednpontoss\u00e1g \u00e9s sz\u00e9les betekint\u00e9si sz\u00f6gek \u00e9rdek\u00e9ben. Matt fel\u00fclete cs\u00f6kkenti a t\u00fckr\u00f6z\u0151d\u00e9st, \u00edgy belt\u00e9ri \u00e9s k\u00fclt\u00e9ri haszn\u00e1latra egyar\u00e1nt t\u00f6k\u00e9letes.<\/p>\n<p>Az egyszer\u0171 telep\u00edt\u00e9sre tervezett k\u00e9perny\u0151 fels\u0151 \u00e9s als\u00f3 tart\u00f3kkal van felszerelve, amelyek biztos\u00edtj\u00e1k a biztons\u00e1gos illeszked\u00e9st. Ez a nem \u00e9rint\u0151k\u00e9perny\u0151 t\u00e1mogatja a 30 t\u0171s eDP csatlakoz\u00e1st, \u00e9s t\u00f6k\u00e9letesen illeszkedik a Z50-70 modellhez. Ak\u00e1r egy s\u00e9r\u00fclt k\u00e9perny\u0151t cser\u00e9l, ak\u00e1r a jobb megjelen\u00edt\u00e9si min\u0151s\u00e9g \u00e9rdek\u00e9ben friss\u00edt, ez a tart\u00f3s \u00e9s megb\u00edzhat\u00f3 k\u00e9perny\u0151 hib\u00e1tlan megtekint\u00e9si \u00e9lm\u00e9nyt k\u00edn\u00e1l.<\/p>\n<p>\u00c9lvezze a z\u00f6kken\u0151mentes \u00e9s probl\u00e9mamentes cserefolyamatot ezzel az \u00faj, gy\u00e1rilag tesztelt k\u00e9perny\u0151vel, amely k\u00e9szen \u00e1ll a laptop funkcionalit\u00e1s\u00e1nak vissza\u00e1ll\u00edt\u00e1s\u00e1ra.<\/p>\n<p>&nbsp;<\/p>\n<p>&nbsp;<\/p>\n","protected":false},"excerpt":{"rendered":"<p>Cser\u00e9lje vagy friss\u00edtse Lenovo Z50-70 (Type 80E7) kijelz\u0151j\u00e9t ezzel az \u00faj, 15,6&#8243;-es FHD IPS matt LCD-k\u00e9perny\u0151vel. A BOE HB156FH1-301-et tartalmaz\u00f3, fels\u0151 \u00e9s als\u00f3 tart\u00f3konzolokkal az egyszer\u0171 telep\u00edt\u00e9s \u00e9rdek\u00e9ben. T\u00f6k\u00e9letes az \u00e9l\u00e9nk l\u00e1tv\u00e1ny helyre\u00e1ll\u00edt\u00e1s\u00e1hoz \u00e9s a t\u00fckr\u00f6z\u0151d\u00e9s cs\u00f6kkent\u00e9s\u00e9hez.<\/p>\n","protected":false},"featured_media":9614,"template":"","meta":[],"product_brand":[],"product_cat":[81,71],"product_tag":[26],"class_list":{"0":"post-10841","1":"product","2":"type-product","3":"status-publish","4":"has-post-thumbnail","6":"product_cat-15-6-new-laptop-screens-lcd-panels","7":"product_cat-new-laptop-screens-lcd-panels","8":"product_tag-lenovo","10":"first","11":"instock","12":"taxable","13":"shipping-taxable","14":"purchasable","15":"product-type-simple"},"_links":{"self":[{"href":"https:\/\/boreait.com\/hu\/wp-json\/wp\/v2\/product\/10841","targetHints":{"allow":["GET"]}}],"collection":[{"href":"https:\/\/boreait.com\/hu\/wp-json\/wp\/v2\/product"}],"about":[{"href":"https:\/\/boreait.com\/hu\/wp-json\/wp\/v2\/types\/product"}],"wp:featuredmedia":[{"embeddable":true,"href":"https:\/\/boreait.com\/hu\/wp-json\/wp\/v2\/media\/9614"}],"wp:attachment":[{"href":"https:\/\/boreait.com\/hu\/wp-json\/wp\/v2\/media?parent=10841"}],"wp:term":[{"taxonomy":"product_brand","embeddable":true,"href":"https:\/\/boreait.com\/hu\/wp-json\/wp\/v2\/product_brand?post=10841"},{"taxonomy":"product_cat","embeddable":true,"href":"https:\/\/boreait.com\/hu\/wp-json\/wp\/v2\/product_cat?post=10841"},{"taxonomy":"product_tag","embeddable":true,"href":"https:\/\/boreait.com\/hu\/wp-json\/wp\/v2\/product_tag?post=10841"}],"curies":[{"name":"wp","href":"https:\/\/api.w.org\/{rel}","templated":true}]}}