{"id":10840,"date":"2025-09-17T12:59:52","date_gmt":"2025-09-17T10:59:52","guid":{"rendered":"https:\/\/boreait.com\/hu\/?post_type=product&#038;p=10840"},"modified":"2025-09-22T09:27:58","modified_gmt":"2025-09-22T07:27:58","slug":"hp-m08711-001-14-fhd-ips-matt-lcd-kepernyo-30-tus-uj","status":"publish","type":"product","link":"https:\/\/boreait.com\/hu\/termek\/hp-m08711-001-14-fhd-ips-matt-lcd-kepernyo-30-tus-uj\/","title":{"rendered":"HP M08711-001 14&#8243; FHD IPS matt LCD k\u00e9perny\u0151, 30 t\u0171s, \u00faj"},"content":{"rendered":"<p><strong>T\u00e9nyleges LCD-k\u00e9perny\u0151s modell: N140HCG-GE1 \u2013 TELJESEN KOMPATIBILIS AZ M08711-001 LAPTOP K\u00c9PERNY\u0150VEL<\/strong><\/p>\n<p>Friss\u00edtse HP laptopj\u00e1t ezzel a vadonat\u00faj HP M08711-001 14&#8243;-es FHD IPS matt LCD-k\u00e9perny\u0151vel. A 30 t\u0171s csatlakoz\u00f3val rendelkez\u0151 k\u00e9perny\u0151 t\u00f6k\u00e9letes a s\u00e9r\u00fclt kijelz\u0151k jav\u00edt\u00e1s\u00e1ra vagy cser\u00e9j\u00e9re. Az 1. \u00e9rintkez\u0151 84 mm-re tal\u00e1lhat\u00f3 a jobb sarokt\u00f3l, \u00edgy kompatibilis bizonyos HP laptopok technol\u00f3gi\u00e1j\u00e1val, sz\u00e9les l\u00e1t\u00f3sz\u00f6g\u0171, \u00e9l\u00e9nk sz\u00ednekkel \u00e9s IPS-sel. \u00e9les k\u00e9p A matt fel\u00fclet cs\u00f6kkenti a t\u00fckr\u00f6z\u0151d\u00e9st, m\u00e9g er\u0151sen megvil\u00e1g\u00edtott k\u00f6rnyezetben is biztos\u00edtva a j\u00f3 l\u00e1that\u00f3s\u00e1got.<\/p>\n","protected":false},"excerpt":{"rendered":"<p>Ez a vadonat\u00faj HP M08711-001 LCD-k\u00e9perny\u0151 egy 14&#8243;-es FHD IPS matt kijelz\u0151 30 t\u0171s csatlakoz\u00f3val. Meghat\u00e1rozott HP laptopokhoz val\u00f3 haszn\u00e1latra tervezt\u00e9k, \u00e9s a jobb sarokt\u00f3l 84 mm-re tal\u00e1lhat\u00f3 egyedi els\u0151 \u00e9rintkez\u0151 poz\u00edci\u00f3val rendelkezik. Ide\u00e1lis a s\u00e9r\u00fclt vagy hib\u00e1s k\u00e9perny\u0151k cser\u00e9j\u00e9hez.<\/p>\n","protected":false},"featured_media":10843,"template":"","meta":[],"product_brand":[],"product_cat":[74,71],"product_tag":[],"class_list":{"0":"post-10840","1":"product","2":"type-product","3":"status-publish","4":"has-post-thumbnail","6":"product_cat-14-new-laptop-screens-lcd-panels","7":"product_cat-new-laptop-screens-lcd-panels","9":"first","10":"instock","11":"taxable","12":"shipping-taxable","13":"purchasable","14":"product-type-simple"},"_links":{"self":[{"href":"https:\/\/boreait.com\/hu\/wp-json\/wp\/v2\/product\/10840","targetHints":{"allow":["GET"]}}],"collection":[{"href":"https:\/\/boreait.com\/hu\/wp-json\/wp\/v2\/product"}],"about":[{"href":"https:\/\/boreait.com\/hu\/wp-json\/wp\/v2\/types\/product"}],"wp:featuredmedia":[{"embeddable":true,"href":"https:\/\/boreait.com\/hu\/wp-json\/wp\/v2\/media\/10843"}],"wp:attachment":[{"href":"https:\/\/boreait.com\/hu\/wp-json\/wp\/v2\/media?parent=10840"}],"wp:term":[{"taxonomy":"product_brand","embeddable":true,"href":"https:\/\/boreait.com\/hu\/wp-json\/wp\/v2\/product_brand?post=10840"},{"taxonomy":"product_cat","embeddable":true,"href":"https:\/\/boreait.com\/hu\/wp-json\/wp\/v2\/product_cat?post=10840"},{"taxonomy":"product_tag","embeddable":true,"href":"https:\/\/boreait.com\/hu\/wp-json\/wp\/v2\/product_tag?post=10840"}],"curies":[{"name":"wp","href":"https:\/\/api.w.org\/{rel}","templated":true}]}}