{"id":10835,"date":"2025-09-17T12:59:51","date_gmt":"2025-09-17T10:59:51","guid":{"rendered":"https:\/\/boreait.com\/hu\/?post_type=product&#038;p=10835"},"modified":"2025-09-22T09:27:58","modified_gmt":"2025-09-22T07:27:58","slug":"14-fhd-ips-matt-lcd-kepernyo-l72970-j93-30-tus-vadonatuj","status":"publish","type":"product","link":"https:\/\/boreait.com\/hu\/termek\/14-fhd-ips-matt-lcd-kepernyo-l72970-j93-30-tus-vadonatuj\/","title":{"rendered":"14&#8243; FHD IPS matt LCD k\u00e9perny\u0151 L72970-J93, 30 t\u0171s, vadonat\u00faj"},"content":{"rendered":"<p><strong>T\u00e9nyleges LCD-k\u00e9perny\u0151s modell: N140HCG-GE1 \u2013 TELJESEN KOMPATIBILIS A LAPTOP L72970-J93 K\u00c9PERNY\u0150VEL<\/strong><\/p>\n<p>Jav\u00edtsa laptopja megjelen\u00edt\u00e9si min\u0151s\u00e9g\u00e9t az <strong>L72970-J93 LCD-k\u00e9perny\u0151vel<\/strong>. Ez a 14 h\u00fcvelykes Full HD (FHD) IPS matt k\u00e9perny\u0151 kiv\u00e9teles tisztas\u00e1got, \u00e9l\u00e9nk sz\u00edneket \u00e9s sz\u00e9les betekint\u00e9si sz\u00f6geket k\u00edn\u00e1l, \u00edgy munk\u00e1hoz \u00e9s sz\u00f3rakoz\u00e1shoz egyar\u00e1nt t\u00f6k\u00e9letes. A 30 t\u0171s csatlakoz\u00f3val rendelkez\u0151 els\u0151 \u00e9rintkez\u0151 pontosan 84 millim\u00e9terre helyezkedik el a jobb sarokt\u00f3l, \u00edgy biztos\u00edtva a kompatibilit\u00e1st a k\u00fcl\u00f6nb\u00f6z\u0151 laptopmodellekkel. A z\u00f6kken\u0151mentes telep\u00edt\u00e9sre tervezett k\u00e9perny\u0151 vadonat\u00faj, \u00e9s hib\u00e1tlan megtekint\u00e9si \u00e9lm\u00e9nyt garant\u00e1l. N\u00f6velje laptopja teljes\u00edtm\u00e9ny\u00e9t m\u00e9g ma ezzel a pr\u00e9mium cserek\u00e9perny\u0151vel.<\/p>\n","protected":false},"excerpt":{"rendered":"<p>Ez a <strong>14 h\u00fcvelykes FHD IPS matt LCD-k\u00e9perny\u0151 (L72970-J93)<\/strong> t\u00f6k\u00e9letes a s\u00e9r\u00fclt vagy rosszul m\u0171k\u00f6d\u0151 kijelz\u0151 cser\u00e9j\u00e9hez. 30 t\u0171s csatlakoz\u00f3val rendelkezik, az els\u0151 \u00e9rintkez\u0151 a jobb sarokt\u00f3l 84 mm-re tal\u00e1lhat\u00f3, \u00edgy biztos\u00edtva a pontos kompatibilit\u00e1st. Vadonat\u00faj \u00e9s k\u00f6nnyen telep\u00edthet\u0151, \u00e9les l\u00e1tv\u00e1nyt \u00e9s \u00e9l\u00e9nk sz\u00edneket biztos\u00edt.<\/p>\n","protected":false},"featured_media":10843,"template":"","meta":[],"product_brand":[],"product_cat":[74,71],"product_tag":[],"class_list":{"0":"post-10835","1":"product","2":"type-product","3":"status-publish","4":"has-post-thumbnail","6":"product_cat-14-new-laptop-screens-lcd-panels","7":"product_cat-new-laptop-screens-lcd-panels","9":"first","10":"instock","11":"taxable","12":"shipping-taxable","13":"purchasable","14":"product-type-simple"},"_links":{"self":[{"href":"https:\/\/boreait.com\/hu\/wp-json\/wp\/v2\/product\/10835","targetHints":{"allow":["GET"]}}],"collection":[{"href":"https:\/\/boreait.com\/hu\/wp-json\/wp\/v2\/product"}],"about":[{"href":"https:\/\/boreait.com\/hu\/wp-json\/wp\/v2\/types\/product"}],"wp:featuredmedia":[{"embeddable":true,"href":"https:\/\/boreait.com\/hu\/wp-json\/wp\/v2\/media\/10843"}],"wp:attachment":[{"href":"https:\/\/boreait.com\/hu\/wp-json\/wp\/v2\/media?parent=10835"}],"wp:term":[{"taxonomy":"product_brand","embeddable":true,"href":"https:\/\/boreait.com\/hu\/wp-json\/wp\/v2\/product_brand?post=10835"},{"taxonomy":"product_cat","embeddable":true,"href":"https:\/\/boreait.com\/hu\/wp-json\/wp\/v2\/product_cat?post=10835"},{"taxonomy":"product_tag","embeddable":true,"href":"https:\/\/boreait.com\/hu\/wp-json\/wp\/v2\/product_tag?post=10835"}],"curies":[{"name":"wp","href":"https:\/\/api.w.org\/{rel}","templated":true}]}}