{"id":10834,"date":"2025-09-17T12:59:51","date_gmt":"2025-09-17T10:59:51","guid":{"rendered":"https:\/\/boreait.com\/hu\/?post_type=product&#038;p=10834"},"modified":"2026-02-17T14:23:41","modified_gmt":"2026-02-17T13:23:41","slug":"14-lcd-kepernyo-n140hcg-ge1-fhd-ips-matt-30-tus-uj-84-mm-es-csatlakozo","status":"publish","type":"product","link":"https:\/\/boreait.com\/hu\/termek\/14-lcd-kepernyo-n140hcg-ge1-fhd-ips-matt-30-tus-uj-84-mm-es-csatlakozo\/","title":{"rendered":"14&#8243; LCD k\u00e9perny\u0151 N140HCG-GE1 FHD IPS matt, 30 t\u0171s, \u00faj, 84 mm-es csatlakoz\u00f3"},"content":{"rendered":"<p>N\u00f6velje laptopja teljes\u00edtm\u00e9ny\u00e9t az N140HCG-GE1 LCD k\u00e9perny\u0151vel. Ez a pr\u00e9mium 14 h\u00fcvelykes kijelz\u0151 Full HD felbont\u00e1st \u00e9s IPS technol\u00f3gi\u00e1t k\u00edn\u00e1l, \u00e9l\u00e9nk sz\u00edneket, \u00e9les l\u00e1tv\u00e1nyt \u00e9s sz\u00e9les betekint\u00e9si sz\u00f6geket biztos\u00edt. A matt fel\u00fclet minim\u00e1lisra cs\u00f6kkenti a t\u00fckr\u00f6z\u0151d\u00e9st, \u00edgy t\u00f6k\u00e9letes hossz\u00fa t\u00e1v\u00fa haszn\u00e1latra k\u00fcl\u00f6nf\u00e9le f\u00e9nyviszonyok mellett.<\/p>\n<p>A 30 t\u0171s csatlakoz\u00f3 strat\u00e9giailag 84 mm-re tal\u00e1lhat\u00f3 a jobb sarokt\u00f3l, \u00edgy sz\u00e1mos laptopmodellel kompatibilis. A z\u00f6kken\u0151mentes telep\u00edt\u00e9sre tervezett vadonat\u00faj k\u00e9perny\u0151 ide\u00e1lis helyettes\u00edti a s\u00e9r\u00fclt vagy elavult laptop kijelz\u0151ket. B\u00edzzon a min\u0151s\u00e9gben \u00e9s a megb\u00edzhat\u00f3s\u00e1gban, hogy \u00fajra \u00e9letre keltse eszk\u00f6z\u00e9t.<\/p>\n<p><strong>F\u0151bb jellemz\u0151k:<\/strong><\/p>\n<ul>\n<li><strong>M\u00e9ret:<\/strong> 14 h\u00fcvelyk<\/li>\n<li><strong>Felbont\u00e1s:<\/strong> Full HD (1920 x 1080)<\/li>\n<li><strong>Panel t\u00edpusa:<\/strong> IPS az \u00e9l\u00e9nk sz\u00ednek\u00e9rt \u00e9s a sz\u00e9les betekint\u00e9si sz\u00f6gek\u00e9rt<\/li>\n<li><strong>Befejez\u00e9s:<\/strong> matt a t\u00fckr\u00f6z\u0151d\u00e9s cs\u00f6kkent\u00e9se \u00e9rdek\u00e9ben<\/li>\n<li><strong>Csatlakoz\u00f3:<\/strong> 30 t\u0171s, az 1. \u00e9rintkez\u0151 jobbr\u00f3l 84 mm-re van a sarokt\u00f3l<\/li>\n<li><strong>\u00c1llapot:<\/strong> vadonat\u00faj<\/li>\n<\/ul>\n","protected":false},"excerpt":{"rendered":"<p>Friss\u00edtse laptopja kijelz\u0151j\u00e9t az N140HCG-GE1 LCD-k\u00e9perny\u0151vel, amely 14 h\u00fcvelykes FHD IPS panellel rendelkezik matt fel\u00fclettel a krist\u00e1lytiszta k\u00e9p\u00e9rt \u00e9s cs\u00f6kkenti a t\u00fckr\u00f6z\u0151d\u00e9st. Ez az \u00faj k\u00e9perny\u0151 egy 30 t\u0171s csatlakoz\u00f3val k\u00e9sz\u00fclt, amely 84 mm-re helyezkedik el a jobb sarokt\u00f3l (az els\u0151 \u00e9rintkez\u0151 a jobb oldalon).<\/p>\n","protected":false},"featured_media":10843,"template":"","meta":[],"product_brand":[],"product_cat":[74,71],"product_tag":[],"class_list":{"0":"post-10834","1":"product","2":"type-product","3":"status-publish","4":"has-post-thumbnail","6":"product_cat-14-new-laptop-screens-lcd-panels","7":"product_cat-new-laptop-screens-lcd-panels","9":"first","10":"instock","11":"taxable","12":"shipping-taxable","13":"purchasable","14":"product-type-simple"},"_links":{"self":[{"href":"https:\/\/boreait.com\/hu\/wp-json\/wp\/v2\/product\/10834","targetHints":{"allow":["GET"]}}],"collection":[{"href":"https:\/\/boreait.com\/hu\/wp-json\/wp\/v2\/product"}],"about":[{"href":"https:\/\/boreait.com\/hu\/wp-json\/wp\/v2\/types\/product"}],"wp:featuredmedia":[{"embeddable":true,"href":"https:\/\/boreait.com\/hu\/wp-json\/wp\/v2\/media\/10843"}],"wp:attachment":[{"href":"https:\/\/boreait.com\/hu\/wp-json\/wp\/v2\/media?parent=10834"}],"wp:term":[{"taxonomy":"product_brand","embeddable":true,"href":"https:\/\/boreait.com\/hu\/wp-json\/wp\/v2\/product_brand?post=10834"},{"taxonomy":"product_cat","embeddable":true,"href":"https:\/\/boreait.com\/hu\/wp-json\/wp\/v2\/product_cat?post=10834"},{"taxonomy":"product_tag","embeddable":true,"href":"https:\/\/boreait.com\/hu\/wp-json\/wp\/v2\/product_tag?post=10834"}],"curies":[{"name":"wp","href":"https:\/\/api.w.org\/{rel}","templated":true}]}}