{"id":10831,"date":"2025-09-17T12:59:51","date_gmt":"2025-09-17T10:59:51","guid":{"rendered":"https:\/\/boreait.com\/hu\/?post_type=product&#038;p=10831"},"modified":"2025-09-17T12:59:57","modified_gmt":"2025-09-17T10:59:57","slug":"hp-victus-16-e0-lcd-kepernyo-161-fhd-matt-30-tus-ips-tft-uj-tarto-nelkul","status":"publish","type":"product","link":"https:\/\/boreait.com\/hu\/termek\/hp-victus-16-e0-lcd-kepernyo-161-fhd-matt-30-tus-ips-tft-uj-tarto-nelkul\/","title":{"rendered":"HP Victus 16-E0 LCD k\u00e9perny\u0151 16,1&#8243; FHD matt 30 t\u0171s IPS TFT &#8211; \u00daj, tart\u00f3 n\u00e9lk\u00fcl"},"content":{"rendered":"<p><strong>T\u00e9nyleges LCD-k\u00e9perny\u0151s modell: N161hma-gak REV. C3 vagy n161hca-ga1 REV C.1 \u2013 TELJESEN KOMPATIBILIS A HP OMEN 16 B1 \/ 16-B1000 \/ 16-B1xxxxx \/ SOROZAT LAPTOP K\u00c9PERNY\u0150J\u00c9VEL<\/p>\n<p><\/strong><\/p>\n<p>A HP Victus 16-E0 sorozat\u00fa laptopokhoz tervezett kiv\u00e1l\u00f3 min\u0151s\u00e9g\u0171 LCD-k\u00e9perny\u0151vel \u00e1ll\u00edtsa vissza laptopja teljes\u00edtm\u00e9ny\u00e9t \u00e9s vizu\u00e1lis tisztas\u00e1g\u00e1t. Ez a 16,1 h\u00fcvelykes Full HD kijelz\u0151 \u00e9l\u00e9nk sz\u00edneket \u00e9s \u00e9les r\u00e9szleteket k\u00edn\u00e1l az IPS technol\u00f3gi\u00e1nak \u00e9s a matt fel\u00fcletnek k\u00f6sz\u00f6nhet\u0151en, amely minim\u00e1lisra cs\u00f6kkenti a t\u00fckr\u00f6z\u0151d\u00e9st, \u00edgy ide\u00e1lis munk\u00e1hoz, sz\u00f3rakoz\u00e1shoz vagy j\u00e1t\u00e9khoz.<\/p>\n<p>Ez a nem \u00e9rint\u0151k\u00e9perny\u0151 vadonat\u00faj, \u00e9s kifejezetten \u00fagy lett kialak\u00edtva, hogy z\u00f6kken\u0151mentesen illeszkedjen a HP Victus laptophoz an\u00e9lk\u00fcl, hogy fels\u0151 \u00e9s als\u00f3 konzolra lenne sz\u00fcks\u00e9ge. A csomag k\u00e9toldalas \u00f6ntapad\u00f3 szalagot tartalmaz a probl\u00e9mamentes telep\u00edt\u00e9s \u00e9rdek\u00e9ben.<\/p>\n<h4>F\u0151bb jellemz\u0151k:<\/h4>\n<ul>\n<li><strong>Kijelz\u0151 m\u00e9rete<\/strong>: 16,1 h\u00fcvelyk<\/li>\n<li><strong>Felbont\u00e1s<\/strong>: Full HD (1920&#215;1080)<\/li>\n<li><strong>Technol\u00f3gia<\/strong>: IPS, TFT<\/li>\n<li><strong>Fel\u00fclet<\/strong>: matt (csillant\u00e1sg\u00e1tl\u00f3)<\/li>\n<li><strong>Csatlakoz\u00f3<\/strong>: 30 t\u0171s eDP<\/li>\n<li><strong>\u00c1llapot<\/strong>: \u00daj<\/li>\n<li><strong>Kompatibilit\u00e1s<\/strong>: kompatibilis a HP Victus 16-E0xxxx sorozathoz, bele\u00e9rtve a 16-E0000AX, 16-E0000NB \u00e9s sok m\u00e1s t\u00edpust is.<\/li>\n<\/ul>\n<p>Ez a k\u00e9perny\u0151 ide\u00e1lisan helyettes\u00edti a s\u00e9r\u00fclt kijelz\u0151ket, \u00e9s biztos\u00edtja a kompatibilit\u00e1st a HP Victus 16-E0 sorozat\u00fa modellek sz\u00e9les v\u00e1laszt\u00e9k\u00e1val. \u00c9lvezze a gyors sz\u00e1ll\u00edt\u00e1st \u00e9s az egyszer\u0171 telep\u00edt\u00e9st, hogy laptopja pillanatok alatt visszat\u00e9rjen a cs\u00facsteljes\u00edtm\u00e9nyhez!<\/p>\n<p>&nbsp;<\/p>\n<p><strong>Egyes kompatibilis laptopok list\u00e1ja:\u00a0\u00a0<\/strong><\/p>\n<p>16-E0000AX, 16-E0000NB, 16-E0000NC, 16-E0000NE, 16-E0000NH, 16-E0000NIA, 16-E0000NJ, 16-E0000NK, 16-E0000NK, 16-E00001,6-E0001 16-E0000NP, 16-E0000NQ, 16-E0000NS, 16-E0000NT, 16-E0000NU, 16-E0000NV, 16-E0000NX, 16-E0000NY, 16-E0000NY, 16-E0000016 16-E0001AX, 16-E0001NC, 16-E0001NE, 16-E0001NF, 16-E0001NH, 16-E0001NI, 16-E0001NIA, 16-E0001NJ, 16-E0001NJ, 16-E01601NK 16-E0001NQ, 16-E0001NS, 16-E0001NT, 16-E0001NU, 16-E0001NV, 16-E0001NX, 16-E0001NY, 16-E0001NZ, 16-E0001NZ, 16-E0,06-E0,01U 16-E0002AX, 16-E0002NC, 16-E0002NE, 16-E0002NH, 16-E0002NIA, 16-E0002NJ, 16-E0002NK, 16-E0002NM, 16-E0002NM, 16-E0002NM, 16-E0002N, 0106 A 16-E0003NC, 16-E0003NE, 16-E0003NH, 16-E0003NIA, 16-E0003NJ, 16-E0003NK, 16-E0003NP, 16-E0003NQ, 16-E0003NQ, 16-E0003. 16-E0003NU, 16-E0003NV, 16-E0003NX, 16-E0003NY, 16-E0003SL, 16-E0003UA, 16-E0003UR, 16-E0004AX, 16-E0004AX, 16-E0004AX, 16-E04064NC 16-E0004NF, 16-E0004NH, 16-E0004NI, 16-E0004NJ, 16-E0004NK, 16-E0004NM, 16-E0004NP, 16-E0004NQ, 16-E0004NQ, 16-E00106 16-E0004NU, 16-E0004NV, 16-E0004NX, 16-E0004SL, 16-E0004UA, 16-E0004UR, 16-E0005AX, 16-E0005NB, 16-E005<\/p>\n","protected":false},"excerpt":{"rendered":"<p>Friss\u00edtse HP Victus 16-E0 sorozat\u00fa laptopj\u00e1t ezzel a vadonat\u00faj 16,1 h\u00fcvelykes LCD-k\u00e9perny\u0151vel. FHD felbont\u00e1ssal, IPS technol\u00f3gi\u00e1val \u00e9s matt fel\u00fclettel rendelkezik, leny\u0171g\u00f6z\u0151 l\u00e1tv\u00e1nyt ny\u00fajt, \u00e9s cs\u00f6kkenti a t\u00fckr\u00f6z\u0151d\u00e9st. K\u00fcl\u00f6nf\u00e9le modellekkel kompatibilis, k\u00e9toldalas ragaszt\u00f3szalaggal rendelkezik az egyszer\u0171 telep\u00edt\u00e9s \u00e9rdek\u00e9ben. T\u00f6k\u00e9letes csere a s\u00e9r\u00fclt k\u00e9perny\u0151k sz\u00e1m\u00e1ra, ez a kijelz\u0151 k\u00e9szen \u00e1ll a laptopok teljes\u00edtm\u00e9ny\u00e9nek helyre\u00e1ll\u00edt\u00e1s\u00e1ra.<\/p>\n","protected":false},"featured_media":10098,"template":"","meta":[],"product_brand":[],"product_cat":[83,71],"product_tag":[25],"class_list":{"0":"post-10831","1":"product","2":"type-product","3":"status-publish","4":"has-post-thumbnail","6":"product_cat-16-1","7":"product_cat-new-laptop-screens-lcd-panels","8":"product_tag-hp","10":"first","11":"instock","12":"taxable","13":"shipping-taxable","14":"purchasable","15":"product-type-simple"},"_links":{"self":[{"href":"https:\/\/boreait.com\/hu\/wp-json\/wp\/v2\/product\/10831","targetHints":{"allow":["GET"]}}],"collection":[{"href":"https:\/\/boreait.com\/hu\/wp-json\/wp\/v2\/product"}],"about":[{"href":"https:\/\/boreait.com\/hu\/wp-json\/wp\/v2\/types\/product"}],"wp:featuredmedia":[{"embeddable":true,"href":"https:\/\/boreait.com\/hu\/wp-json\/wp\/v2\/media\/10098"}],"wp:attachment":[{"href":"https:\/\/boreait.com\/hu\/wp-json\/wp\/v2\/media?parent=10831"}],"wp:term":[{"taxonomy":"product_brand","embeddable":true,"href":"https:\/\/boreait.com\/hu\/wp-json\/wp\/v2\/product_brand?post=10831"},{"taxonomy":"product_cat","embeddable":true,"href":"https:\/\/boreait.com\/hu\/wp-json\/wp\/v2\/product_cat?post=10831"},{"taxonomy":"product_tag","embeddable":true,"href":"https:\/\/boreait.com\/hu\/wp-json\/wp\/v2\/product_tag?post=10831"}],"curies":[{"name":"wp","href":"https:\/\/api.w.org\/{rel}","templated":true}]}}