{"id":10829,"date":"2025-09-17T12:59:50","date_gmt":"2025-09-17T10:59:50","guid":{"rendered":"https:\/\/boreait.com\/hu\/?post_type=product&#038;p=10829"},"modified":"2025-09-17T12:59:56","modified_gmt":"2025-09-17T10:59:56","slug":"hp-omen-16-c0-sorozatu-lcd-kepernyo-161-huvelykes-fhd-144-hz-matt-uj-40-tus-250-nit","status":"publish","type":"product","link":"https:\/\/boreait.com\/hu\/termek\/hp-omen-16-c0-sorozatu-lcd-kepernyo-161-huvelykes-fhd-144-hz-matt-uj-40-tus-250-nit\/","title":{"rendered":"HP OMEN 16-C0 sorozat\u00fa LCD k\u00e9perny\u0151, 16,1 h\u00fcvelykes FHD 144 Hz, matt, \u00faj, 40 t\u0171s, 250 nit"},"content":{"rendered":"<p><strong>T\u00e9nyleges LCD-k\u00e9perny\u0151s modell: N161hma-gak REV. C3 vagy n161hca-ga1 REV C.1 \u2013 TELJESEN KOMPATIBILIS A HP OMEN 16-C0 \/ C000000\/ C0xxxx sorozat laptop k\u00e9perny\u0151j\u00e9vel<\/p>\n<p><\/strong><\/p>\n<p>Friss\u00edtse HP OMEN 16-C0 sorozat\u00fa laptopj\u00e1t ezzel a pr\u00e9mium 16,1&#8243;-es LCD-k\u00e9perny\u0151vel, amely kiv\u00e1l\u00f3 l\u00e1tv\u00e1nyt \u00e9s teljes\u00edtm\u00e9nyt ny\u00fajt. Ez az \u00e9rint\u00e9smentes matt k\u00e9perny\u0151 Full HD (1920&#215;1080) felbont\u00e1st k\u00edn\u00e1l 144 Hz-es friss\u00edt\u00e9si gyakoris\u00e1ggal, sima j\u00e1t\u00e9kmenetet \u00e9s \u00e9l\u00e9nk k\u00e9peket biztos\u00edtva. A 250 nites, egyenletes f\u00e9nyerej\u0171 k\u00f6rnyezetben kiv\u00e1l\u00f3 l\u00e1that\u00f3s\u00e1got biztos\u00edt.<\/p>\n<p>Ez a cserek\u00e9perny\u0151 a HP OMEN 16-C0 modellek sz\u00e9les v\u00e1laszt\u00e9k\u00e1val kompatibilis, bele\u00e9rtve a 16-C0000NB, 16-C0001DX, 16-C0002CA \u00e9s sok m\u00e1s t\u00edpust. A csomag k\u00e9toldalas \u00f6ntapad\u00f3 szalagot tartalmaz, ami gyors \u00e9s egyszer\u0171 felhelyez\u00e9st tesz lehet\u0151v\u00e9. K\u00e9rj\u00fck, vegye figyelembe, hogy ez a k\u00e9perny\u0151 fels\u0151 \u00e9s als\u00f3 konzolok n\u00e9lk\u00fcl \u00e9rkezik, \u00edgy biztos\u00edtva a z\u00f6kken\u0151mentes illeszked\u00e9st.<\/p>\n<p>F\u0151bb jellemz\u0151k:<\/p>\n<ul>\n<li><strong>K\u00e9perny\u0151m\u00e9ret:<\/strong> 16,1 h\u00fcvelyk<\/li>\n<li><strong>Felbont\u00e1s:<\/strong> Full HD 1920&#215;1080<\/li>\n<li><strong>Friss\u00edt\u00e9si gyakoris\u00e1g:<\/strong> 144 Hz<\/li>\n<li><strong>F\u00e9nyer\u0151:<\/strong> 250 Nit<\/li>\n<li><strong>Fel\u00fclet:<\/strong> Matt, nem t\u00fckr\u00f6z\u0151dik<\/li>\n<li><strong>Kapcsolat t\u00edpusa:<\/strong> 40 t\u0171s<\/li>\n<li><strong>\u00c1llapot:<\/strong> vadonat\u00faj<\/li>\n<li><strong>Extr\u00e1k:<\/strong> K\u00e9toldalas \u00f6ntapad\u00f3 szalag mell\u00e9kelve<\/li>\n<\/ul>\n<p>Kompatibilis a k\u00fcl\u00f6nb\u00f6z\u0151 HP OMEN 16-C0 sorozat\u00fa modellekkel, mint p\u00e9ld\u00e1ul: 16-C0000NB, 16-C0000NC, 16-C0001DX, 16-C0002CA \u00e9s m\u00e9g sok m\u00e1s. A kompatibilit\u00e1si r\u00e9szletek\u00e9rt tekintse meg a term\u00e9kle\u00edr\u00e1sokat, vagy forduljon hozz\u00e1nk seg\u00edts\u00e9g\u00e9rt.<\/p>\n<p>&nbsp;<\/p>\n<p><strong>Egyes kompatibilis laptopok list\u00e1ja:\u00a0\u00a0<\/strong><\/p>\n<p>16-S1000CI, 16-S1000NA, 16-S1000NT, 16-S1000NX, 16-S1000NY, 16-S1000SL, 16-S1001CI, 16-S1001NA, 16-S1001NA, 16-S1001NA, 16-010101,01NCS 16-S1001NS, 16-S1001NT, 16-S1001NX, 16-S1002NA, 16-S1002NC, 16-S1002NL, 16-S1002NS, 16-S1002NT, 16-S1002NT, 16-S1006 16-S1003NL, 16-S1003NM, 16-S1003NO, 16-S1003NT, 16-S1003NV, 16-S1003NY, 16-S1004NL, 16-S1004NO, 16-S1004NO, 16-S1003 16-S1005CI, 16-S1005NL, 16-S1005NM, 16-S1005NT, 16-S1006NL, 16-S1006NP, 16-S1007CI, 16-S1007NT, 16-S1007NT, 16-S1007NT, 16-S1007N,9-S1010 16-S1009NT, 16-S1010NT, 16-S1011NM, 16-S1011NO, 16-S1011NT, 16-S1012CI, 16-S1012NM, 16-S1012NP, 16-S1012NP, 16-S10136 16-S1013NT, 16-S1014NB, 16-S1014NM, 16-S1014NO, 16-S1014NT, 16-S1015NB, 16-S1015NO, 16-S1015NT, 16-S1015NT, 16-S1016NM,1016 16-S1017NB, 16-S1017NT, 16-S1018NB, 16-S1018NT, 16-S1019NB, 16-S1019NM, 16-S1019NT, 16-S1020NB, 16-S1020NB, 16-S2121,NBS 16-S1022NB, 16-S1022NM, 16-S1022NT, 16-S1023CI, 16-S1023DX, 16-S1023NB, 16-S1023NT, 16-S1024CI, 16-S1024CI, 16-S1024CI, 16, NBS-10246 &#8211; 16-S1029NT, 16-S1030NB, 16-S1030NT, 16-S1031NB, 16-S1031NT, 16-S1032NB, 16-S1033NB, 16-S1033NT, 16-S1033NT, 16-S107-NGS71, 16-S1778AX, 16-S1084AX, 16-S1118AX, 16-S1085AX, 16-S1035AX, 16-S1557AX, 16-S1034AX,<\/p>\n","protected":false},"excerpt":{"rendered":"<p>Fejlessze HP OMEN 16-C0 laptopj\u00e1t ezzel a 16,1&#8243;-es, 144 Hz-es FHD matt LCD-k\u00e9perny\u0151vel. \u00c9l\u00e9nk l\u00e1tv\u00e1nyt, z\u00f6kken\u0151mentes teljes\u00edtm\u00e9nyt \u00e9s sz\u00e1mos modellel val\u00f3 kompatibilit\u00e1st k\u00edn\u00e1l, t\u00f6k\u00e9letes helyettes\u00edt\u0151je eszk\u00f6z\u00e9nek. K\u00e9toldalas \u00f6ntapad\u00f3 szalag mell\u00e9kelve az egyszer\u0171 telep\u00edt\u00e9shez.<\/p>\n","protected":false},"featured_media":10036,"template":"","meta":[],"product_brand":[],"product_cat":[83,71],"product_tag":[25],"class_list":{"0":"post-10829","1":"product","2":"type-product","3":"status-publish","4":"has-post-thumbnail","6":"product_cat-16-1","7":"product_cat-new-laptop-screens-lcd-panels","8":"product_tag-hp","10":"first","11":"instock","12":"taxable","13":"shipping-taxable","14":"purchasable","15":"product-type-simple"},"_links":{"self":[{"href":"https:\/\/boreait.com\/hu\/wp-json\/wp\/v2\/product\/10829","targetHints":{"allow":["GET"]}}],"collection":[{"href":"https:\/\/boreait.com\/hu\/wp-json\/wp\/v2\/product"}],"about":[{"href":"https:\/\/boreait.com\/hu\/wp-json\/wp\/v2\/types\/product"}],"wp:featuredmedia":[{"embeddable":true,"href":"https:\/\/boreait.com\/hu\/wp-json\/wp\/v2\/media\/10036"}],"wp:attachment":[{"href":"https:\/\/boreait.com\/hu\/wp-json\/wp\/v2\/media?parent=10829"}],"wp:term":[{"taxonomy":"product_brand","embeddable":true,"href":"https:\/\/boreait.com\/hu\/wp-json\/wp\/v2\/product_brand?post=10829"},{"taxonomy":"product_cat","embeddable":true,"href":"https:\/\/boreait.com\/hu\/wp-json\/wp\/v2\/product_cat?post=10829"},{"taxonomy":"product_tag","embeddable":true,"href":"https:\/\/boreait.com\/hu\/wp-json\/wp\/v2\/product_tag?post=10829"}],"curies":[{"name":"wp","href":"https:\/\/api.w.org\/{rel}","templated":true}]}}