{"id":10828,"date":"2025-09-17T12:59:50","date_gmt":"2025-09-17T10:59:50","guid":{"rendered":"https:\/\/boreait.com\/hu\/?post_type=product&#038;p=10828"},"modified":"2025-09-17T12:59:56","modified_gmt":"2025-09-17T10:59:56","slug":"lcd-kepernyo-a-hp-omen-16-b1-sorozathoz-161-huvelykes-fhd-matt-ips-30-tus-uj","status":"publish","type":"product","link":"https:\/\/boreait.com\/hu\/termek\/lcd-kepernyo-a-hp-omen-16-b1-sorozathoz-161-huvelykes-fhd-matt-ips-30-tus-uj\/","title":{"rendered":"LCD k\u00e9perny\u0151 a HP OMEN 16-B1 sorozathoz (16,1 h\u00fcvelykes FHD, matt, IPS, 30 t\u0171s, \u00faj)"},"content":{"rendered":"<p><strong>T\u00e9nyleges LCD-k\u00e9perny\u0151s modell: N161hma-gak REV. C3 vagy n161hca-ga1 REV C.1 \u2013 TELJESEN KOMPATIBILIS A HP OMEN 16 B1 \/ 16-B1000 \/ 16-B1xxxxx \/ SOROZAT LAPTOP K\u00c9PERNY\u0150J\u00c9VEL<\/p>\n<p><\/strong><\/p>\n<p>Friss\u00edtse HP OMEN 16-B1 sorozat\u00fa laptopj\u00e1t ezzel a pr\u00e9mium 16,1 h\u00fcvelykes LCD-k\u00e9perny\u0151vel. A 16-B1000TX, 16-B1350TX \u00e9s a teljes 16-B1xxx sorozathoz tervezett kijelz\u0151 kiv\u00e9teles tisztas\u00e1got \u00e9s tart\u00f3ss\u00e1got biztos\u00edt. Full HD felbont\u00e1ssal, \u00e9les IPS\/TFT technol\u00f3gi\u00e1val, \u00e9les technol\u00f3gi\u00e1val, matt sz\u00ednekkel \u00e9s matt sz\u00ednekkel. vak\u00edt\u00f3 f\u00e9ny az optim\u00e1lis l\u00e1t\u00e1s \u00e9rdek\u00e9ben.<\/p>\n<p>Ez a k\u00e9perny\u0151 \u00e9rint\u00e9smentes, eDP-kompatibilis, \u00e9s 30 t\u0171s csatlakoz\u00f3val rendelkezik a z\u00f6kken\u0151mentes integr\u00e1ci\u00f3 \u00e9rdek\u00e9ben. A probl\u00e9mamentes telep\u00edt\u00e9s \u00e9rdek\u00e9ben k\u00e9toldalas \u00f6ntapad\u00f3 szalagot mell\u00e9kel\u00fcnk. Ak\u00e1r egy s\u00e9r\u00fclt k\u00e9perny\u0151t cser\u00e9l, ak\u00e1r laptopj\u00e1t friss\u00edti, ez a vadonat\u00faj k\u00e9perny\u0151 megb\u00edzhat\u00f3 teljes\u00edtm\u00e9nyt \u00e9s min\u0151s\u00e9get k\u00edn\u00e1l.<\/p>\n<p><strong>Jellemz\u0151k:<\/strong><\/p>\n<ul>\n<li><strong>M\u00e9ret:<\/strong> 16,1 h\u00fcvelyk<\/li>\n<li><strong>Felbont\u00e1s:<\/strong> Full HD (1920&#215;1080)<\/li>\n<li><strong>Befejez\u00e9s:<\/strong> Matt<\/li>\n<li><strong>Technol\u00f3gia:<\/strong> IPS\/TFT<\/li>\n<li><strong>Csatlakoz\u00f3:<\/strong> 30 t\u0171s eDP<\/li>\n<li><strong>\u00c1llapot:<\/strong> vadonat\u00faj<\/li>\n<li><strong>Kompatibilit\u00e1s:<\/strong> HP OMEN 16-B1 sorozat (pl. 16-B1000TX, 16-B1350TX \u00e9s m\u00e1sok)<\/li>\n<li><strong>Telep\u00edt\u00e9s:<\/strong> K\u00e9toldalas ragaszt\u00f3szalagot tartalmaz az egyszer\u0171 be\u00e1ll\u00edt\u00e1s \u00e9rdek\u00e9ben<\/li>\n<\/ul>\n<p>A megb\u00edzhat\u00f3 \u00e9s tart\u00f3s cserek\u00e9perny\u0151vel \u00e1ll\u00edtsa vissza laptopja kijelz\u0151j\u00e9nek teljes\u00edtm\u00e9ny\u00e9t. T\u00f6k\u00e9letes j\u00e1t\u00e9khoz, munk\u00e1hoz vagy mindennapi haszn\u00e1latra.<\/p>\n<p>&nbsp;<\/p>\n<p>&nbsp;<\/p>\n<p><strong>Egyes kompatibilis laptopok list\u00e1ja:\u00a0\u00a0<\/strong><\/p>\n<p>16-B1000TX, 16-B1001NA, 16-B1001TX, 16-B1002TX, 16-B1003TX, 16-B1004TX, 16-B1005TX, 16-B1006TX, 16-B1006TX, 16-B10TX, 16-B10607B 16-B1009TX, 16-B1010TX, 16-B1011TX, 16-B1012TX, 16-B1013TX, 16-B1014TX, 16-B1015TX, 16-B1016TX, 16-B1016TX, 16-B1016TX, 16-B167-01 16-B1019TX, 16-B1020TX, 16-B1021TX, 16-B1022TX, 16-B1023TX, 16-B1024TX, 16-B1025TX, 16-B1026TX, 16-B1026TX, 16-B103-TX,0B 16-B1032TX, 16-B1033TX, 16-B1075NG, 16-B1077NG, 16-B1090NG, 16-B1350TX, 16-B1351TX, 16-B1360TX, 16-B1360TX, 16-B1161, TX 16-B1371TX, 16-B1778NG, 16-B1XXX<\/p>\n","protected":false},"excerpt":{"rendered":"<p>Cser\u00e9lje le HP OMEN 16-B1 sorozat\u00fa laptopja k\u00e9perny\u0151j\u00e9t erre a kiv\u00e1l\u00f3 min\u0151s\u00e9g\u0171, 16,1 h\u00fcvelykes Full HD matt kijelz\u0151re. IPS \u00e9s TFT technol\u00f3gi\u00e1val az \u00e9l\u00e9nk l\u00e1tv\u00e1ny \u00e9rdek\u00e9ben, 30 t\u0171s eDP-kompatibilit\u00e1s \u00e9s egyszer\u0171 telep\u00edt\u00e9s a mell\u00e9kelt k\u00e9toldalas ragaszt\u00f3szalaggal. T\u00f6k\u00e9letes az olyan modellekhez, mint a 16-B1000TX \u00e9s a 16.B1350-TX \u00e9s 16.B1350 Durable.<\/p>\n","protected":false},"featured_media":10098,"template":"","meta":[],"product_brand":[],"product_cat":[83,71],"product_tag":[25],"class_list":{"0":"post-10828","1":"product","2":"type-product","3":"status-publish","4":"has-post-thumbnail","6":"product_cat-16-1","7":"product_cat-new-laptop-screens-lcd-panels","8":"product_tag-hp","10":"first","11":"instock","12":"taxable","13":"shipping-taxable","14":"purchasable","15":"product-type-simple"},"_links":{"self":[{"href":"https:\/\/boreait.com\/hu\/wp-json\/wp\/v2\/product\/10828","targetHints":{"allow":["GET"]}}],"collection":[{"href":"https:\/\/boreait.com\/hu\/wp-json\/wp\/v2\/product"}],"about":[{"href":"https:\/\/boreait.com\/hu\/wp-json\/wp\/v2\/types\/product"}],"wp:featuredmedia":[{"embeddable":true,"href":"https:\/\/boreait.com\/hu\/wp-json\/wp\/v2\/media\/10098"}],"wp:attachment":[{"href":"https:\/\/boreait.com\/hu\/wp-json\/wp\/v2\/media?parent=10828"}],"wp:term":[{"taxonomy":"product_brand","embeddable":true,"href":"https:\/\/boreait.com\/hu\/wp-json\/wp\/v2\/product_brand?post=10828"},{"taxonomy":"product_cat","embeddable":true,"href":"https:\/\/boreait.com\/hu\/wp-json\/wp\/v2\/product_cat?post=10828"},{"taxonomy":"product_tag","embeddable":true,"href":"https:\/\/boreait.com\/hu\/wp-json\/wp\/v2\/product_tag?post=10828"}],"curies":[{"name":"wp","href":"https:\/\/api.w.org\/{rel}","templated":true}]}}