{"id":10826,"date":"2025-09-17T12:59:50","date_gmt":"2025-09-17T10:59:50","guid":{"rendered":"https:\/\/boreait.com\/hu\/?post_type=product&#038;p=10826"},"modified":"2025-09-17T12:59:56","modified_gmt":"2025-09-17T10:59:56","slug":"14-fhd-lcd-kepernyo-lenovo-e470-l460-l470-t470s-t470p-matt-30-tus-uj","status":"publish","type":"product","link":"https:\/\/boreait.com\/hu\/termek\/14-fhd-lcd-kepernyo-lenovo-e470-l460-l470-t470s-t470p-matt-30-tus-uj\/","title":{"rendered":"14&#8243; FHD LCD k\u00e9perny\u0151 Lenovo E470 L460 L470 T470S T470P matt 30 t\u0171s \u00faj"},"content":{"rendered":"<p><strong>T\u00e9nyleges k\u00e9perny\u0151s modell: LP140WF8-SPFA \/ B140HAN01.1\/ B140HAN04.0\/ NV140FHM-N46 konzolokkal \u2013 Teljesen kompatibilis a Lenovo Thinkpad E470, L460, L470, T470S, T470S, T470S, T470S laptopokkal<\/p>\n<p>Friss\u00edtse laptopja kijelz\u0151j\u00e9t ezzel a kiv\u00e1l\u00f3 min\u0151s\u00e9g\u0171 <strong>14 h\u00fcvelykes LCD-k\u00e9perny\u0151vel<\/strong> a Lenovo ThinkPad <strong>E470, L460, L470, T470S \u00e9s T470P (cikksz\u00e1m: 0C0039)<\/strong> modellekhez. A hib\u00e1tlan illeszked\u00e9sre \u00e9s kompatibilit\u00e1sra tervezett <strong>nem \u00e9rint\u0151k\u00e9perny\u0151<\/strong> karcs\u00fa <strong>FHD felbont\u00e1ssal<\/strong> (1920&#215;1080) \u00e9s <strong>matt fel\u00fclettel<\/strong> rendelkezik a t\u00fckr\u00f6z\u0151d\u00e9s cs\u00f6kkent\u00e9se \u00e9s a l\u00e1that\u00f3s\u00e1g jav\u00edt\u00e1sa \u00e9rdek\u00e9ben. Az egyszer\u0171 telep\u00edt\u00e9s \u00e9rdek\u00e9ben <strong>fels\u0151 \u00e9s als\u00f3 konzolokkal<\/strong> \u00e9s <strong>30 t\u0171s csatlakoz\u00f3val<\/strong> felszerelve ide\u00e1lis csere a s\u00e9r\u00fclt vagy rosszul m\u0171k\u00f6d\u0151 kijelz\u0151h\u00f6z.<\/p>\n<p>F\u0151bb jellemz\u0151k:<\/p>\n<ul>\n<li><strong>Kompatibilis modellek<\/strong>: Lenovo ThinkPad E470, L460, L470, T470S, T470P<\/li>\n<li><strong>M\u00e9ret<\/strong>: 14 h\u00fcvelyk<\/li>\n<li><strong>Csatlakoz\u00f3<\/strong>: 30 t\u0171s<\/li>\n<li><strong>Felbont\u00e1s<\/strong>: Full HD (1920&#215;1080)<\/li>\n<li><strong>Fel\u00fclet<\/strong>: matt, t\u00fckr\u00f6z\u0151d\u00e9smentes<\/li>\n<li><strong>\u00c1llapot<\/strong>: vadonat\u00faj<\/li>\n<li><strong>Konzol t\u00edpusa<\/strong>: Fels\u0151 \u00e9s als\u00f3 r\u00f6gz\u00edt\u00e9s<\/li>\n<\/ul>\n<p>Ak\u00e1r profi, aki kiv\u00e1l\u00f3 min\u0151s\u00e9g\u0171 l\u00e1tv\u00e1nyt keres, vagy egyszer\u0171en csak megb\u00edzhat\u00f3 k\u00e9perny\u0151cser\u00e9re van sz\u00fcks\u00e9ge, ez az LCD-panel kiv\u00e9teles teljes\u00edtm\u00e9nyt \u00e9s tart\u00f3ss\u00e1got biztos\u00edt. \u00c9lvezze az ingyenes sz\u00e1ll\u00edt\u00e1st \u00e9s a gyors kisz\u00e1ll\u00edt\u00e1st szlov\u00e9n rakt\u00e1runkb\u00f3l!<\/p>\n<p>&nbsp;<\/p>\n","protected":false},"excerpt":{"rendered":"<p>14 h\u00fcvelykes FHD (1920&#215;1080) LCD k\u00e9perny\u0151 Lenovo ThinkPad E470, L460, L470, T470S, T470P k\u00e9sz\u00fcl\u00e9kekhez. Matt fel\u00fclet\u0171, 30 t\u0171s, \u00faj \u00e1llapot\u00fa, fels\u0151 \u00e9s amp; als\u00f3 konzolok az egyszer\u0171 telep\u00edt\u00e9s \u00e9rdek\u00e9ben.<\/p>\n","protected":false},"featured_media":9654,"template":"","meta":[],"product_brand":[],"product_cat":[74,71],"product_tag":[26],"class_list":{"0":"post-10826","1":"product","2":"type-product","3":"status-publish","4":"has-post-thumbnail","6":"product_cat-14-new-laptop-screens-lcd-panels","7":"product_cat-new-laptop-screens-lcd-panels","8":"product_tag-lenovo","10":"first","11":"instock","12":"taxable","13":"shipping-taxable","14":"purchasable","15":"product-type-simple"},"_links":{"self":[{"href":"https:\/\/boreait.com\/hu\/wp-json\/wp\/v2\/product\/10826","targetHints":{"allow":["GET"]}}],"collection":[{"href":"https:\/\/boreait.com\/hu\/wp-json\/wp\/v2\/product"}],"about":[{"href":"https:\/\/boreait.com\/hu\/wp-json\/wp\/v2\/types\/product"}],"wp:featuredmedia":[{"embeddable":true,"href":"https:\/\/boreait.com\/hu\/wp-json\/wp\/v2\/media\/9654"}],"wp:attachment":[{"href":"https:\/\/boreait.com\/hu\/wp-json\/wp\/v2\/media?parent=10826"}],"wp:term":[{"taxonomy":"product_brand","embeddable":true,"href":"https:\/\/boreait.com\/hu\/wp-json\/wp\/v2\/product_brand?post=10826"},{"taxonomy":"product_cat","embeddable":true,"href":"https:\/\/boreait.com\/hu\/wp-json\/wp\/v2\/product_cat?post=10826"},{"taxonomy":"product_tag","embeddable":true,"href":"https:\/\/boreait.com\/hu\/wp-json\/wp\/v2\/product_tag?post=10826"}],"curies":[{"name":"wp","href":"https:\/\/api.w.org\/{rel}","templated":true}]}}