{"id":10824,"date":"2025-09-17T12:59:50","date_gmt":"2025-09-17T10:59:50","guid":{"rendered":"https:\/\/boreait.com\/hu\/?post_type=product&#038;p=10824"},"modified":"2025-10-15T14:12:45","modified_gmt":"2025-10-15T12:12:45","slug":"lenovo-thinkpad-p15s-p15v-t15p-gen-1-lcd-kepernyo-156-fhd-matt-ips-uj","status":"publish","type":"product","link":"https:\/\/boreait.com\/hu\/termek\/lenovo-thinkpad-p15s-p15v-t15p-gen-1-lcd-kepernyo-156-fhd-matt-ips-uj\/","title":{"rendered":"Lenovo ThinkPad P15s P15v T15p Gen 1 LCD k\u00e9perny\u0151 15,6&#8243; FHD Matt IPS \u00daj"},"content":{"rendered":"<p><strong>T\u00e9nyleges LCD-k\u00e9perny\u0151s modell: B156ZAN03.6 vagy N156HCA-EAB Rev C.4 \u2013 teljesen kompatibilis a Lenovo ThinkBook 15-IIL laptoppal<\/p>\n<p><\/strong><\/p>\n<p>Friss\u00edtse vagy cser\u00e9lje ki Lenovo ThinkPad P15s, P15v vagy T15p Gen 1 (nem \u00e9rint\u0151k\u00e9perny\u0151s) laptop k\u00e9perny\u0151j\u00e9t ezzel a kiv\u00e1l\u00f3 min\u0151s\u00e9g\u0171 <strong>15,6&#8243; matt LCD k\u00e9perny\u0151vel<\/strong>. A kiv\u00e1l\u00f3 teljes\u00edtm\u00e9nyre \u00e9s kompatibilit\u00e1sra tervezett k\u00e9perny\u0151 <strong>FHD (1920&#215;1080) technol\u00f3gi\u00e1val \u00e9s \u00e9l\u00e9nk sz\u00ednek<\/strong><\/strong> felbont\u00e1ssal rendelkezik. sz\u00f6gek \u00e9s <strong>eDP 30 t\u0171s csatlakoz\u00f3<\/strong> a z\u00f6kken\u0151mentes integr\u00e1ci\u00f3 \u00e9rdek\u00e9ben.<\/p>\n<p>A szakemberek \u00e9s a di\u00e1kok sz\u00e1m\u00e1ra ide\u00e1lis k\u00e9perny\u0151 t\u00fckr\u00f6z\u0151d\u00e9smentes matt fel\u00fcletet k\u00edn\u00e1l, cs\u00f6kkenti a t\u00fckr\u00f6z\u0151d\u00e9st \u00e9s jav\u00edtja a l\u00e1that\u00f3s\u00e1got vil\u00e1gos k\u00f6rnyezetben. K\u00e9rj\u00fck, vegye figyelembe, hogy ez a term\u00e9k <strong>fels\u0151 \u00e9s als\u00f3 konzolok n\u00e9lk\u00fcl<\/strong> kaphat\u00f3, \u00edgy alkalmas ragaszt\u00f3s szerel\u00e9sre. <strong>A csomagban k\u00e9toldalas ragaszt\u00f3cs\u00edkok tal\u00e1lhat\u00f3k<\/strong> a probl\u00e9mamentes be\u00e1ll\u00edt\u00e1s \u00e9rdek\u00e9ben.<\/p>\n<p>Ez a cserek\u00e9perny\u0151 vadonat\u00faj, optim\u00e1lis megjelen\u00edt\u00e9si min\u0151s\u00e9get \u00e9s tart\u00f3ss\u00e1got biztos\u00edt. \u00c1ll\u00edtsa vissza laptopja vizu\u00e1lis tisztas\u00e1g\u00e1t, \u00e9s \u00e9lvezze a leny\u0171g\u00f6z\u0151 grafik\u00e1t ezzel a megb\u00edzhat\u00f3 cserek\u00e9perny\u0151vel.<\/p>\n<p>&nbsp;<\/p>\n","protected":false},"excerpt":{"rendered":"<p>Cser\u00e9lje le Lenovo ThinkPad P15s, P15v vagy T15p Gen 1 (nem \u00e9rint\u0151k\u00e9perny\u0151s) laptopja k\u00e9perny\u0151j\u00e9t erre a vadonat\u00faj <strong>15,6&#8243; matt LCD-k\u00e9perny\u0151re<\/strong>, amely FHD felbont\u00e1ssal, IPS technol\u00f3gi\u00e1val \u00e9s 30 t\u0171s eDP csatlakoz\u00f3val rendelkezik. \u00d6ntapad\u00f3 cs\u00edkokkal az egyszer\u0171 telep\u00edt\u00e9s \u00e9rdek\u00e9ben.<\/p>\n","protected":false},"featured_media":9615,"template":"","meta":[],"product_brand":[],"product_cat":[81,71],"product_tag":[26],"class_list":{"0":"post-10824","1":"product","2":"type-product","3":"status-publish","4":"has-post-thumbnail","6":"product_cat-15-6-new-laptop-screens-lcd-panels","7":"product_cat-new-laptop-screens-lcd-panels","8":"product_tag-lenovo","10":"first","11":"instock","12":"taxable","13":"shipping-taxable","14":"purchasable","15":"product-type-simple"},"_links":{"self":[{"href":"https:\/\/boreait.com\/hu\/wp-json\/wp\/v2\/product\/10824","targetHints":{"allow":["GET"]}}],"collection":[{"href":"https:\/\/boreait.com\/hu\/wp-json\/wp\/v2\/product"}],"about":[{"href":"https:\/\/boreait.com\/hu\/wp-json\/wp\/v2\/types\/product"}],"wp:featuredmedia":[{"embeddable":true,"href":"https:\/\/boreait.com\/hu\/wp-json\/wp\/v2\/media\/9615"}],"wp:attachment":[{"href":"https:\/\/boreait.com\/hu\/wp-json\/wp\/v2\/media?parent=10824"}],"wp:term":[{"taxonomy":"product_brand","embeddable":true,"href":"https:\/\/boreait.com\/hu\/wp-json\/wp\/v2\/product_brand?post=10824"},{"taxonomy":"product_cat","embeddable":true,"href":"https:\/\/boreait.com\/hu\/wp-json\/wp\/v2\/product_cat?post=10824"},{"taxonomy":"product_tag","embeddable":true,"href":"https:\/\/boreait.com\/hu\/wp-json\/wp\/v2\/product_tag?post=10824"}],"curies":[{"name":"wp","href":"https:\/\/api.w.org\/{rel}","templated":true}]}}