{"id":10822,"date":"2025-09-17T12:59:50","date_gmt":"2025-09-17T10:59:50","guid":{"rendered":"https:\/\/boreait.com\/hu\/?post_type=product&#038;p=10822"},"modified":"2025-09-17T12:59:55","modified_gmt":"2025-09-17T10:59:55","slug":"161-lcd-kepernyo-lenovo-thinkbook-16-g6-ips-matt-fhd-30-tus-uj","status":"publish","type":"product","link":"https:\/\/boreait.com\/hu\/termek\/161-lcd-kepernyo-lenovo-thinkbook-16-g6-ips-matt-fhd-30-tus-uj\/","title":{"rendered":"16,1&#8243; LCD k\u00e9perny\u0151 Lenovo ThinkBook 16 G6 IPS matt FHD 30 t\u0171s \u00faj"},"content":{"rendered":"<p><strong>T\u00e9nyleges LCD-k\u00e9perny\u0151s modell: N161HCA-EA3 Rev. c2 \u2013 TELJESEN KOMPATIBILIS A LAPTOP K\u00c9PERNY\u0150J\u00c9VEL A Lenovo ThinkBook 16 G6-hoz<\/p>\n<p><\/strong><\/p>\n<p>\u00dajra\u00e9leszti Lenovo ThinkBook 16 G6-j\u00e1t ezzel a kiv\u00e1l\u00f3 min\u0151s\u00e9g\u0171 16,1 h\u00fcvelykes LCD-k\u00e9perny\u0151vel, amelyet \u00e9rint\u00e9s n\u00e9lk\u00fcli konfigur\u00e1ci\u00f3khoz terveztek. Az \u00e9l\u00e9nk sz\u00edneket \u00e9s sz\u00e9les betekint\u00e9si sz\u00f6geket biztos\u00edt\u00f3 IPS-panellel, a t\u00fckr\u00f6z\u0151d\u00e9st cs\u00f6kkent\u0151 matt fel\u00fclettel \u00e9s az \u00e9les \u00e9s tiszta l\u00e1tv\u00e1nyt ny\u00fajt\u00f3 FHD-felbont\u00e1ssal ez a k\u00e9perny\u0151 kiv\u00e9teles megtekint\u00e9si \u00e9lm\u00e9nyt ny\u00fajt.<\/p>\n<p>A k\u00e9perny\u0151 t\u00e1mogatja a 30 t\u0171s EDP-kapcsolatot, amely biztos\u00edtja a kompatibilit\u00e1st az eszk\u00f6zzel. K\u00f6nny\u0171 kialak\u00edt\u00e1sa kik\u00fcsz\u00f6b\u00f6li a fels\u0151 \u00e9s als\u00f3 konzolokat, \u00edgy a mell\u00e9kelt k\u00e9toldalas \u00f6ntapad\u00f3 szalag seg\u00edts\u00e9g\u00e9vel egyszer\u0171 a telep\u00edt\u00e9s.<\/p>\n<p>Ez az LCD-k\u00e9perny\u0151 a Lenovo ThinkBook 16 G6 modellek sz\u00e9les v\u00e1laszt\u00e9k\u00e1val kompatibilis, bele\u00e9rtve a 21KH SERIES, 21KH0003MJ, 21KH0004GM \u00e9s sok m\u00e1s modellt. Ak\u00e1r egy s\u00e9r\u00fclt kijelz\u0151t cser\u00e9l, ak\u00e1r laptopj\u00e1t friss\u00edti, ez a k\u00e9perny\u0151 a t\u00f6k\u00e9letes megold\u00e1s.<\/p>\n<p><strong>F\u0151bb jellemz\u0151k:<\/strong><\/p>\n<ul>\n<li><strong>K\u00e9perny\u0151m\u00e9ret:<\/strong> 16,1&#8243;<\/li>\n<li><strong>Felbont\u00e1s:<\/strong> FHD (1920&#215;1080)<\/li>\n<li><strong>Panel t\u00edpusa:<\/strong> IPS, TFT<\/li>\n<li><strong>Fel\u00fclet:<\/strong> Matt (csillant\u00e1sg\u00e1tl\u00f3)<\/li>\n<li><strong>Csatlakoz\u00f3:<\/strong> EDP, 30 t\u0171s<\/li>\n<li><strong>\u00c1llapot:<\/strong> vadonat\u00faj<\/li>\n<li><strong>Tartalma:<\/strong> K\u00e9toldalas \u00f6ntapad\u00f3 szalag<\/li>\n<\/ul>\n<p>Gyors sz\u00e1ll\u00edt\u00e1s \u00e9s kiv\u00e1l\u00f3 \u00fcgyf\u00e9lszolg\u00e1lat, hogy a csere folyamata probl\u00e9mamentes legyen. Friss\u00edtse laptopja kijelz\u0151j\u00e9t m\u00e9g ma, \u00e9s \u00e9lvezze a cs\u00facsmin\u0151s\u00e9g\u0171 l\u00e1tv\u00e1nyvil\u00e1got!<\/p>\n<p><strong>\u00cdme n\u00e9h\u00e1ny kompatibilis modell lista:<\/strong> 21KH SERIES, 21KH0003MJ, 21KH0004GM, 21KH0004IV, 21KH0004IW, 21KH0004IX, 21KH0004IX, 21KH0,044, 21KH0,0 21KH0004MB, 21KH0004MH, 1KH0004ML, 21KH0004MX, 21KH0004PB, 21KH0004PE, 21KH0004PG, 21KH0004RA, 21KH0004RA, 21KH0004RL,04RMH0,0 21KH0004RU, 21KH0004SA, 1KH0004SC, 21KH0004SP, 21KH000AUS, 21KH000BCA, 21KH000DEP, 21KH000EUS, 21KH0001FUS,0,0 21KH000JEP, 21KH000KUS, 1KH000LAD, 21KH000LAK, 21KH000LAX, 21KH000LBM, 21KH000LCK, 21KH000LDS, 21KH000LDH, 21KH001LDH0 21KH000LFE, 21KH000LFG, 1KH000LFR, 21KH000LGE, 21KH000LGM, 21KH000LIU, 21KH000LIW, 21KH000LMB, 21KH000LMB, 21KH000LMB, 21KH000LMB, 01KH000MX 21KH000LMZ, 21KH000LPB, 1KH000LPE, 21KH000LRM, 21KH000LSP, 21KH000LTR, 21KH000LUA, 21KH000LUE, 21KH000LUE, 21KH001AKH0,0,0 21KH000MAD, 21KH000MAX, 1KH000MRU, 21KH000MSC, 21KH000MUE, 21KH000MYA, 21KH000NAD, 21KH000NAT, 21KH000NAX0,0 21KH000NCK, 21KH000NCY, 1KH000NDS, 21KH000NDT, 21KH000NED, 21KH000NFE, 21KH000NFG, 21KH000NFR, 21KH000KH0, 21KH001NDT 21KH000NHV, 21KH000NIU, 1KH000NIV, 21KH000NIW, 21KH000PUK, 21KH000TDS, 21KH000TED, 21KH000TFE, 21KH0001TGE,0 21KH000TIW, 21KH000TIX, 1KH000TLT, 21KH000TMH, 21KH000TPB, 21KH000TPE, 21KH000TSA, 21KH000TSC, 21KH001TRK0,0 21KH000TUA, 21KH000TUK<\/p>\n<p>&nbsp;<\/p>\n","protected":false},"excerpt":{"rendered":"<p>Friss\u00edtse Lenovo ThinkBook 16 G6-j\u00e1t ezzel a pr\u00e9mium 16,1 h\u00fcvelykes LCD-k\u00e9perny\u0151vel. FHD felbont\u00e1s\u00fa, IPS-panellel, matt fel\u00fclettel \u00e9s 30 t\u0171s EDP-csatlakoz\u00e1ssal t\u00f6k\u00e9letes a z\u00f6kken\u0151mentes kijelz\u0151cser\u00e9hez. K\u00e9toldalas \u00f6ntapad\u00f3 szalagot tartalmaz az egyszer\u0171 telep\u00edt\u00e9s \u00e9rdek\u00e9ben. T\u00f6bb modellel is kompatibilis.<\/p>\n","protected":false},"featured_media":10098,"template":"","meta":[],"product_brand":[],"product_cat":[83,71],"product_tag":[26],"class_list":{"0":"post-10822","1":"product","2":"type-product","3":"status-publish","4":"has-post-thumbnail","6":"product_cat-16-1","7":"product_cat-new-laptop-screens-lcd-panels","8":"product_tag-lenovo","10":"first","11":"instock","12":"taxable","13":"shipping-taxable","14":"purchasable","15":"product-type-simple"},"_links":{"self":[{"href":"https:\/\/boreait.com\/hu\/wp-json\/wp\/v2\/product\/10822","targetHints":{"allow":["GET"]}}],"collection":[{"href":"https:\/\/boreait.com\/hu\/wp-json\/wp\/v2\/product"}],"about":[{"href":"https:\/\/boreait.com\/hu\/wp-json\/wp\/v2\/types\/product"}],"wp:featuredmedia":[{"embeddable":true,"href":"https:\/\/boreait.com\/hu\/wp-json\/wp\/v2\/media\/10098"}],"wp:attachment":[{"href":"https:\/\/boreait.com\/hu\/wp-json\/wp\/v2\/media?parent=10822"}],"wp:term":[{"taxonomy":"product_brand","embeddable":true,"href":"https:\/\/boreait.com\/hu\/wp-json\/wp\/v2\/product_brand?post=10822"},{"taxonomy":"product_cat","embeddable":true,"href":"https:\/\/boreait.com\/hu\/wp-json\/wp\/v2\/product_cat?post=10822"},{"taxonomy":"product_tag","embeddable":true,"href":"https:\/\/boreait.com\/hu\/wp-json\/wp\/v2\/product_tag?post=10822"}],"curies":[{"name":"wp","href":"https:\/\/api.w.org\/{rel}","templated":true}]}}