{"id":10818,"date":"2025-09-17T12:59:49","date_gmt":"2025-09-17T10:59:49","guid":{"rendered":"https:\/\/boreait.com\/hu\/?post_type=product&#038;p=10818"},"modified":"2025-10-15T14:12:45","modified_gmt":"2025-10-15T12:12:45","slug":"hp-zbook-15-g5-g6-lcd-kepernyo-156-fhd-ips-matt-30-tus-uj-ragasztoval","status":"publish","type":"product","link":"https:\/\/boreait.com\/hu\/termek\/hp-zbook-15-g5-g6-lcd-kepernyo-156-fhd-ips-matt-30-tus-uj-ragasztoval\/","title":{"rendered":"HP ZBook 15 G5 G6 LCD k\u00e9perny\u0151 15,6&#8243; FHD IPS matt, 30 t\u0171s, \u00faj, ragaszt\u00f3val"},"content":{"rendered":"<p><strong>T\u00e9nyleges LCD-k\u00e9perny\u0151s modell: B156ZAN03.6 vagy N156HCA-EAB Rev C.4 \u2013 teljes m\u00e9rt\u00e9kben kompatibilis a HP ZBook 15 G5 \/ G6 laptoppal (nem \u00e9rint\u00e9s!)<\/p>\n<p><\/strong><\/p>\n<p>N\u00f6velje HP ZBook 15 G5 \u00e9s G6 kijelz\u0151j\u00e9nek teljes\u00edtm\u00e9ny\u00e9t ezzel a pr\u00e9mium 15,6 h\u00fcvelykes matt LCD-k\u00e9perny\u0151vel (\u00e9rint\u00e9smentes). A kiv\u00e9teles tisztas\u00e1gra \u00e9s \u00e9l\u00e9nk sz\u00ednekre tervezett IPS panel Full HD (1920&#215;1080) felbont\u00e1st biztos\u00edt, optim\u00e1lis megtekint\u00e9si \u00e9lm\u00e9nyt biztos\u00edtva. A 30 t\u0171s eDP-csatlakoz\u00f3 cs\u00f6kkenti a matt kompatibilit\u00e1st, cs\u00f6kkenti \u00e9s egyenletesebb\u00e9 teszi a matt kompatibilit\u00e1st. f\u00e9nyviszonyok.<\/p>\n<p>Ezt a k\u00e9perny\u0151t kifejezetten a fels\u0151 \u00e9s als\u00f3 konzol n\u00e9lk\u00fcli modellekhez szabt\u00e1k, \u00e9s k\u00e9toldalas ragaszt\u00f3cs\u00edkokat tartalmaz az egyszer\u0171 \u00e9s biztons\u00e1gos telep\u00edt\u00e9s \u00e9rdek\u00e9ben. Ide\u00e1lis a s\u00e9r\u00fclt vagy hib\u00e1s k\u00e9perny\u0151k cser\u00e9j\u00e9hez, ez az \u00faj LCD megb\u00edzhat\u00f3 megold\u00e1s laptopja \u00e9letre kelt\u00e9s\u00e9re.<\/p>\n<p><strong>F\u0151bb jellemz\u0151k:<\/strong><\/p>\n<ul>\n<li>Kompatibilis modell: HP ZBook 15 G5 \u00e9s ZBook G6 (nem \u00e9rint\u0151k\u00e9perny\u0151s)<\/li>\n<li>K\u00e9perny\u0151m\u00e9ret: 15,6 h\u00fcvelyk<\/li>\n<li>Felbont\u00e1s: Full HD (1920&#215;1080)<\/li>\n<li>Panel t\u00edpusa: IPS<\/li>\n<li>Kifejez\u00e9s: matt (csillant\u00e1sg\u00e1tl\u00f3)<\/li>\n<li>Csatlakoz\u00f3: eDP, 30 t\u0171s<\/li>\n<li>\u00c1llapot: \u00daj<\/li>\n<li>Telep\u00edt\u00e9s: k\u00e9toldalas ragaszt\u00f3cs\u00edkok mell\u00e9kelve<\/li>\n<\/ul>\n<p>A tart\u00f3s \u00e9s nagy teljes\u00edtm\u00e9ny\u0171 cserek\u00e9perny\u0151vel \u00e1ll\u00edtsa vissza laptopja megjelen\u00edt\u00e9si min\u0151s\u00e9g\u00e9t. T\u00f6k\u00e9letes profiknak \u00e9s tech-rajong\u00f3knak egyar\u00e1nt!<\/p>\n<p>&nbsp;<\/p>\n","protected":false},"excerpt":{"rendered":"<div class=\"flex max-w-full flex-col flex-grow\">\n<div class=\"min-h-8 text-message flex w-full flex-col items-end gap-2 whitespace-normal break-words [.text-message+&amp;]:mt-5\" dir=\"auto\" data-message-author-role=\"assistant\" data-message-id=\"643e7024-2c48-4fd0-8ce1-7db539127bf6\" data-client-thread-id=\"WEB:0938c45f-8fb2-4fcd-987c-cdd10acde468\"\">model-4ssaolug&#8221;>model-4ssalugeg&#8221;<\/p>\n<div class=\"flex w-full flex-col gap-1 empty:hidden first:pt-[3px]\">\n<div class=\"markdown prose w-full break-words dark:prose-invert light\">\n<p>Friss\u00edtse HP ZBook 15 G5 vagy G6 k\u00e9sz\u00fcl\u00e9k\u00e9t ezzel a kiv\u00e1l\u00f3 min\u0151s\u00e9g\u0171, 15,6 h\u00fcvelykes matt IPS LCD-k\u00e9perny\u0151vel (nem \u00e9rint\u00e9s). FHD felbont\u00e1ssal, eDP 30 t\u0171s csatlakoz\u00e1ssal \u00e9s k\u00e9toldalas ragaszt\u00f3cs\u00edkokkal t\u00f6k\u00e9letes a z\u00f6kken\u0151mentes telep\u00edt\u00e9shez. \u00c1llapot: vadonat\u00faj.<\/p>\n<\/div>\n<\/div>\n<\/div>\n<\/div>\n","protected":false},"featured_media":9615,"template":"","meta":[],"product_brand":[],"product_cat":[81,71],"product_tag":[25],"class_list":{"0":"post-10818","1":"product","2":"type-product","3":"status-publish","4":"has-post-thumbnail","6":"product_cat-15-6-new-laptop-screens-lcd-panels","7":"product_cat-new-laptop-screens-lcd-panels","8":"product_tag-hp","10":"first","11":"instock","12":"taxable","13":"shipping-taxable","14":"purchasable","15":"product-type-simple"},"_links":{"self":[{"href":"https:\/\/boreait.com\/hu\/wp-json\/wp\/v2\/product\/10818","targetHints":{"allow":["GET"]}}],"collection":[{"href":"https:\/\/boreait.com\/hu\/wp-json\/wp\/v2\/product"}],"about":[{"href":"https:\/\/boreait.com\/hu\/wp-json\/wp\/v2\/types\/product"}],"wp:featuredmedia":[{"embeddable":true,"href":"https:\/\/boreait.com\/hu\/wp-json\/wp\/v2\/media\/9615"}],"wp:attachment":[{"href":"https:\/\/boreait.com\/hu\/wp-json\/wp\/v2\/media?parent=10818"}],"wp:term":[{"taxonomy":"product_brand","embeddable":true,"href":"https:\/\/boreait.com\/hu\/wp-json\/wp\/v2\/product_brand?post=10818"},{"taxonomy":"product_cat","embeddable":true,"href":"https:\/\/boreait.com\/hu\/wp-json\/wp\/v2\/product_cat?post=10818"},{"taxonomy":"product_tag","embeddable":true,"href":"https:\/\/boreait.com\/hu\/wp-json\/wp\/v2\/product_tag?post=10818"}],"curies":[{"name":"wp","href":"https:\/\/api.w.org\/{rel}","templated":true}]}}