{"id":10817,"date":"2025-09-17T12:59:49","date_gmt":"2025-09-17T10:59:49","guid":{"rendered":"https:\/\/boreait.com\/hu\/?post_type=product&#038;p=10817"},"modified":"2025-09-17T12:59:53","modified_gmt":"2025-09-17T10:59:53","slug":"hp-656297-001-173-huvelykes-fhd-lcd-kepernyo-fenyes-40-tus-bal-also-csatlakozo-uj","status":"publish","type":"product","link":"https:\/\/boreait.com\/hu\/termek\/hp-656297-001-173-huvelykes-fhd-lcd-kepernyo-fenyes-40-tus-bal-also-csatlakozo-uj\/","title":{"rendered":"HP 656297-001 17,3 h\u00fcvelykes FHD LCD k\u00e9perny\u0151, f\u00e9nyes, 40 t\u0171s bal als\u00f3 csatlakoz\u00f3, \u00faj"},"content":{"rendered":"<p><strong>T\u00e9nyleges LCD-k\u00e9perny\u0151s modell: LP173WF1 TLB3 \u2013 TELJESEN KOMPATIBILIS A LAPTOP K\u00c9PERNY\u0150VEL HP 656297-001 763933-001 691224-001 720256-001<\/strong><\/p>\n<p>Friss\u00edtse laptopja kijelz\u0151j\u00e9t ezzel a kiv\u00e1l\u00f3 min\u0151s\u00e9g\u0171, 17,3 h\u00fcvelykes HP LCD-k\u00e9perny\u0151vel, amely kompatibilis a 656297-001, 763933-001, 691224-001 \u00e9s 720256-001 modellekkel. Ez a prec\u00edzen tervezett k\u00e9perny\u0151 Full HD (1920 x 1080) felbont\u00e1ssal rendelkezik, amely leny\u0171g\u00f6z\u0151 tisztas\u00e1got \u00e9s \u00e9l\u00e9nk sz\u00edneket k\u00edn\u00e1l a mag\u00e1val ragad\u00f3 megtekint\u00e9si \u00e9lm\u00e9ny\u00e9rt. A f\u00e9nyes fel\u00fclet jav\u00edtja a l\u00e1tv\u00e1nyt, \u00edgy ide\u00e1lis a multim\u00e9di\u00e1s rajong\u00f3k sz\u00e1m\u00e1ra. A 40 t\u0171s bal als\u00f3 csatlakoz\u00f3val t\u00f6k\u00e9letes illeszked\u00e9st biztos\u00edt a z\u00f6kken\u0151mentes telep\u00edt\u00e9shez. Ez a vadonat\u00faj k\u00e9perny\u0151 t\u00f6k\u00e9letes a s\u00e9r\u00fclt vagy el\u00f6regedett kijelz\u0151k cser\u00e9j\u00e9hez, ezzel helyre\u00e1ll\u00edtva laptopja teljes\u00edtm\u00e9ny\u00e9t \u00e9s eszt\u00e9tikai megjelen\u00e9s\u00e9t.<\/p>\n<p><strong>F\u0151bb jellemz\u0151k:<\/strong><\/p>\n<ul>\n<li><strong>Kompatibilit\u00e1s:<\/strong> HP 656297-001, 763933-001, 691224-001 \u00e9s 720256-001 HP modellek<\/li>\n<li><strong>K\u00e9perny\u0151m\u00e9ret:<\/strong> 17,3 h\u00fcvelyk<\/li>\n<li><strong>Felbont\u00e1s:<\/strong> Full HD 1920 x 1080<\/li>\n<li><strong>Befejez\u00e9s:<\/strong> F\u00e9nyes az \u00e9l\u00e9nk l\u00e1tv\u00e1ny\u00e9rt<\/li>\n<li><strong>Csatlakoz\u00f3 t\u00edpusa:<\/strong> 40 t\u0171s bal als\u00f3<\/li>\n<li><strong>\u00c1llapot:<\/strong> vadonat\u00faj<\/li>\n<\/ul>\n","protected":false},"excerpt":{"rendered":"<p>Vadonat\u00faj 17,3 h\u00fcvelykes HP LCD k\u00e9perny\u0151 Full HD (1920 x 1080) felbont\u00e1ssal \u00e9s f\u00e9nyes fel\u00fclettel. Kompatibilis a 656297-001, 763933-001, 691224-001 \u00e9s 720256-001 HP modellekkel, 40 t\u0171s bal als\u00f3 csatlakoz\u00f3val a z\u00f6kken\u0151mentes csere \u00e9rdek\u00e9ben.<\/p>\n","protected":false},"featured_media":10812,"template":"","meta":[],"product_brand":[],"product_cat":[72,71],"product_tag":[],"class_list":{"0":"post-10817","1":"product","2":"type-product","3":"status-publish","4":"has-post-thumbnail","6":"product_cat-17-3","7":"product_cat-new-laptop-screens-lcd-panels","9":"first","10":"instock","11":"taxable","12":"shipping-taxable","13":"purchasable","14":"product-type-simple"},"_links":{"self":[{"href":"https:\/\/boreait.com\/hu\/wp-json\/wp\/v2\/product\/10817","targetHints":{"allow":["GET"]}}],"collection":[{"href":"https:\/\/boreait.com\/hu\/wp-json\/wp\/v2\/product"}],"about":[{"href":"https:\/\/boreait.com\/hu\/wp-json\/wp\/v2\/types\/product"}],"wp:featuredmedia":[{"embeddable":true,"href":"https:\/\/boreait.com\/hu\/wp-json\/wp\/v2\/media\/10812"}],"wp:attachment":[{"href":"https:\/\/boreait.com\/hu\/wp-json\/wp\/v2\/media?parent=10817"}],"wp:term":[{"taxonomy":"product_brand","embeddable":true,"href":"https:\/\/boreait.com\/hu\/wp-json\/wp\/v2\/product_brand?post=10817"},{"taxonomy":"product_cat","embeddable":true,"href":"https:\/\/boreait.com\/hu\/wp-json\/wp\/v2\/product_cat?post=10817"},{"taxonomy":"product_tag","embeddable":true,"href":"https:\/\/boreait.com\/hu\/wp-json\/wp\/v2\/product_tag?post=10817"}],"curies":[{"name":"wp","href":"https:\/\/api.w.org\/{rel}","templated":true}]}}