{"id":10815,"date":"2025-09-17T12:59:49","date_gmt":"2025-09-17T10:59:49","guid":{"rendered":"https:\/\/boreait.com\/hu\/?post_type=product&#038;p=10815"},"modified":"2025-09-17T12:59:53","modified_gmt":"2025-09-17T10:59:53","slug":"uj-173-huvelykes-lcd-kepernyo-asus-n750j-fhd-1920x1080-40-tus-bal-also-csatlakozo","status":"publish","type":"product","link":"https:\/\/boreait.com\/hu\/termek\/uj-173-huvelykes-lcd-kepernyo-asus-n750j-fhd-1920x1080-40-tus-bal-also-csatlakozo\/","title":{"rendered":"\u00daj 17,3 h\u00fcvelykes LCD-k\u00e9perny\u0151 ASUS N750J FHD 1920&#215;1080, 40 t\u0171s bal als\u00f3 csatlakoz\u00f3"},"content":{"rendered":"<p><strong>T\u00e9nyleges LCD-k\u00e9perny\u0151s modell: LP173WF1 TLB3 \u2013 TELJESEN KOMPATIBILIS A LAPTOP K\u00c9PERNY\u0150VEL ASUS N750J sorozat<\/strong><\/p>\n<p>Friss\u00edtse ASUS N750J sorozat\u00fa laptopj\u00e1t ezzel a vadonat\u00faj 17,3 h\u00fcvelykes LCD-k\u00e9perny\u0151vel. A Full HD felbont\u00e1s\u00fa (1920 x 1080) k\u00e9perny\u0151 \u00e9l\u00e9nk l\u00e1tv\u00e1nyt ny\u00fajt kiv\u00e1l\u00f3 tisztas\u00e1ggal. F\u00e9nyes fel\u00fclettel k\u00e9sz\u00fclt, n\u00f6veli a sz\u00ednm\u00e9lys\u00e9get \u00e9s a kontrasztot, \u00edgy kiv\u00e1l\u00f3 vizu\u00e1lis \u00e9lm\u00e9nyt ny\u00fajt. A bal als\u00f3 sarokban tal\u00e1lhat\u00f3 40 t\u0171s csatlakoz\u00f3 biztons\u00e1gos \u00e9s megb\u00edzhat\u00f3 illeszked\u00e9st biztos\u00edt, megk\u00f6nny\u00edtve a telep\u00edt\u00e9st. Ez az LCD-k\u00e9perny\u0151 t\u00f6k\u00e9letes helyettes\u00edti a s\u00e9r\u00fclt vagy rosszul m\u0171k\u00f6d\u0151 kijelz\u0151t, vissza\u00e1ll\u00edtja laptopja k\u00e9perny\u0151j\u00e9t az eredeti \u00e1llapot\u00e1ba. \u00c1llapot: \u00faj, beszerel\u00e9sre k\u00e9sz.<\/p>\n<p>&nbsp;<\/p>\n","protected":false},"excerpt":{"rendered":"<p>Vadonat\u00faj 17,3&#8243; Full HD LCD k\u00e9perny\u0151 az ASUS N750J sorozathoz. F\u00e9nyes fel\u00fclet, 40 t\u0171s bal als\u00f3 csatlakoz\u00f3, 1920 x 1080 felbont\u00e1s. K\u00f6nnyen telep\u00edthet\u0151.<\/p>\n","protected":false},"featured_media":10812,"template":"","meta":[],"product_brand":[],"product_cat":[72,71],"product_tag":[],"class_list":{"0":"post-10815","1":"product","2":"type-product","3":"status-publish","4":"has-post-thumbnail","6":"product_cat-17-3","7":"product_cat-new-laptop-screens-lcd-panels","9":"first","10":"instock","11":"taxable","12":"shipping-taxable","13":"purchasable","14":"product-type-simple"},"_links":{"self":[{"href":"https:\/\/boreait.com\/hu\/wp-json\/wp\/v2\/product\/10815","targetHints":{"allow":["GET"]}}],"collection":[{"href":"https:\/\/boreait.com\/hu\/wp-json\/wp\/v2\/product"}],"about":[{"href":"https:\/\/boreait.com\/hu\/wp-json\/wp\/v2\/types\/product"}],"wp:featuredmedia":[{"embeddable":true,"href":"https:\/\/boreait.com\/hu\/wp-json\/wp\/v2\/media\/10812"}],"wp:attachment":[{"href":"https:\/\/boreait.com\/hu\/wp-json\/wp\/v2\/media?parent=10815"}],"wp:term":[{"taxonomy":"product_brand","embeddable":true,"href":"https:\/\/boreait.com\/hu\/wp-json\/wp\/v2\/product_brand?post=10815"},{"taxonomy":"product_cat","embeddable":true,"href":"https:\/\/boreait.com\/hu\/wp-json\/wp\/v2\/product_cat?post=10815"},{"taxonomy":"product_tag","embeddable":true,"href":"https:\/\/boreait.com\/hu\/wp-json\/wp\/v2\/product_tag?post=10815"}],"curies":[{"name":"wp","href":"https:\/\/api.w.org\/{rel}","templated":true}]}}