{"id":10813,"date":"2025-09-17T12:59:49","date_gmt":"2025-09-17T10:59:49","guid":{"rendered":"https:\/\/boreait.com\/hu\/?post_type=product&#038;p=10813"},"modified":"2025-09-17T12:59:52","modified_gmt":"2025-09-17T10:59:52","slug":"dell-vostro-3700-173-fhd-lcd-kepernyo-40-tus-also-bal-csatlakozo-uj","status":"publish","type":"product","link":"https:\/\/boreait.com\/hu\/termek\/dell-vostro-3700-173-fhd-lcd-kepernyo-40-tus-also-bal-csatlakozo-uj\/","title":{"rendered":"DELL VOSTRO 3700 17,3&#8243; FHD LCD k\u00e9perny\u0151 40 t\u0171s als\u00f3 bal csatlakoz\u00f3 \u00faj"},"content":{"rendered":"<p><strong>T\u00e9nyleges LCD-k\u00e9perny\u0151s modell: LP173WF1 TLB3 \u2013 TELJESEN KOMPATIBILIS A DELL VOSTRO 3700 LAPTOP K\u00c9PERNY\u0150VEL<\/strong><\/p>\n<p>Friss\u00edtse Dell Vostro 3700 laptopj\u00e1t ezzel a kiv\u00e1l\u00f3 min\u0151s\u00e9g\u0171, vadonat\u00faj 17,3 h\u00fcvelykes LCD-k\u00e9perny\u0151vel. A bal als\u00f3 sarokban tal\u00e1lhat\u00f3 40 t\u0171s csatlakoz\u00f3val rendelkez\u0151 k\u00e9perny\u0151 1920 x 1080-as Full HD felbont\u00e1st k\u00edn\u00e1l, amely \u00e9les, tiszta k\u00e9pet ad a munk\u00e1hoz vagy a j\u00e1t\u00e9khoz. A f\u00e9nyes, \u00e9l\u00e9nk megjelen\u00e9s m\u00e9g sz\u00ednesebb\u00e9 teszi a megjelen\u00e9st. A Dell Vostro 3700, ez a cserek\u00e9perny\u0151 biztos\u00edtja, hogy laptopja \u00fajszer\u0171 megjelen\u00e9st \u00e9s m\u0171k\u00f6d\u00e9st biztos\u00edtson. Ide\u00e1lis azok sz\u00e1m\u00e1ra, akiknek ki kell cser\u00e9lni\u00fck a s\u00e9r\u00fclt vagy hib\u00e1s kijelz\u0151t. Ez az LCD-k\u00e9perny\u0151 k\u00e9szen \u00e1ll a gyors telep\u00edt\u00e9sre, \u00e9s garant\u00e1ltan vissza\u00e1ll\u00edtja k\u00e9sz\u00fcl\u00e9ke teljes\u00edtm\u00e9ny\u00e9t.<\/p>\n","protected":false},"excerpt":{"rendered":"<p>Ez a vadonat\u00faj 17,3&#8243;-es LCD-k\u00e9perny\u0151 kompatibilis a Dell Vostro 3700 laptopokkal. 40 t\u0171s bal als\u00f3 csatlakoz\u00f3val rendelkezik, Full HD felbont\u00e1st (1920 x 1080) k\u00edn\u00e1l f\u00e9nyes fel\u00fclettel az \u00e9l\u00e9nk megjelen\u00edt\u00e9s \u00e9rdek\u00e9ben. T\u00f6k\u00e9letes csere a s\u00e9r\u00fclt k\u00e9perny\u0151k sz\u00e1m\u00e1ra.<\/p>\n","protected":false},"featured_media":10812,"template":"","meta":[],"product_brand":[],"product_cat":[72,71],"product_tag":[],"class_list":{"0":"post-10813","1":"product","2":"type-product","3":"status-publish","4":"has-post-thumbnail","6":"product_cat-17-3","7":"product_cat-new-laptop-screens-lcd-panels","9":"first","10":"instock","11":"taxable","12":"shipping-taxable","13":"purchasable","14":"product-type-simple"},"_links":{"self":[{"href":"https:\/\/boreait.com\/hu\/wp-json\/wp\/v2\/product\/10813","targetHints":{"allow":["GET"]}}],"collection":[{"href":"https:\/\/boreait.com\/hu\/wp-json\/wp\/v2\/product"}],"about":[{"href":"https:\/\/boreait.com\/hu\/wp-json\/wp\/v2\/types\/product"}],"wp:featuredmedia":[{"embeddable":true,"href":"https:\/\/boreait.com\/hu\/wp-json\/wp\/v2\/media\/10812"}],"wp:attachment":[{"href":"https:\/\/boreait.com\/hu\/wp-json\/wp\/v2\/media?parent=10813"}],"wp:term":[{"taxonomy":"product_brand","embeddable":true,"href":"https:\/\/boreait.com\/hu\/wp-json\/wp\/v2\/product_brand?post=10813"},{"taxonomy":"product_cat","embeddable":true,"href":"https:\/\/boreait.com\/hu\/wp-json\/wp\/v2\/product_cat?post=10813"},{"taxonomy":"product_tag","embeddable":true,"href":"https:\/\/boreait.com\/hu\/wp-json\/wp\/v2\/product_tag?post=10813"}],"curies":[{"name":"wp","href":"https:\/\/api.w.org\/{rel}","templated":true}]}}