{"id":10811,"date":"2025-09-17T12:59:39","date_gmt":"2025-09-17T10:59:39","guid":{"rendered":"https:\/\/boreait.com\/hu\/?post_type=product&#038;p=10811"},"modified":"2025-09-17T12:59:47","modified_gmt":"2025-09-17T10:59:47","slug":"uj-173-huvelykes-fhd-lcd-kepernyo-hp-pavilion-dv7t-6000-40-tus-fenyes-1920x1080","status":"publish","type":"product","link":"https:\/\/boreait.com\/hu\/termek\/uj-173-huvelykes-fhd-lcd-kepernyo-hp-pavilion-dv7t-6000-40-tus-fenyes-1920x1080\/","title":{"rendered":"\u00daj 17,3 h\u00fcvelykes FHD LCD k\u00e9perny\u0151 HP Pavilion DV7T-6000 40 t\u0171s f\u00e9nyes 1920&#215;1080"},"content":{"rendered":"<p><strong>T\u00e9nyleges LCD-k\u00e9perny\u0151s modell: LP173WF1 TLB3 \u2013 TELJESEN KOMPATIBILIS A HP PAVILION DV7T-6000 LAPTOP K\u00c9PERNY\u0150VEL<\/strong><\/p>\n<p>Friss\u00edtse HP Pavilion DV7T-6000 k\u00e9sz\u00fcl\u00e9k\u00e9t ezzel a vadonat\u00faj 17,3 h\u00fcvelykes FHD LCD-k\u00e9perny\u0151vel. A leny\u0171g\u00f6z\u0151 1920 x 1080 felbont\u00e1s\u00fa k\u00e9perny\u0151 \u00e9les, \u00e9l\u00e9nk l\u00e1tv\u00e1nyt ny\u00fajt a kiv\u00e9teles megtekint\u00e9si \u00e9lm\u00e9ny \u00e9rdek\u00e9ben. A f\u00e9nyes fel\u00fclet fokozza a sz\u00ednek \u00e9l\u00e9nks\u00e9g\u00e9t \u00e9s kontrasztj\u00e1t, \u00edgy t\u00f6k\u00e9letes a bal oldali m\u00e9di\u00e1hoz \u00e9s j\u00e1t\u00e9khoz. telep\u00edt\u00e9se, amely biztos\u00edtja a kompatibilit\u00e1st a megl\u00e9v\u0151 laptop-be\u00e1ll\u00edt\u00e1sokkal Ak\u00e1r egy s\u00e9r\u00fclt k\u00e9perny\u0151t cser\u00e9l, ak\u00e1r a jobb teljes\u00edtm\u00e9ny \u00e9rdek\u00e9ben friss\u00edti, ez a kiv\u00e1l\u00f3 min\u0151s\u00e9g\u0171 LCD-k\u00e9perny\u0151 a t\u00f6k\u00e9letes megold\u00e1s.<\/p>\n","protected":false},"excerpt":{"rendered":"<p>Vadonat\u00faj 17,3&#8243;-es FHD LCD k\u00e9perny\u0151 a HP Pavilion DV7T-6000 k\u00e9sz\u00fcl\u00e9khez. 1920 x 1080 felbont\u00e1s, f\u00e9nyes fel\u00fclet, 40 t\u0171s bal als\u00f3 csatlakoz\u00f3. Ide\u00e1lis friss\u00edt\u00e9sekhez \u00e9s cser\u00e9khez.<\/p>\n","protected":false},"featured_media":10812,"template":"","meta":[],"product_brand":[],"product_cat":[72,71],"product_tag":[],"class_list":{"0":"post-10811","1":"product","2":"type-product","3":"status-publish","4":"has-post-thumbnail","6":"product_cat-17-3","7":"product_cat-new-laptop-screens-lcd-panels","9":"first","10":"instock","11":"taxable","12":"shipping-taxable","13":"purchasable","14":"product-type-simple"},"_links":{"self":[{"href":"https:\/\/boreait.com\/hu\/wp-json\/wp\/v2\/product\/10811","targetHints":{"allow":["GET"]}}],"collection":[{"href":"https:\/\/boreait.com\/hu\/wp-json\/wp\/v2\/product"}],"about":[{"href":"https:\/\/boreait.com\/hu\/wp-json\/wp\/v2\/types\/product"}],"wp:featuredmedia":[{"embeddable":true,"href":"https:\/\/boreait.com\/hu\/wp-json\/wp\/v2\/media\/10812"}],"wp:attachment":[{"href":"https:\/\/boreait.com\/hu\/wp-json\/wp\/v2\/media?parent=10811"}],"wp:term":[{"taxonomy":"product_brand","embeddable":true,"href":"https:\/\/boreait.com\/hu\/wp-json\/wp\/v2\/product_brand?post=10811"},{"taxonomy":"product_cat","embeddable":true,"href":"https:\/\/boreait.com\/hu\/wp-json\/wp\/v2\/product_cat?post=10811"},{"taxonomy":"product_tag","embeddable":true,"href":"https:\/\/boreait.com\/hu\/wp-json\/wp\/v2\/product_tag?post=10811"}],"curies":[{"name":"wp","href":"https:\/\/api.w.org\/{rel}","templated":true}]}}