{"id":10809,"date":"2025-09-17T12:59:39","date_gmt":"2025-09-17T10:59:39","guid":{"rendered":"https:\/\/boreait.com\/hu\/?post_type=product&#038;p=10809"},"modified":"2025-09-17T12:59:46","modified_gmt":"2025-09-17T10:59:46","slug":"asus-g75vx-173-lcd-kepernyo-fhd-1920x1080-fenyes-40-tus-uj-bal-also-csatlakozo","status":"publish","type":"product","link":"https:\/\/boreait.com\/hu\/termek\/asus-g75vx-173-lcd-kepernyo-fhd-1920x1080-fenyes-40-tus-uj-bal-also-csatlakozo\/","title":{"rendered":"Asus G75VX 17,3&#8243; LCD k\u00e9perny\u0151 FHD 1920&#215;1080, f\u00e9nyes, 40 t\u0171s, \u00faj, bal als\u00f3 csatlakoz\u00f3"},"content":{"rendered":"<p><strong>T\u00e9nyleges LCD-k\u00e9perny\u0151s modell: LP173WF1 TLB3 \u2013 TELJESEN KOMPATIBILIS A LAPTOP K\u00c9PERNY\u0150VEL Asus Asus G75vx<\/strong><\/p>\n<p>Friss\u00edtse laptopj\u00e1t ezzel a vadonat\u00faj <strong>Asus G75VX 17,3&#8243;-es LCD-k\u00e9perny\u0151vel<\/strong>. A pontoss\u00e1gra \u00e9s tisztas\u00e1gra tervezett <strong>FHD-kijelz\u0151<\/strong> <strong>1920 x 1080<\/strong> felbont\u00e1st k\u00edn\u00e1l az \u00e9l\u00e9nk, nagyfelbont\u00e1s\u00fa l\u00e1tv\u00e1ny \u00e9rdek\u00e9ben. Egy <strong>40-es csatlakoz\u00f3val<\/strong> vagy bal oldali csatlakoz\u00f3val<\/strong> t\u00f6k\u00e9letes a z\u00f6kken\u0151mentes cser\u00e9hez vagy friss\u00edt\u00e9shez. A f\u00e9nyes fel\u00fclet eleg\u00e1ns megjelen\u00e9st k\u00f6lcs\u00f6n\u00f6z, \u00edgy ide\u00e1lis j\u00e1t\u00e9khoz vagy multim\u00e9di\u00e1s haszn\u00e1lathoz. Ez az <strong>eredeti Asus k\u00e9perny\u0151<\/strong> optim\u00e1lis teljes\u00edtm\u00e9nyt biztos\u00edt, \u00e9les sz\u00f6veget, \u00e9l\u00e9nk sz\u00edneket \u00e9s sima grafik\u00e1t k\u00edn\u00e1l. Ak\u00e1r s\u00e9r\u00fclt k\u00e9perny\u0151t cser\u00e9l, ak\u00e1r t\u00f6k\u00e9letesebb\u00e9 teszi a k\u00e9perny\u0151t, ez a <strong>\u00fajszer\u0171 be\u00e1ll\u00edt\u00e1s.<\/p>\n","protected":false},"excerpt":{"rendered":"<p>Vadonat\u00faj <strong>Asus G75VX 17,3 h\u00fcvelykes LCD k\u00e9perny\u0151<\/strong> \u2013 FHD, f\u00e9nyes fel\u00fclet, 40 t\u0171s csatlakoz\u00e1s, t\u00f6k\u00e9letes helyettes\u00edt\u0151 laptop kijelz\u0151j\u00e9hez.<\/p>\n","protected":false},"featured_media":10812,"template":"","meta":[],"product_brand":[],"product_cat":[72,71],"product_tag":[],"class_list":{"0":"post-10809","1":"product","2":"type-product","3":"status-publish","4":"has-post-thumbnail","6":"product_cat-17-3","7":"product_cat-new-laptop-screens-lcd-panels","9":"first","10":"instock","11":"taxable","12":"shipping-taxable","13":"purchasable","14":"product-type-simple"},"_links":{"self":[{"href":"https:\/\/boreait.com\/hu\/wp-json\/wp\/v2\/product\/10809","targetHints":{"allow":["GET"]}}],"collection":[{"href":"https:\/\/boreait.com\/hu\/wp-json\/wp\/v2\/product"}],"about":[{"href":"https:\/\/boreait.com\/hu\/wp-json\/wp\/v2\/types\/product"}],"wp:featuredmedia":[{"embeddable":true,"href":"https:\/\/boreait.com\/hu\/wp-json\/wp\/v2\/media\/10812"}],"wp:attachment":[{"href":"https:\/\/boreait.com\/hu\/wp-json\/wp\/v2\/media?parent=10809"}],"wp:term":[{"taxonomy":"product_brand","embeddable":true,"href":"https:\/\/boreait.com\/hu\/wp-json\/wp\/v2\/product_brand?post=10809"},{"taxonomy":"product_cat","embeddable":true,"href":"https:\/\/boreait.com\/hu\/wp-json\/wp\/v2\/product_cat?post=10809"},{"taxonomy":"product_tag","embeddable":true,"href":"https:\/\/boreait.com\/hu\/wp-json\/wp\/v2\/product_tag?post=10809"}],"curies":[{"name":"wp","href":"https:\/\/api.w.org\/{rel}","templated":true}]}}