{"id":10808,"date":"2025-09-17T12:59:39","date_gmt":"2025-09-17T10:59:39","guid":{"rendered":"https:\/\/boreait.com\/hu\/?post_type=product&#038;p=10808"},"modified":"2025-09-17T12:59:46","modified_gmt":"2025-09-17T10:59:46","slug":"hsd173puw1-lcd-173-fhd-1920x1080-fenyes-40-tus-also-bal-csatlakozo-uj","status":"publish","type":"product","link":"https:\/\/boreait.com\/hu\/termek\/hsd173puw1-lcd-173-fhd-1920x1080-fenyes-40-tus-also-bal-csatlakozo-uj\/","title":{"rendered":"HSD173PUW1 LCD 17,3&#8243; FHD 1920&#215;1080 f\u00e9nyes 40 t\u0171s als\u00f3 bal csatlakoz\u00f3 \u00faj"},"content":{"rendered":"<p><strong>T\u00e9nyleges LCD-k\u00e9perny\u0151s modell: LP173WF1 TLB3 \u2013 TELJESEN KOMPATIBILIS A HSD173PUW1 LAPTOP K\u00c9PERNY\u0150VEL<\/strong><\/p>\n<p>Friss\u00edtse laptopja kijelz\u0151j\u00e9t a HSD173PUW1 LCD-k\u00e9perny\u0151vel. Ez a 17,3&#8243;-es Full HD panel \u00e9l\u00e9nk, krist\u00e1lytiszta k\u00e9pmin\u0151s\u00e9get biztos\u00edt 1920&#215;1080-as felbont\u00e1sban, \u00edgy munk\u00e1hoz \u00e9s j\u00e1t\u00e9khoz egyar\u00e1nt t\u00f6k\u00e9letes. A f\u00e9nyes fel\u00fclet fokozza a sz\u00edneket \u00e9s a kontrasztokat, \u00edgy pr\u00e9mium k\u00e9p\u00e9lm\u00e9nyt biztos\u00edt. A 40 t\u0171s csatlakoz\u00e1ssal \u00e9s a bal als\u00f3 csatlakoz\u00f3val ezt a k\u00e9perny\u0151t \u00fagy tervezt\u00e9k, hogy sz\u00e1mos kompatibilis, kompatibilis laptopmodell k\u00e9pmin\u0151s\u00e9g\u00e9t jav\u00edtsa. vadonat\u00faj HSD173PUW1 LCD k\u00e9perny\u0151 ide\u00e1lis v\u00e1laszt\u00e1s az \u00d6n ig\u00e9nyeinek.<\/p>\n","protected":false},"excerpt":{"rendered":"<p>A HSD173PUW1 egy vadonat\u00faj 17,3 h\u00fcvelykes Full HD LCD-k\u00e9perny\u0151 (1920&#215;1080), f\u00e9nyes fel\u00fclettel. 40 t\u0171s csatlakoz\u00f3val \u00e9s bal als\u00f3 csatlakoz\u00f3val rendelkezik, amely kiv\u00e1l\u00f3 k\u00e9pmin\u0151s\u00e9get biztos\u00edt laptopja sz\u00e1m\u00e1ra.<\/p>\n","protected":false},"featured_media":10812,"template":"","meta":[],"product_brand":[],"product_cat":[72,71],"product_tag":[],"class_list":{"0":"post-10808","1":"product","2":"type-product","3":"status-publish","4":"has-post-thumbnail","6":"product_cat-17-3","7":"product_cat-new-laptop-screens-lcd-panels","9":"first","10":"instock","11":"taxable","12":"shipping-taxable","13":"purchasable","14":"product-type-simple"},"_links":{"self":[{"href":"https:\/\/boreait.com\/hu\/wp-json\/wp\/v2\/product\/10808","targetHints":{"allow":["GET"]}}],"collection":[{"href":"https:\/\/boreait.com\/hu\/wp-json\/wp\/v2\/product"}],"about":[{"href":"https:\/\/boreait.com\/hu\/wp-json\/wp\/v2\/types\/product"}],"wp:featuredmedia":[{"embeddable":true,"href":"https:\/\/boreait.com\/hu\/wp-json\/wp\/v2\/media\/10812"}],"wp:attachment":[{"href":"https:\/\/boreait.com\/hu\/wp-json\/wp\/v2\/media?parent=10808"}],"wp:term":[{"taxonomy":"product_brand","embeddable":true,"href":"https:\/\/boreait.com\/hu\/wp-json\/wp\/v2\/product_brand?post=10808"},{"taxonomy":"product_cat","embeddable":true,"href":"https:\/\/boreait.com\/hu\/wp-json\/wp\/v2\/product_cat?post=10808"},{"taxonomy":"product_tag","embeddable":true,"href":"https:\/\/boreait.com\/hu\/wp-json\/wp\/v2\/product_tag?post=10808"}],"curies":[{"name":"wp","href":"https:\/\/api.w.org\/{rel}","templated":true}]}}