{"id":10807,"date":"2025-09-17T12:59:39","date_gmt":"2025-09-17T10:59:39","guid":{"rendered":"https:\/\/boreait.com\/hu\/?post_type=product&#038;p=10807"},"modified":"2025-09-17T12:59:46","modified_gmt":"2025-09-17T10:59:46","slug":"n173hge-e11-173-fhd-lcd-kepernyo-40-tus-fenyes-bal-also-csatlakozo-uj","status":"publish","type":"product","link":"https:\/\/boreait.com\/hu\/termek\/n173hge-e11-173-fhd-lcd-kepernyo-40-tus-fenyes-bal-also-csatlakozo-uj\/","title":{"rendered":"N173HGE-E11 17,3&#8243; FHD LCD k\u00e9perny\u0151, 40 t\u0171s, f\u00e9nyes, bal als\u00f3 csatlakoz\u00f3, \u00faj"},"content":{"rendered":"<p><strong>T\u00e9nyleges LCD-k\u00e9perny\u0151s modell: LP173WF1 TLB3 \u2013 TELJESEN KOMPATIBILIS AZ N173HGE-E11 \/ L11 \/ L21 \/ E23 LAPTOP K\u00c9PERNY\u0150VEL<\/strong><\/p>\n<p>Friss\u00edtse megjelen\u00edt\u00e9si \u00e9lm\u00e9ny\u00e9t az N173HGE-E11 \/ L11 \/ L21 \/ E23 LCD-k\u00e9perny\u0151vel, amelyet cs\u00facsteljes\u00edtm\u00e9nyre \u00e9s \u00e9l\u00e9nk l\u00e1tv\u00e1nyra terveztek. Ez a 17,3 h\u00fcvelykes Full HD (1920&#215;1080) k\u00e9perny\u0151 f\u00e9nyes fel\u00fclettel rendelkezik, \u00e9les, \u00e9les k\u00e9peket \u00e9s gazdag sz\u00ednvisszaad\u00e1st k\u00edn\u00e1l. A 40 t\u0171s csatlakoz\u00e1s \u00e9s a bal als\u00f3 csatlakoz\u00f3 elhelyez\u00e9s biztos\u00edtja a k\u00fcl\u00f6nb\u00f6z\u0151 eszk\u00f6z\u00f6kkel val\u00f3 kompatibilit\u00e1st, \u00edgy ide\u00e1lis csere- vagy jav\u00edt\u00e1si projektekhez. Legyen sz\u00f3 profir\u00f3l vagy bark\u00e1csol\u00e1sr\u00f3l, az \u00faj min\u0151s\u00e9gi garancia \u00e9s a hossz\u00fa \u00e9lettartam ir\u00e1nt \u00e9rdekl\u0151d\u0151 LCD k\u00e9perny\u0151. teljes\u00edtm\u00e9nyt.<\/p>\n","protected":false},"excerpt":{"rendered":"<p>#VALUE!<\/p>\n","protected":false},"featured_media":10812,"template":"","meta":[],"product_brand":[],"product_cat":[72,71],"product_tag":[],"class_list":{"0":"post-10807","1":"product","2":"type-product","3":"status-publish","4":"has-post-thumbnail","6":"product_cat-17-3","7":"product_cat-new-laptop-screens-lcd-panels","9":"first","10":"instock","11":"taxable","12":"shipping-taxable","13":"purchasable","14":"product-type-simple"},"_links":{"self":[{"href":"https:\/\/boreait.com\/hu\/wp-json\/wp\/v2\/product\/10807","targetHints":{"allow":["GET"]}}],"collection":[{"href":"https:\/\/boreait.com\/hu\/wp-json\/wp\/v2\/product"}],"about":[{"href":"https:\/\/boreait.com\/hu\/wp-json\/wp\/v2\/types\/product"}],"wp:featuredmedia":[{"embeddable":true,"href":"https:\/\/boreait.com\/hu\/wp-json\/wp\/v2\/media\/10812"}],"wp:attachment":[{"href":"https:\/\/boreait.com\/hu\/wp-json\/wp\/v2\/media?parent=10807"}],"wp:term":[{"taxonomy":"product_brand","embeddable":true,"href":"https:\/\/boreait.com\/hu\/wp-json\/wp\/v2\/product_brand?post=10807"},{"taxonomy":"product_cat","embeddable":true,"href":"https:\/\/boreait.com\/hu\/wp-json\/wp\/v2\/product_cat?post=10807"},{"taxonomy":"product_tag","embeddable":true,"href":"https:\/\/boreait.com\/hu\/wp-json\/wp\/v2\/product_tag?post=10807"}],"curies":[{"name":"wp","href":"https:\/\/api.w.org\/{rel}","templated":true}]}}