{"id":10806,"date":"2025-09-17T12:59:39","date_gmt":"2025-09-17T10:59:39","guid":{"rendered":"https:\/\/boreait.com\/hu\/?post_type=product&#038;p=10806"},"modified":"2025-09-17T12:59:45","modified_gmt":"2025-09-17T10:59:45","slug":"n173h6-l02-173-fhd-lcd-kepernyo-1920x1080-fenyes-40-tus-bal-also-csatlakozo","status":"publish","type":"product","link":"https:\/\/boreait.com\/hu\/termek\/n173h6-l02-173-fhd-lcd-kepernyo-1920x1080-fenyes-40-tus-bal-also-csatlakozo\/","title":{"rendered":"N173H6-L02 17,3&#8243; FHD LCD k\u00e9perny\u0151 1920&#215;1080 f\u00e9nyes 40 t\u0171s bal als\u00f3 csatlakoz\u00f3"},"content":{"rendered":"<p><strong>T\u00e9nyleges LCD-k\u00e9perny\u0151s modell: LP173WF1 TLB3 \u2013 TELJESEN KOMPATIBILIS AZ N173H6-L02 \/ L04 LAPTOP K\u00c9PERNY\u0150VEL<\/strong><\/p>\n<p>Friss\u00edtse laptopja kijelz\u0151j\u00e9t a kiv\u00e1l\u00f3 min\u0151s\u00e9g\u0171 N173H6-L02 \/ L04 LCD-k\u00e9perny\u0151vel. Ez a 17,3 h\u00fcvelykes Full HD k\u00e9perny\u0151 \u00e9les 1920 x 1080 felbont\u00e1st \u00e9s f\u00e9nyes fel\u00fcletet k\u00edn\u00e1l az \u00e9l\u00e9nk sz\u00ednek \u00e9s tiszta k\u00e9pek \u00e9rdek\u00e9ben. A 40 t\u0171s csatlakoz\u00f3val \u00e9s a bal als\u00f3 csatlakoz\u00f3val a laptopok sz\u00e9les v\u00e1laszt\u00e9k\u00e1val biztos\u00edtja a kompatibilit\u00e1st. Ak\u00e1r egy s\u00e9r\u00fclt k\u00e9perny\u0151t cser\u00e9l, ak\u00e1r a jelenlegi kiv\u00e1l\u00f3 teljes\u00edtm\u00e9nyt \u00e9s a kiv\u00e1l\u00f3 min\u0151s\u00e9g\u0171 kijelz\u0151t friss\u00edti, ez az \u00faj tart\u00f3ss\u00e1g. a laptop k\u00e9perny\u0151j\u00e9nek helyre\u00e1ll\u00edt\u00e1s\u00e1hoz vagy jav\u00edt\u00e1s\u00e1hoz mindennapi haszn\u00e1latra, sz\u00f3rakoz\u00e1sra vagy munk\u00e1ra.<\/p>\n","protected":false},"excerpt":{"rendered":"<p>Vadonat\u00faj N173H6-L02 17,3&#8243;-es LCD k\u00e9perny\u0151 Full HD 1920&#215;1080 felbont\u00e1ssal \u00e9s f\u00e9nyes fel\u00fclettel. 40 t\u0171s csatlakoz\u00f3val, bal als\u00f3 elhelyez\u00e9ssel t\u00f6k\u00e9letes helyettes\u00edti a s\u00e9r\u00fclt kijelz\u0151ket, tiszta \u00e9s \u00e9l\u00e9nk l\u00e1tv\u00e1nyt biztos\u00edtva.<\/p>\n","protected":false},"featured_media":10812,"template":"","meta":[],"product_brand":[],"product_cat":[72,71],"product_tag":[],"class_list":{"0":"post-10806","1":"product","2":"type-product","3":"status-publish","4":"has-post-thumbnail","6":"product_cat-17-3","7":"product_cat-new-laptop-screens-lcd-panels","9":"first","10":"instock","11":"taxable","12":"shipping-taxable","13":"purchasable","14":"product-type-simple"},"_links":{"self":[{"href":"https:\/\/boreait.com\/hu\/wp-json\/wp\/v2\/product\/10806","targetHints":{"allow":["GET"]}}],"collection":[{"href":"https:\/\/boreait.com\/hu\/wp-json\/wp\/v2\/product"}],"about":[{"href":"https:\/\/boreait.com\/hu\/wp-json\/wp\/v2\/types\/product"}],"wp:featuredmedia":[{"embeddable":true,"href":"https:\/\/boreait.com\/hu\/wp-json\/wp\/v2\/media\/10812"}],"wp:attachment":[{"href":"https:\/\/boreait.com\/hu\/wp-json\/wp\/v2\/media?parent=10806"}],"wp:term":[{"taxonomy":"product_brand","embeddable":true,"href":"https:\/\/boreait.com\/hu\/wp-json\/wp\/v2\/product_brand?post=10806"},{"taxonomy":"product_cat","embeddable":true,"href":"https:\/\/boreait.com\/hu\/wp-json\/wp\/v2\/product_cat?post=10806"},{"taxonomy":"product_tag","embeddable":true,"href":"https:\/\/boreait.com\/hu\/wp-json\/wp\/v2\/product_tag?post=10806"}],"curies":[{"name":"wp","href":"https:\/\/api.w.org\/{rel}","templated":true}]}}