{"id":10805,"date":"2025-09-17T12:59:39","date_gmt":"2025-09-17T10:59:39","guid":{"rendered":"https:\/\/boreait.com\/hu\/?post_type=product&#038;p=10805"},"modified":"2025-09-17T12:59:45","modified_gmt":"2025-09-17T10:59:45","slug":"lp173wf1-173-lcd-kepernyo-fhd-1920x1080-fenyes-40-tus-bal-also-csatlakozo-uj","status":"publish","type":"product","link":"https:\/\/boreait.com\/hu\/termek\/lp173wf1-173-lcd-kepernyo-fhd-1920x1080-fenyes-40-tus-bal-also-csatlakozo-uj\/","title":{"rendered":"LP173WF1 17,3&#8243; LCD k\u00e9perny\u0151 FHD 1920&#215;1080 F\u00e9nyes 40 t\u0171s bal als\u00f3 csatlakoz\u00f3 \u00daj"},"content":{"rendered":"<p><strong>T\u00e9nyleges LCD-k\u00e9perny\u0151s modell: LP173WF1 TLB3 \u2013 TELJESEN KOMPATIBILIS A LP173WF1 TLA2 \/ TLB2 \/ TLB4 \/ TLB6 \/ TLD1 LAPTOP K\u00c9PERNY\u0150VEL<\/strong><\/p>\n<p>Friss\u00edtse laptopja kijelz\u0151j\u00e9t az LP173WF1 TLA2\/TLB2\/TLB4\/TLB6\/TLD1 LCD k\u00e9perny\u0151vel. Ez a kiv\u00e1l\u00f3 min\u0151s\u00e9g\u0171, 17,3 h\u00fcvelykes k\u00e9perny\u0151 1920 x 1080-as Full HD felbont\u00e1ssal rendelkezik az \u00e9les, tiszta k\u00e9p\u00e9rt, amely fokozza a megtekint\u00e9si \u00e9lm\u00e9nyt. A bal als\u00f3 sarokban tal\u00e1lhat\u00f3 40 t\u0171s csatlakoz\u00f3val kialak\u00edtott f\u00e9nyes k\u00e9perny\u0151 \u00e9l\u00e9nk, \u00e9les k\u00e9peket biztos\u00edt b\u00e1rmilyen feladathoz, a munk\u00e1t\u00f3l a sz\u00f3rakoz\u00e1sig. Ak\u00e1r egy s\u00e9r\u00fclt k\u00e9perny\u0151t cser\u00e9l, ak\u00e1r \u00fajat cser\u00e9l laptopj\u00e1n, vagy Az LP173WF1 LCD-k\u00e9perny\u0151 megb\u00edzhat\u00f3 v\u00e1laszt\u00e1s. Sz\u00e1mos laptopmodellel kompatibilis, \u00e9s egyenletes teljes\u00edtm\u00e9nyt biztos\u00edt gazdag sz\u00ednekkel \u00e9s magas f\u00e9ny\u0171 fel\u00fclettel.<\/p>\n","protected":false},"excerpt":{"rendered":"<p>Fejlessze laptopj\u00e1t az LP173WF1 17,3&#8243; LCD-k\u00e9perny\u0151vel. Full HD (1920 x 1080), f\u00e9nyes, 40 t\u0171s csatlakoz\u00f3 (balra lent). Vadonat\u00faj, \u00e9les l\u00e1tv\u00e1ny!<\/p>\n","protected":false},"featured_media":10812,"template":"","meta":[],"product_brand":[],"product_cat":[72,71],"product_tag":[],"class_list":{"0":"post-10805","1":"product","2":"type-product","3":"status-publish","4":"has-post-thumbnail","6":"product_cat-17-3","7":"product_cat-new-laptop-screens-lcd-panels","9":"first","10":"instock","11":"taxable","12":"shipping-taxable","13":"purchasable","14":"product-type-simple"},"_links":{"self":[{"href":"https:\/\/boreait.com\/hu\/wp-json\/wp\/v2\/product\/10805","targetHints":{"allow":["GET"]}}],"collection":[{"href":"https:\/\/boreait.com\/hu\/wp-json\/wp\/v2\/product"}],"about":[{"href":"https:\/\/boreait.com\/hu\/wp-json\/wp\/v2\/types\/product"}],"wp:featuredmedia":[{"embeddable":true,"href":"https:\/\/boreait.com\/hu\/wp-json\/wp\/v2\/media\/10812"}],"wp:attachment":[{"href":"https:\/\/boreait.com\/hu\/wp-json\/wp\/v2\/media?parent=10805"}],"wp:term":[{"taxonomy":"product_brand","embeddable":true,"href":"https:\/\/boreait.com\/hu\/wp-json\/wp\/v2\/product_brand?post=10805"},{"taxonomy":"product_cat","embeddable":true,"href":"https:\/\/boreait.com\/hu\/wp-json\/wp\/v2\/product_cat?post=10805"},{"taxonomy":"product_tag","embeddable":true,"href":"https:\/\/boreait.com\/hu\/wp-json\/wp\/v2\/product_tag?post=10805"}],"curies":[{"name":"wp","href":"https:\/\/api.w.org\/{rel}","templated":true}]}}