{"id":10804,"date":"2025-09-17T12:59:39","date_gmt":"2025-09-17T10:59:39","guid":{"rendered":"https:\/\/boreait.com\/hu\/?post_type=product&#038;p=10804"},"modified":"2025-09-17T12:59:45","modified_gmt":"2025-09-17T10:59:45","slug":"ltn173ht01-173-lcd-kepernyo-40-tus-fhd-1920x1080-fenyes-uj","status":"publish","type":"product","link":"https:\/\/boreait.com\/hu\/termek\/ltn173ht01-173-lcd-kepernyo-40-tus-fhd-1920x1080-fenyes-uj\/","title":{"rendered":"LTN173HT01 17,3&#8243; LCD k\u00e9perny\u0151 &#8211; 40 t\u0171s, FHD 1920&#215;1080, f\u00e9nyes, \u00faj"},"content":{"rendered":"<p><strong>T\u00e9nyleges LCD-k\u00e9perny\u0151s modell: LP173WF1 TLB3 \u2013 TELJESEN KOMPATIBILIS AZ LTN173HT01 LAPTOP K\u00c9PERNY\u0150VEL<\/strong><\/p>\n<p>Friss\u00edtse eszk\u00f6z\u00e9t az LTN173HT01 17,3 h\u00fcvelykes LCD-k\u00e9perny\u0151vel, amely Full HD felbont\u00e1st (1920&#215;1080) k\u00edn\u00e1l a leny\u0171g\u00f6z\u0151 k\u00e9ptisztas\u00e1g \u00e9s r\u00e9szletgazdags\u00e1g \u00e9rdek\u00e9ben. Ez az \u00faj k\u00e9perny\u0151 a bal als\u00f3 sarokban 40 t\u0171s csatlakoz\u00f3val rendelkezik, amely biztos\u00edtja a kompatibilit\u00e1st a k\u00fcl\u00f6nb\u00f6z\u0151 laptopmodellekkel. A f\u00e9nyes fel\u00fclet fokozza a sz\u00edngazdags\u00e1got \u00e9s a sz\u00f3rakoztat\u00e1st a munkav\u00e9gz\u00e9s \u00e9s a kontraszt mellett. A s\u00e9r\u00fclt k\u00e9perny\u0151 cser\u00e9j\u00e9re vagy laptopja vizu\u00e1lis teljes\u00edtm\u00e9ny\u00e9nek jav\u00edt\u00e1s\u00e1ra ez a kiv\u00e1l\u00f3 min\u0151s\u00e9g\u0171, vadonat\u00faj LCD-panel ide\u00e1lis v\u00e1laszt\u00e1s a z\u00f6kken\u0151mentes friss\u00edt\u00e9shez.<\/p>\n","protected":false},"excerpt":{"rendered":"<p>Ez a vadonat\u00faj LTN173HT01 17,3 h\u00fcvelykes LCD-k\u00e9perny\u0151 nagy felbont\u00e1s\u00fa FHD-kijelz\u0151vel (1920&#215;1080), 40 t\u0171s csatlakoz\u00f3val (balra lent) \u00e9s f\u00e9nyes fel\u00fclettel rendelkezik az \u00e9l\u00e9nk, \u00e9les k\u00e9p \u00e9rdek\u00e9ben. T\u00f6k\u00e9letes a laptop k\u00e9perny\u0151j\u00e9nek cser\u00e9j\u00e9hez vagy friss\u00edt\u00e9s\u00e9hez.<\/p>\n","protected":false},"featured_media":10812,"template":"","meta":[],"product_brand":[],"product_cat":[72,71],"product_tag":[],"class_list":{"0":"post-10804","1":"product","2":"type-product","3":"status-publish","4":"has-post-thumbnail","6":"product_cat-17-3","7":"product_cat-new-laptop-screens-lcd-panels","9":"first","10":"instock","11":"taxable","12":"shipping-taxable","13":"purchasable","14":"product-type-simple"},"_links":{"self":[{"href":"https:\/\/boreait.com\/hu\/wp-json\/wp\/v2\/product\/10804","targetHints":{"allow":["GET"]}}],"collection":[{"href":"https:\/\/boreait.com\/hu\/wp-json\/wp\/v2\/product"}],"about":[{"href":"https:\/\/boreait.com\/hu\/wp-json\/wp\/v2\/types\/product"}],"wp:featuredmedia":[{"embeddable":true,"href":"https:\/\/boreait.com\/hu\/wp-json\/wp\/v2\/media\/10812"}],"wp:attachment":[{"href":"https:\/\/boreait.com\/hu\/wp-json\/wp\/v2\/media?parent=10804"}],"wp:term":[{"taxonomy":"product_brand","embeddable":true,"href":"https:\/\/boreait.com\/hu\/wp-json\/wp\/v2\/product_brand?post=10804"},{"taxonomy":"product_cat","embeddable":true,"href":"https:\/\/boreait.com\/hu\/wp-json\/wp\/v2\/product_cat?post=10804"},{"taxonomy":"product_tag","embeddable":true,"href":"https:\/\/boreait.com\/hu\/wp-json\/wp\/v2\/product_tag?post=10804"}],"curies":[{"name":"wp","href":"https:\/\/api.w.org\/{rel}","templated":true}]}}