{"id":10803,"date":"2025-09-17T12:59:39","date_gmt":"2025-09-17T10:59:39","guid":{"rendered":"https:\/\/boreait.com\/hu\/?post_type=product&#038;p=10803"},"modified":"2025-09-17T12:59:45","modified_gmt":"2025-09-17T10:59:45","slug":"b173hw02-173-fhd-lcd-kepernyo-40-tus-fenyes-uj-allapotu","status":"publish","type":"product","link":"https:\/\/boreait.com\/hu\/termek\/b173hw02-173-fhd-lcd-kepernyo-40-tus-fenyes-uj-allapotu\/","title":{"rendered":"B173HW02 17,3&#8243; FHD LCD k\u00e9perny\u0151, 40 t\u0171s, f\u00e9nyes, \u00faj \u00e1llapot\u00fa"},"content":{"rendered":"<p><strong>T\u00e9nyleges LCD-k\u00e9perny\u0151s modell: LP173WF1 TLB3 \u2013 TELJESEN KOMPATIBILIS A B173HW02 LAPTOP K\u00c9PERNY\u0150VEL<\/strong><\/p>\n<p>Friss\u00edtse laptopja kijelz\u0151j\u00e9t ezzel a kiv\u00e1l\u00f3 min\u0151s\u00e9g\u0171 B173HW02 LCD-k\u00e9perny\u0151vel. A 17,3 h\u00fcvelykes m\u00e9ret\u0171, 1920 x 1080-as Full HD felbont\u00e1s\u00fa k\u00e9perny\u0151 \u00e9les, \u00e9l\u00e9nk l\u00e1tv\u00e1nyt ny\u00fajt a jobb megtekint\u00e9si \u00e9lm\u00e9ny \u00e9rdek\u00e9ben. F\u00e9nyes fel\u00fclet\u00e9nek k\u00f6sz\u00f6nhet\u0151en fokozza a sz\u00edntel\u00edtetts\u00e9get \u00e9s az \u00e9less\u00e9get, \u00edgy munk\u00e1hoz \u00e9s sz\u00f3rakoz\u00e1shoz egyar\u00e1nt ide\u00e1lis. A k\u00e9perny\u0151 40 t\u0171s bal als\u00f3 csatlakoz\u00f3val rendelkezik, \u00edgy kompatibilis a kompatibilis modellek sz\u00e9les sk\u00e1l\u00e1j\u00e1val. Ak\u00e1r egy t\u00f6r\u00f6tt k\u00e9perny\u0151t cser\u00e9l, ak\u00e1r friss\u00edti a jelenlegit, ez az \u00faj B173HW02 LCD-k\u00e9perny\u0151 vissza\u00e1ll\u00edtja k\u00e9sz\u00fcl\u00e9ke k\u00e9perny\u0151j\u00e9t az eredeti \u00e1llapot\u00e1ba, kiv\u00e1l\u00f3 megjelen\u00edt\u00e9si \u00e9lm\u00e9nyt biztos\u00edtva minden ig\u00e9ny\u00e9nek.<\/p>\n","protected":false},"excerpt":{"rendered":"<p>Cser\u00e9lje ki vagy friss\u00edtse laptopja kijelz\u0151j\u00e9t ezzel a 17,3 h\u00fcvelykes Full HD B173HW02 LCD-k\u00e9perny\u0151vel. F\u00e9nyes fel\u00fclettel \u00e9s 40 t\u0171s csatlakoz\u00f3val, \u00e9l\u00e9nk l\u00e1tv\u00e1nyt \u00e9s \u00e9les r\u00e9szleteket k\u00edn\u00e1l. Vadonat\u00faj.<\/p>\n","protected":false},"featured_media":10812,"template":"","meta":[],"product_brand":[],"product_cat":[72,71],"product_tag":[],"class_list":{"0":"post-10803","1":"product","2":"type-product","3":"status-publish","4":"has-post-thumbnail","6":"product_cat-17-3","7":"product_cat-new-laptop-screens-lcd-panels","9":"first","10":"instock","11":"taxable","12":"shipping-taxable","13":"purchasable","14":"product-type-simple"},"_links":{"self":[{"href":"https:\/\/boreait.com\/hu\/wp-json\/wp\/v2\/product\/10803","targetHints":{"allow":["GET"]}}],"collection":[{"href":"https:\/\/boreait.com\/hu\/wp-json\/wp\/v2\/product"}],"about":[{"href":"https:\/\/boreait.com\/hu\/wp-json\/wp\/v2\/types\/product"}],"wp:featuredmedia":[{"embeddable":true,"href":"https:\/\/boreait.com\/hu\/wp-json\/wp\/v2\/media\/10812"}],"wp:attachment":[{"href":"https:\/\/boreait.com\/hu\/wp-json\/wp\/v2\/media?parent=10803"}],"wp:term":[{"taxonomy":"product_brand","embeddable":true,"href":"https:\/\/boreait.com\/hu\/wp-json\/wp\/v2\/product_brand?post=10803"},{"taxonomy":"product_cat","embeddable":true,"href":"https:\/\/boreait.com\/hu\/wp-json\/wp\/v2\/product_cat?post=10803"},{"taxonomy":"product_tag","embeddable":true,"href":"https:\/\/boreait.com\/hu\/wp-json\/wp\/v2\/product_tag?post=10803"}],"curies":[{"name":"wp","href":"https:\/\/api.w.org\/{rel}","templated":true}]}}