{"id":10801,"date":"2025-09-17T12:59:38","date_gmt":"2025-09-17T10:59:38","guid":{"rendered":"https:\/\/boreait.com\/hu\/?post_type=product&#038;p=10801"},"modified":"2025-09-17T12:59:45","modified_gmt":"2025-09-17T10:59:45","slug":"lcd-kepernyo-b173hw01-v0-v1-v5-173-40-tus-fhd-1920x1080-fenyes-uj","status":"publish","type":"product","link":"https:\/\/boreait.com\/hu\/termek\/lcd-kepernyo-b173hw01-v0-v1-v5-173-40-tus-fhd-1920x1080-fenyes-uj\/","title":{"rendered":"LCD k\u00e9perny\u0151 B173HW01 V0\/V1\/V5, 17,3&#8243; 40 t\u0171s FHD 1920&#215;1080 f\u00e9nyes, \u00faj"},"content":{"rendered":"<p><strong>T\u00e9nyleges LCD-k\u00e9perny\u0151s modell: LP173WF1 TLB3 \u2013 TELJESEN KOMPATIBILIS A B173HW01 V0 \/ V1 \/ V5 &#8211; V.0 \/ V.1 \/ V.5 LAPTOP K\u00c9PERNY\u0150VEL<\/strong><\/p>\n<p>A B173HW01 sorozat (V0\/V1\/V5) egy pr\u00e9mium min\u0151s\u00e9g\u0171 csereLCD-k\u00e9perny\u0151, amelyet arra terveztek, hogy vissza\u00e1ll\u00edtsa laptopja kijelz\u0151j\u00e9nek eredeti tisztas\u00e1g\u00e1t \u00e9s ragyog\u00e1s\u00e1t. Az 1920&#215;1080-as Full HD felbont\u00e1ssal \u00e9s a f\u00e9nyes fel\u00fclettel rendelkez\u0151 17,3 h\u00fcvelykes k\u00e9perny\u0151 \u00e9l\u00e9nk sz\u00edneket \u00e9s \u00e9les l\u00e1tv\u00e1nyt biztos\u00edt minden feladathoz.<\/p>\n<p><strong>F\u0151bb jellemz\u0151k:<\/strong><\/p>\n<ul>\n<li><strong>Modell kompatibilit\u00e1s:<\/strong> B173HW01 V0, V1, V5<\/li>\n<li><strong>M\u00e9ret:<\/strong> 17,3 h\u00fcvelyk<\/li>\n<li><strong>Felbont\u00e1s:<\/strong> Full HD (1920 x 1080)<\/li>\n<li><strong>Befejez\u00e9s:<\/strong> F\u00e9nyes a fokozott vizu\u00e1lis vonzer\u0151\u00e9rt<\/li>\n<li><strong>Csatlakoz\u00f3 t\u00edpusa:<\/strong> 40 t\u0171s bal als\u00f3 csatlakoz\u00f3<\/li>\n<li><strong>\u00c1llapot:<\/strong> vadonat\u00faj<\/li>\n<\/ul>\n<p>Ez a k\u00e9perny\u0151 kiv\u00e1l\u00f3an helyettes\u00edti a t\u00f6r\u00f6tt vagy s\u00e9r\u00fclt kijelz\u0151ket. F\u00e9nyes fel\u00fclete cs\u00f6kkenti a t\u00fckr\u00f6z\u0151d\u00e9st, mik\u00f6zben jav\u00edtja a sz\u00ednm\u00e9lys\u00e9get \u00e9s az \u00e9less\u00e9get. Ak\u00e1r dolgozik, ak\u00e1r j\u00e1tszik, ak\u00e1r streamel, ez az LCD-k\u00e9perny\u0151 kiemelked\u0151 vizu\u00e1lis \u00e9lm\u00e9nyt ny\u00fajt.<\/p>\n","protected":false},"excerpt":{"rendered":"<p>Friss\u00edtse laptopj\u00e1t egy \u00faj B173HW01 LCD k\u00e9perny\u0151vel. Ez a 17,3 h\u00fcvelykes FHD-kijelz\u0151 f\u00e9nyes fel\u00fclettel, 1920&#215;1080-as felbont\u00e1ssal \u00e9s 40 t\u0171s bal als\u00f3 csatlakoz\u00f3val rendelkezik. Ide\u00e1lis \u00e9l\u00e9nk l\u00e1tv\u00e1nyokhoz \u00e9s \u00e9les r\u00e9szletekhez.<\/p>\n","protected":false},"featured_media":10812,"template":"","meta":[],"product_brand":[],"product_cat":[72,71],"product_tag":[],"class_list":{"0":"post-10801","1":"product","2":"type-product","3":"status-publish","4":"has-post-thumbnail","6":"product_cat-17-3","7":"product_cat-new-laptop-screens-lcd-panels","9":"first","10":"instock","11":"taxable","12":"shipping-taxable","13":"purchasable","14":"product-type-simple"},"_links":{"self":[{"href":"https:\/\/boreait.com\/hu\/wp-json\/wp\/v2\/product\/10801","targetHints":{"allow":["GET"]}}],"collection":[{"href":"https:\/\/boreait.com\/hu\/wp-json\/wp\/v2\/product"}],"about":[{"href":"https:\/\/boreait.com\/hu\/wp-json\/wp\/v2\/types\/product"}],"wp:featuredmedia":[{"embeddable":true,"href":"https:\/\/boreait.com\/hu\/wp-json\/wp\/v2\/media\/10812"}],"wp:attachment":[{"href":"https:\/\/boreait.com\/hu\/wp-json\/wp\/v2\/media?parent=10801"}],"wp:term":[{"taxonomy":"product_brand","embeddable":true,"href":"https:\/\/boreait.com\/hu\/wp-json\/wp\/v2\/product_brand?post=10801"},{"taxonomy":"product_cat","embeddable":true,"href":"https:\/\/boreait.com\/hu\/wp-json\/wp\/v2\/product_cat?post=10801"},{"taxonomy":"product_tag","embeddable":true,"href":"https:\/\/boreait.com\/hu\/wp-json\/wp\/v2\/product_tag?post=10801"}],"curies":[{"name":"wp","href":"https:\/\/api.w.org\/{rel}","templated":true}]}}