{"id":10800,"date":"2025-09-17T12:59:38","date_gmt":"2025-09-17T10:59:38","guid":{"rendered":"https:\/\/boreait.com\/hu\/?post_type=product&#038;p=10800"},"modified":"2025-09-17T12:59:44","modified_gmt":"2025-09-17T10:59:44","slug":"173-huvelykes-lcd-kepernyo-lp173wf1-tlb3-fhd-fenyes-40-tus-bal-also-csatlakozo-uj","status":"publish","type":"product","link":"https:\/\/boreait.com\/hu\/termek\/173-huvelykes-lcd-kepernyo-lp173wf1-tlb3-fhd-fenyes-40-tus-bal-also-csatlakozo-uj\/","title":{"rendered":"17,3 h\u00fcvelykes LCD k\u00e9perny\u0151 LP173WF1 TLB3, FHD f\u00e9nyes, 40 t\u0171s, bal als\u00f3 csatlakoz\u00f3, \u00faj"},"content":{"rendered":"<p>N\u00f6velje laptop \u00e9lm\u00e9ny\u00e9t az <strong>LP173WF1 TLB3 LCD-k\u00e9perny\u0151vel<\/strong>, amelyet nagy teljes\u00edtm\u00e9nyre \u00e9s leny\u0171g\u00f6z\u0151 l\u00e1tv\u00e1nyra terveztek. A 17,3 h\u00fcvelykes f\u00e9nyes kijelz\u0151vel b\u00fcszk\u00e9lked\u0151 k\u00e9perny\u0151 Full HD felbont\u00e1st (1920 x 1080) biztos\u00edt, \u00e9les r\u00e9szleteket \u00e9s \u00e9l\u00e9nk sz\u00edneket biztos\u00edtva. A 40 t\u0171s csatlakoz\u00f3 k\u00e9nyelmesen a bal als\u00f3 sarokban tal\u00e1lhat\u00f3, \u00edgy sz\u00e1mos laptopmodellel kompatibilis. Ak\u00e1r egy s\u00e9r\u00fclt k\u00e9perny\u0151t cser\u00e9l, ak\u00e1r a jobb l\u00e1tv\u00e1ny \u00e9rdek\u00e9ben friss\u00edt, ez az \u00faj LCD-panel tart\u00f3ss\u00e1got, kiv\u00e9teles tisztas\u00e1got \u00e9s egyszer\u0171 telep\u00edt\u00e9st k\u00edn\u00e1l. Ide\u00e1lis j\u00e1t\u00e9khoz, streaminghez vagy professzion\u00e1lis munk\u00e1hoz, t\u00f6k\u00e9letes v\u00e1laszt\u00e1s a z\u00f6kken\u0151mentes t\u00f6bbfeladatos munkav\u00e9gz\u00e9shez.<\/p>\n","protected":false},"excerpt":{"rendered":"<p>Friss\u00edtse laptopja kijelz\u0151j\u00e9t a 17,3 h\u00fcvelykes f\u00e9nyes fel\u00fclettel, FHD felbont\u00e1ssal (1920 x 1080) \u00e9s 40 t\u0171s bal als\u00f3 csatlakoz\u00f3val rendelkez\u0151 LP173WF1 TLB3 LCD-k\u00e9perny\u0151vel. T\u00f6k\u00e9letes krist\u00e1lytiszta k\u00e9phez \u00e9s \u00e9l\u00e9nk sz\u00ednekhez.<\/p>\n","protected":false},"featured_media":10812,"template":"","meta":[],"product_brand":[],"product_cat":[72,71],"product_tag":[],"class_list":{"0":"post-10800","1":"product","2":"type-product","3":"status-publish","4":"has-post-thumbnail","6":"product_cat-17-3","7":"product_cat-new-laptop-screens-lcd-panels","9":"first","10":"instock","11":"taxable","12":"shipping-taxable","13":"purchasable","14":"product-type-simple"},"_links":{"self":[{"href":"https:\/\/boreait.com\/hu\/wp-json\/wp\/v2\/product\/10800","targetHints":{"allow":["GET"]}}],"collection":[{"href":"https:\/\/boreait.com\/hu\/wp-json\/wp\/v2\/product"}],"about":[{"href":"https:\/\/boreait.com\/hu\/wp-json\/wp\/v2\/types\/product"}],"wp:featuredmedia":[{"embeddable":true,"href":"https:\/\/boreait.com\/hu\/wp-json\/wp\/v2\/media\/10812"}],"wp:attachment":[{"href":"https:\/\/boreait.com\/hu\/wp-json\/wp\/v2\/media?parent=10800"}],"wp:term":[{"taxonomy":"product_brand","embeddable":true,"href":"https:\/\/boreait.com\/hu\/wp-json\/wp\/v2\/product_brand?post=10800"},{"taxonomy":"product_cat","embeddable":true,"href":"https:\/\/boreait.com\/hu\/wp-json\/wp\/v2\/product_cat?post=10800"},{"taxonomy":"product_tag","embeddable":true,"href":"https:\/\/boreait.com\/hu\/wp-json\/wp\/v2\/product_tag?post=10800"}],"curies":[{"name":"wp","href":"https:\/\/api.w.org\/{rel}","templated":true}]}}