{"id":10798,"date":"2025-09-17T12:59:38","date_gmt":"2025-09-17T10:59:38","guid":{"rendered":"https:\/\/boreait.com\/hu\/?post_type=product&#038;p=10798"},"modified":"2025-09-17T12:59:43","modified_gmt":"2025-09-17T10:59:43","slug":"lcd-kepernyo-a-hp-victus-16-s-sorozathoz-161-fhd-144-hz-matt-uj","status":"publish","type":"product","link":"https:\/\/boreait.com\/hu\/termek\/lcd-kepernyo-a-hp-victus-16-s-sorozathoz-161-fhd-144-hz-matt-uj\/","title":{"rendered":"LCD k\u00e9perny\u0151 a HP Victus 16-S sorozathoz, 16,1&#8243; FHD, 144 Hz, matt, \u00faj"},"content":{"rendered":"<p><strong>T\u00e9nyleges LCD-k\u00e9perny\u0151s modell: N161hma-gak REV. C3 vagy n161hca-ga1 REV C.1 \u2013 TELJESEN KOMPATIBILIS A HP Victus 16 S0 \/ S00000 \/ S0xxxx sorozat\u00fa laptop k\u00e9perny\u0151j\u00e9vel<\/strong><\/p>\n<p>Friss\u00edtse HP Victus 16-S sorozat\u00fa laptopj\u00e1t ezzel a kiv\u00e1l\u00f3 min\u0151s\u00e9g\u0171 csereLCD-k\u00e9perny\u0151vel. Az optim\u00e1lis teljes\u00edtm\u00e9nyre tervezett 16,1 h\u00fcvelykes Full HD (1920&#215;1080) kijelz\u0151 \u00e9les k\u00e9pet ny\u00fajt sima, 144 Hz-es friss\u00edt\u00e9si gyakoris\u00e1ggal, \u00edgy kiv\u00e1l\u00f3 megtekint\u00e9si \u00e9lm\u00e9nyt biztos\u00edt a j\u00e1t\u00e9kokhoz, a multim\u00e9di\u00e1hoz \u00e9s a mindennapi feladatokhoz. A matt fel\u00fclet cs\u00f6kkenti a t\u00fckr\u00f6z\u0151d\u00e9st, \u00edgy ide\u00e1lis a k\u00fcl\u00f6nf\u00e9le f\u00e9nyviszonyok melletti haszn\u00e1latra.<\/p>\n<p>A legfontosabb jellemz\u0151k k\u00f6z\u00e9 tartozik a HP Victus 16-S modellek sz\u00e9les v\u00e1laszt\u00e9k\u00e1val val\u00f3 kompatibilit\u00e1s, a 250 nites f\u00e9nyer\u0151 az \u00e9l\u00e9nk sz\u00ednek\u00e9rt \u00e9s a 40 t\u0171s csatlakoz\u00f3 a z\u00f6kken\u0151mentes telep\u00edt\u00e9s \u00e9rdek\u00e9ben. Ez a k\u00e9perny\u0151 fels\u0151 \u00e9s als\u00f3 konzolok n\u00e9lk\u00fcl kaphat\u00f3, de k\u00e9toldalas \u00f6ntapad\u00f3 szalagot tartalmaz a probl\u00e9mamentes felszerel\u00e9s \u00e9rdek\u00e9ben. Tart\u00f3s fel\u00e9p\u00edt\u00e9s\u00e9vel \u00e9s energiahat\u00e9konys\u00e1g\u00e1val ez a vadonat\u00faj k\u00e9perny\u0151 t\u00f6k\u00e9letes helyettes\u00edti laptopj\u00e1t, vissza\u00e1ll\u00edtva eredeti funkcionalit\u00e1s\u00e1t \u00e9s vizu\u00e1lis tisztas\u00e1g\u00e1t.<\/p>\n<p>&nbsp;<\/p>\n<p><strong>Egyes kompatibilis laptopok list\u00e1ja:\u00a0\u00a0<\/strong><\/p>\n<p>16-R1000CI, 16-R1000NA, 16-R1000NB, 16-R1000NJ, 16-R1000NL, 16-R1000NS, 16-R1000NT, 16-R1000NX, 16-SFR10S 16-R1001NB, 16-R1001NC, 16-R1001NI, 16-R1001NS, 16-R1001NT, 16-R1001NX, 16-R1001SF, 16-R1001SL, 16-R1001SL, 16-R1001SL, 16-R0102R 16-R1002NF, 16-R1002NI, 16-R1002NJ, 16-R1002NK, 16-R1002NL, 16-R1002NM, 16-R1002NS, 16-R1002NT, 16-R1002NT, 16-R101, 16-R101 16-R1002SF, 16-R1002SL, 16-R1003CI, 16-R1003NI, 16-R1003NK, 16-R1003NS, 16-R1003NT, 16-R1003NX, 16-R1003NX, 16-R1016S 16-R1004LA, 16-R1004NA, 16-R1004NI, 16-R1004NK, 16-R1004NS, 16-R1004NT, \u200b\u200b16-R1004NX, 16-R1005NA, 16-R1005NA, 16-R106NI5NB, 16-R106-5NB 16-R1005NK, 16-R1005NS, 16-R1005NT, 16-R1005NV, 16-R1005NX, 16-R1005SL, 16-R1006LA, 16-R1006NK, 16-R1006NK, 16-R10606NP 16-R1006NT, 16-R1006NX, 16-R1006SL, 16-R1007NE, 16-R1007NS, 16-R1007NT, 16-R1007NV, 16-R1007NX, 16-R1007NX, 16-R101N, 8-R101 16-R1008NS, 16-R1008NT, 16-R1008NX, 16-R1009NE, 16-R1009NIA, 16-R1009NL, 16-R1009NS, 16-R1009NT, 16-R1009NT, 16-R1001, CI6-R101 16-R1010NE, 16-R1010NF, 16-R1010NM, 16-R1010NS, 16-R1010NT, 16-R1010NX, 16-R1011CI, 16-R1011NB, 16-R1011NB, 16-R1011N, 16-R11011R 16-R1011NJ, 16-R1011NS, 16-R1011NT, 16-R1011NX, 16-R1011TX, 16-R1012NE, 16-R1012NIA, 16-R1012NL, 16-R1012NL, 16-R1011, 16-R1010 16-R1013NE, 16-R1013NX, 16-R1015NT, 16-R1020NT, 16-R1022NT, 16-R1034NT, 16-R1038NT, 16-R1041NT, 16-R1041NT, 16-11642,1 16-R1046NT, 16-R1052NT, 16-R1058NT, 16-R1064NT, 16-R1067NT, 16-R1076NT, 16-R1775NG, 16-R1776NG, 16-R1776NG, 16-R1167-6,1 R1006NS, 16 R1020NT, 16 R1049NT, 16 R1076NT, 16 R1042NT<\/p>\n","protected":false},"excerpt":{"rendered":"<p>Csere LCD k\u00e9perny\u0151 HP Victus 16-S sorozat\u00fa laptopokhoz. 16,1 h\u00fcvelykes Full HD 144 Hz-es matt kijelz\u0151vel, 40 t\u0171s csatlakoz\u00f3val, 250 nites f\u00e9nyer\u0151vel \u00e9s k\u00e9toldalas ragaszt\u00f3szalaggal az egyszer\u0171 telep\u00edt\u00e9s \u00e9rdek\u00e9ben. \u00daj \u00e1llapot\u00fa, t\u00f6k\u00e9letes a laptop teljes\u00edtm\u00e9ny\u00e9nek helyre\u00e1ll\u00edt\u00e1s\u00e1hoz.<\/p>\n","protected":false},"featured_media":10036,"template":"","meta":[],"product_brand":[],"product_cat":[83,71],"product_tag":[25],"class_list":{"0":"post-10798","1":"product","2":"type-product","3":"status-publish","4":"has-post-thumbnail","6":"product_cat-16-1","7":"product_cat-new-laptop-screens-lcd-panels","8":"product_tag-hp","10":"first","11":"instock","12":"taxable","13":"shipping-taxable","14":"purchasable","15":"product-type-simple"},"_links":{"self":[{"href":"https:\/\/boreait.com\/hu\/wp-json\/wp\/v2\/product\/10798","targetHints":{"allow":["GET"]}}],"collection":[{"href":"https:\/\/boreait.com\/hu\/wp-json\/wp\/v2\/product"}],"about":[{"href":"https:\/\/boreait.com\/hu\/wp-json\/wp\/v2\/types\/product"}],"wp:featuredmedia":[{"embeddable":true,"href":"https:\/\/boreait.com\/hu\/wp-json\/wp\/v2\/media\/10036"}],"wp:attachment":[{"href":"https:\/\/boreait.com\/hu\/wp-json\/wp\/v2\/media?parent=10798"}],"wp:term":[{"taxonomy":"product_brand","embeddable":true,"href":"https:\/\/boreait.com\/hu\/wp-json\/wp\/v2\/product_brand?post=10798"},{"taxonomy":"product_cat","embeddable":true,"href":"https:\/\/boreait.com\/hu\/wp-json\/wp\/v2\/product_cat?post=10798"},{"taxonomy":"product_tag","embeddable":true,"href":"https:\/\/boreait.com\/hu\/wp-json\/wp\/v2\/product_tag?post=10798"}],"curies":[{"name":"wp","href":"https:\/\/api.w.org\/{rel}","templated":true}]}}