{"id":10792,"date":"2025-09-17T12:59:38","date_gmt":"2025-09-17T10:59:38","guid":{"rendered":"https:\/\/boreait.com\/hu\/?post_type=product&#038;p=10792"},"modified":"2025-10-15T14:12:45","modified_gmt":"2025-10-15T12:12:45","slug":"156-huvelykes-lcd-kepernyo-hp-probook-450-g6-g7-matt-ips-fhd-30-tus-uj-keszulekhez","status":"publish","type":"product","link":"https:\/\/boreait.com\/hu\/termek\/156-huvelykes-lcd-kepernyo-hp-probook-450-g6-g7-matt-ips-fhd-30-tus-uj-keszulekhez\/","title":{"rendered":"15,6 h\u00fcvelykes LCD-k\u00e9perny\u0151 HP ProBook 450 G6\/G7 matt IPS FHD 30 t\u0171s (\u00faj) k\u00e9sz\u00fcl\u00e9khez"},"content":{"rendered":"<p><strong>T\u00e9nyleges LCD-k\u00e9perny\u0151s modell: B156ZAN03.6 vagy N156HCA-EAB Rev C.4 \u2013 teljes m\u00e9rt\u00e9kben kompatibilis a HP ProBook 450 G6 \u00e9s 450 G7 laptopokkal<\/strong><\/p>\n<p>Ez a vadonat\u00faj LCD-k\u00e9perny\u0151 t\u00f6k\u00e9letes helyettes\u00edti a HP ProBook 450 G6 vagy 450 G7 laptopot. Ez a sima matt fel\u00fclet\u0171, 15,6&#8243;-os kijelz\u0151 minim\u00e1lisra cs\u00f6kkenti a t\u00fckr\u00f6z\u0151d\u00e9st, tiszta \u00e9s k\u00e9nyelmes megjelen\u00edt\u00e9st biztos\u00edt b\u00e1rmilyen f\u00e9nyviszonyok k\u00f6z\u00f6tt. A Full HD (1920&#215;1080) felbont\u00e1s az IPS technol\u00f3gi\u00e1val kombin\u00e1lva \u00e9l\u00e9nk sz\u00edneket \u00e9s sz\u00e9les betekint\u00e9si sz\u00f6geket biztos\u00edt, \u00edgy professzion\u00e1lis \u00e9s szem\u00e9lyes haszn\u00e1latra egyar\u00e1nt ide\u00e1lis.<\/p>\n<p><strong>F\u0151bb jellemz\u0151k:<\/strong><\/p>\n<ul>\n<li><strong>Kompatibilit\u00e1s:<\/strong> HP ProBook 450 G6 \u00e9s 450 G7 (nem \u00e9rint\u0151k\u00e9perny\u0151s modellek) sz\u00e1m\u00e1ra tervezve.<\/li>\n<li><strong>Kijelz\u0151 t\u00edpusa:<\/strong> Matt fel\u00fclet, Full HD (1920&#215;1080) IPS panel.<\/li>\n<li><strong>Csatlakoz\u00f3:<\/strong> 30 t\u0171s eDP, amely z\u00f6kken\u0151mentes kapcsolatot biztos\u00edt.<\/li>\n<li><strong>R\u00f6gz\u00edt\u0151cs\u00edkok mell\u00e9kelve:<\/strong> A k\u00e9toldalas ragaszt\u00f3cs\u00edkok a biztons\u00e1gos \u00e9s egyszer\u0171 telep\u00edt\u00e9s \u00e9rdek\u00e9ben.<\/li>\n<li><strong>\u00c1llapot:<\/strong> 100%-ban teljesen \u00faj, k\u00e9szen \u00e1ll a megl\u00e9v\u0151 k\u00e9perny\u0151 cser\u00e9j\u00e9re.<\/li>\n<\/ul>\n<p>Ak\u00e1r k\u00e9perny\u0151 cser\u00e9re van sz\u00fcks\u00e9ge s\u00e9r\u00fcl\u00e9s miatt, ak\u00e1r friss\u00edteni szeretn\u00e9 laptopj\u00e1t, ez a term\u00e9k kiv\u00e1l\u00f3 teljes\u00edtm\u00e9nyt \u00e9s egyszer\u0171 telep\u00edt\u00e9st k\u00edn\u00e1l. Keltse \u00fajra \u00e9letre laptopj\u00e1t ezzel a megb\u00edzhat\u00f3 \u00e9s tart\u00f3s kijelz\u0151megold\u00e1ssal.<\/p>\n","protected":false},"excerpt":{"rendered":"<div class=\"flex max-w-full flex-col flex-grow\">\n<div class=\"min-h-8 text-message flex w-full flex-col items-end gap-2 whitespace-normal break-words [.text-message+&amp;]:mt-5\" dir=\"auto\" data-message-author-role=\"assistant\" data-message-id=\"643e7024-2c48-4fd0-8ce1-7db539127bf6\" data-client-thread-id=\"WEB:0938c45f-8fb2-4fcd-987c-cdd10acde468\"\">model-4ssaolug&#8221;>model-4ssalugeg&#8221;<\/p>\n<div class=\"flex w-full flex-col gap-1 empty:hidden first:pt-[3px]\">\n<div class=\"markdown prose w-full break-words dark:prose-invert light\">\n<p>Friss\u00edtse HP ProBook 450 G6 vagy 450 G7 k\u00e9sz\u00fcl\u00e9k\u00e9t ezzel a 15,6 h\u00fcvelykes matt LCD-k\u00e9perny\u0151vel. Az IPS technol\u00f3gi\u00e1val, Full HD felbont\u00e1ssal \u00e9s 30 t\u0171s eDP-csatlakoz\u00f3val rendelkez\u0151, \u00e9rint\u00e9smentes kijelz\u0151 \u00e9l\u00e9nk l\u00e1tv\u00e1nyt ny\u00fajt. K\u00e9toldalas ragaszt\u00f3cs\u00edkokat tartalmaz a probl\u00e9mamentes telep\u00edt\u00e9s \u00e9rdek\u00e9ben. Teljesen \u00faj.<\/p>\n<\/div>\n<\/div>\n<\/div>\n<\/div>\n","protected":false},"featured_media":9615,"template":"","meta":[],"product_brand":[],"product_cat":[81,71],"product_tag":[25],"class_list":{"0":"post-10792","1":"product","2":"type-product","3":"status-publish","4":"has-post-thumbnail","6":"product_cat-15-6-new-laptop-screens-lcd-panels","7":"product_cat-new-laptop-screens-lcd-panels","8":"product_tag-hp","10":"first","11":"instock","12":"taxable","13":"shipping-taxable","14":"purchasable","15":"product-type-simple"},"_links":{"self":[{"href":"https:\/\/boreait.com\/hu\/wp-json\/wp\/v2\/product\/10792","targetHints":{"allow":["GET"]}}],"collection":[{"href":"https:\/\/boreait.com\/hu\/wp-json\/wp\/v2\/product"}],"about":[{"href":"https:\/\/boreait.com\/hu\/wp-json\/wp\/v2\/types\/product"}],"wp:featuredmedia":[{"embeddable":true,"href":"https:\/\/boreait.com\/hu\/wp-json\/wp\/v2\/media\/9615"}],"wp:attachment":[{"href":"https:\/\/boreait.com\/hu\/wp-json\/wp\/v2\/media?parent=10792"}],"wp:term":[{"taxonomy":"product_brand","embeddable":true,"href":"https:\/\/boreait.com\/hu\/wp-json\/wp\/v2\/product_brand?post=10792"},{"taxonomy":"product_cat","embeddable":true,"href":"https:\/\/boreait.com\/hu\/wp-json\/wp\/v2\/product_cat?post=10792"},{"taxonomy":"product_tag","embeddable":true,"href":"https:\/\/boreait.com\/hu\/wp-json\/wp\/v2\/product_tag?post=10792"}],"curies":[{"name":"wp","href":"https:\/\/api.w.org\/{rel}","templated":true}]}}