{"id":10789,"date":"2025-09-17T12:59:37","date_gmt":"2025-09-17T10:59:37","guid":{"rendered":"https:\/\/boreait.com\/hu\/?post_type=product&#038;p=10789"},"modified":"2025-09-17T12:59:41","modified_gmt":"2025-09-17T10:59:41","slug":"lcd-kepernyo-hp-omen-16-wd-sorozathoz-161-fhd-144hz-matt-40-tus-uj","status":"publish","type":"product","link":"https:\/\/boreait.com\/hu\/termek\/lcd-kepernyo-hp-omen-16-wd-sorozathoz-161-fhd-144hz-matt-40-tus-uj\/","title":{"rendered":"LCD k\u00e9perny\u0151 HP OMEN 16-WD sorozathoz, 16,1&#8243; FHD 144Hz matt, 40 t\u0171s, \u00faj"},"content":{"rendered":"<p><strong>T\u00e9nyleges LCD-k\u00e9perny\u0151s modell: N161hma-gak REV. C3 vagy n161hca-ga1 REV C.1 \u2013 TELJESEN KOMPATIBILIS A HP OMEN 16 WD \/ WD00000\/ WDxxxx sorozat\u00fa laptop k\u00e9perny\u0151j\u00e9vel<\/strong><\/p>\n<p>Fokozza tov\u00e1bb HP OMEN 16-WD sorozat\u00fa laptopj\u00e1t ezzel a pr\u00e9mium csere LCD-k\u00e9perny\u0151vel. A 16-WD0000CA, 16-WD0000NA \u00e9s a sorozat t\u00f6bbi t\u00edpus\u00e1hoz tervezett 16,1 h\u00fcvelykes k\u00e9perny\u0151 Full HD felbont\u00e1st, 144 Hz-es friss\u00edt\u00e9si gyakoris\u00e1got \u00e9s 250 nites f\u00e9nyer\u0151t k\u00edn\u00e1l az \u00e9les, \u00e9l\u00e9nk l\u00e1tv\u00e1ny \u00e9rdek\u00e9ben.<\/p>\n<p>Matt fel\u00fclete minim\u00e1lisra cs\u00f6kkenti a t\u00fckr\u00f6z\u0151d\u00e9st, \u00edgy optim\u00e1lis megtekint\u00e9si \u00e9lm\u00e9nyt biztos\u00edt j\u00e1t\u00e9k, munka vagy streamel\u00e9s k\u00f6zben. A k\u00e9perny\u0151 40 t\u0171s csatlakoz\u00f3val rendelkezik, \u00e9s k\u00e9toldalas \u00f6ntapad\u00f3 szalaggal rendelkezik a gyors \u00e9s probl\u00e9mamentes telep\u00edt\u00e9s \u00e9rdek\u00e9ben.<\/p>\n<p>F\u0151bb jellemz\u0151k:<\/p>\n<ul>\n<li><strong>Kompatibilit\u00e1s:<\/strong> HP OMEN 16-WD sorozat (16-WD0000, 16-WD0001, 16-WD0003 stb.)<\/li>\n<li><strong>K\u00e9perny\u0151m\u00e9ret:<\/strong> 16,1 h\u00fcvelyk<\/li>\n<li><strong>Felbont\u00e1s:<\/strong> Full HD (1920&#215;1080)<\/li>\n<li><strong>Friss\u00edt\u00e9si gyakoris\u00e1g:<\/strong> 144 Hz<\/li>\n<li><strong>F\u00e9nyer\u0151:<\/strong> 250 nit<\/li>\n<li><strong>Befejez\u00e9s:<\/strong> Matt (csillant\u00e1sg\u00e1tl\u00f3)<\/li>\n<li><strong>Csatlakoz\u00f3:<\/strong> 40 t\u0171s<\/li>\n<li><strong>\u00c1llapot:<\/strong> vadonat\u00faj<\/li>\n<\/ul>\n<p>Megjegyz\u00e9s: Ez egy nem \u00e9rint\u0151k\u00e9perny\u0151 csere, \u00e9s nem tartalmaz fels\u0151 vagy als\u00f3 z\u00e1r\u00f3jelet. A kiv\u00e9teles min\u0151s\u00e9get \u00e9s teljes\u00edtm\u00e9nyt keres\u0151k sz\u00e1m\u00e1ra k\u00e9sz\u00fclt ez a k\u00e9perny\u0151 ide\u00e1lis laptopja cs\u00facsmin\u0151s\u00e9g\u0171 \u00e1llapot\u00e1nak helyre\u00e1ll\u00edt\u00e1s\u00e1hoz.<\/p>\n<p>Ak\u00e1r j\u00e1t\u00e9kos, ak\u00e1r di\u00e1k, ak\u00e1r profi, ez a cserek\u00e9perny\u0151 z\u00f6kken\u0151mentes teljes\u00edtm\u00e9nyt \u00e9s kiv\u00e9teles megjelen\u00edt\u00e9si min\u0151s\u00e9get biztos\u00edt.<\/p>\n<p><strong>Egyes kompatibilis laptopok list\u00e1ja:\u00a0\u00a0<\/strong><\/p>\n<p>16-WD0000CA, 16-WD0000NA, 16-WD0000NE, 16-WD0000NIA, 16-WD0000NJ, 16-WD0000NK, 16-WD0000NM, 16-WD0000NM, 16-WD0000NS,0010 16-WD0000NT, 16-WD0000NU, 16-WD0000NV, 16-WD0000NX, 16-WD0000SA, 16-WD0000SL, 16-WD0000TX, 16-WD0000TX, 16-WD0000-UCA0,00101 16-WD0001NB, 16-WD0001NI, 16-WD0001NK, 16-WD0001NL, 16-WD0001NN, 16-WD0001NS, 16-WD0001NT, 16-WD0001N,0,0 16-WD0001SL, 16-WD0001TX, 16-WD0001UA, 16-WD0002CI, 16-WD0002LA, 16-WD0002NIA, 16-WD0002NK, 16-WD0002NK, 16-WD0062W, 16-WD0002W 16-WD0002NS, 16-WD0002NT, 16-WD0002SL, 16-WD0002TX, 16-WD0002UA, 16-WD0003CI, 16-WD0003LA, 16-WD0003LA, 16-WD0003N,00103N,00063N 16-WD0003NS, 16-WD0003NT, 16-WD0003NV, 16-WD0003SL, 16-WD0003TX, 16-WD0004CI, 16-WD0004NB, 16-WD0004NB, 16-WD0004NIAD,0064NIAD,0 16-WD0004NL, 16-WD0004NS, 16-WD0004NT, \u200b\u200b16-WD0004TX, 16-WD0004UA, 16-WD0005CI, 16-WD0005NE, 16-WD0005NE, 16-WD0005NIAD,00105NIAD,00105N 16-WD0005NL, 16-WD0005NN, 16-WD0005NO, 16-WD0005NS, 16-WD0005NT, 16-WD0005NV, 16-WD0005UA, 16-WD0006W,0,0066CI 16-WD0006NL, 16-WD0006NS, 16-WD0006NT, 16-WD0007CI, 16-WD0007NE, 16-WD0007NIA, 16-WD0007NL, 16-WD0007NL, 16-WD006NT,0,0107W 16-WD0008CA, 16-WD0008CI, 16-WD0008NB, 16-WD0008NP, 16-WD0008NS, 16-WD0008NT, 16-WD0009CI, 16-WD06-WIAD,0109N,0109 16-WD0009NS, 16-WD0009NT, 16-WD0010CA, 16-WD0010CI, 16-WD0010NB, 16-WD0010NIA, 16-WD0010NS, 16-WD016-NO1,0 16-wd0063dx, 16-wd0770tx, 16-wd0990tx, 16-wd0012tx, 16-wd0880tx<\/p>\n","protected":false},"excerpt":{"rendered":"<p>Friss\u00edtse HP OMEN 16-WD sorozat\u00fa laptopj\u00e1t ezzel a 16,1&#8243;-es FHD LCD-k\u00e9perny\u0151vel. 144 Hz-es friss\u00edt\u00e9si gyakoris\u00e1ggal, matt fel\u00fclettel \u00e9s 250 nites f\u00e9nyer\u0151vel leny\u0171g\u00f6z\u0151 l\u00e1tv\u00e1nyt ny\u00fajt j\u00e1t\u00e9khoz vagy professzion\u00e1lis haszn\u00e1lathoz. K\u00e9toldalas ragaszt\u00f3szalaggal rendelkezik az egyszer\u0171 telep\u00edt\u00e9s \u00e9rdek\u00e9ben.<\/p>\n","protected":false},"featured_media":10036,"template":"","meta":[],"product_brand":[],"product_cat":[83,71],"product_tag":[25],"class_list":{"0":"post-10789","1":"product","2":"type-product","3":"status-publish","4":"has-post-thumbnail","6":"product_cat-16-1","7":"product_cat-new-laptop-screens-lcd-panels","8":"product_tag-hp","10":"first","11":"instock","12":"taxable","13":"shipping-taxable","14":"purchasable","15":"product-type-simple"},"_links":{"self":[{"href":"https:\/\/boreait.com\/hu\/wp-json\/wp\/v2\/product\/10789","targetHints":{"allow":["GET"]}}],"collection":[{"href":"https:\/\/boreait.com\/hu\/wp-json\/wp\/v2\/product"}],"about":[{"href":"https:\/\/boreait.com\/hu\/wp-json\/wp\/v2\/types\/product"}],"wp:featuredmedia":[{"embeddable":true,"href":"https:\/\/boreait.com\/hu\/wp-json\/wp\/v2\/media\/10036"}],"wp:attachment":[{"href":"https:\/\/boreait.com\/hu\/wp-json\/wp\/v2\/media?parent=10789"}],"wp:term":[{"taxonomy":"product_brand","embeddable":true,"href":"https:\/\/boreait.com\/hu\/wp-json\/wp\/v2\/product_brand?post=10789"},{"taxonomy":"product_cat","embeddable":true,"href":"https:\/\/boreait.com\/hu\/wp-json\/wp\/v2\/product_cat?post=10789"},{"taxonomy":"product_tag","embeddable":true,"href":"https:\/\/boreait.com\/hu\/wp-json\/wp\/v2\/product_tag?post=10789"}],"curies":[{"name":"wp","href":"https:\/\/api.w.org\/{rel}","templated":true}]}}