{"id":10788,"date":"2025-09-17T12:59:37","date_gmt":"2025-09-17T10:59:37","guid":{"rendered":"https:\/\/boreait.com\/hu\/?post_type=product&#038;p=10788"},"modified":"2025-09-17T12:59:41","modified_gmt":"2025-09-17T10:59:41","slug":"14-huvelykes-lcd-kepernyo-hp-14-ca-sorozatu-fhd-1920x1080-ips-matt-erintesmentes-30-tus","status":"publish","type":"product","link":"https:\/\/boreait.com\/hu\/termek\/14-huvelykes-lcd-kepernyo-hp-14-ca-sorozatu-fhd-1920x1080-ips-matt-erintesmentes-30-tus\/","title":{"rendered":"14 h\u00fcvelykes LCD-k\u00e9perny\u0151 HP 14-ca sorozat\u00fa FHD 1920&#215;1080 IPS matt, \u00e9rint\u00e9smentes 30 t\u0171s"},"content":{"rendered":"<p><strong>T\u00e9nyleges LCD k\u00e9perny\u0151s modell: N140HCA-ELK REV C.2 \u2013 TELJESEN KOMPATIBILIS A HP 14-ca sorozat\u00fa laptop k\u00e9perny\u0151j\u00e9vel<\/strong><\/p>\n<p>Friss\u00edtse HP 14-ca sorozat\u00fa laptopj\u00e1t ezzel a kiv\u00e1l\u00f3 min\u0151s\u00e9g\u0171, vadonat\u00faj 14&#8243;-es LCD-k\u00e9perny\u0151vel. Ez az \u00e9rint\u00e9s n\u00e9lk\u00fcli v\u00e1ltozat 1920 x 1080 Full HD felbont\u00e1ssal b\u00fcszk\u00e9lkedhet, \u00e9les, \u00e9l\u00e9nk l\u00e1tv\u00e1nyt ny\u00fajtva IPS-panellel a kiv\u00e1l\u00f3 sz\u00ednpontoss\u00e1g \u00e9s a sz\u00e9les betekint\u00e9si sz\u00f6g \u00e9rdek\u00e9ben. A k\u00e9perny\u0151 matt fel\u00fclete n\u00e9lk\u00fcl \u00e9rkezik azok sz\u00e1m\u00e1ra, akiknek k\u00f6zvetlen jav\u00edt\u00e1sra van sz\u00fcks\u00e9g\u00fck. k\u00e1pr\u00e1z\u00e1s, tiszta l\u00e1that\u00f3s\u00e1got biztos\u00edtva m\u00e9g er\u0151s f\u00e9nyviszonyok k\u00f6z\u00f6tt is. A 30 t\u0171s csatlakoz\u00f3 biztos\u00edtja a kompatibilit\u00e1st a laptoppal, a mell\u00e9kelt k\u00e9toldalas \u00f6ntapad\u00f3 szalag pedig ide\u00e1lis a laptop kijelz\u0151j\u00e9nek eredeti \u00e1llapot\u00e1ba val\u00f3 vissza\u00e1ll\u00edt\u00e1s\u00e1hoz, z\u00f6kken\u0151mentes, professzion\u00e1lis megjelen\u00e9st biztos\u00edtva.<\/p>\n","protected":false},"excerpt":{"rendered":"<p>Vadonat\u00faj 14&#8243;-es LCD k\u00e9perny\u0151 HP 14-ca sorozathoz. 1920&#215;1080, IPS, matt kivitel. 30 t\u0171s csatlakoz\u00f3val \u00e9s \u00f6ntapad\u00f3 szalaggal. \u00c9rint\u00e9smentes v\u00e1ltozat.<\/p>\n","protected":false},"featured_media":9973,"template":"","meta":[],"product_brand":[],"product_cat":[74,71],"product_tag":[],"class_list":{"0":"post-10788","1":"product","2":"type-product","3":"status-publish","4":"has-post-thumbnail","6":"product_cat-14-new-laptop-screens-lcd-panels","7":"product_cat-new-laptop-screens-lcd-panels","9":"first","10":"instock","11":"taxable","12":"shipping-taxable","13":"purchasable","14":"product-type-simple"},"_links":{"self":[{"href":"https:\/\/boreait.com\/hu\/wp-json\/wp\/v2\/product\/10788","targetHints":{"allow":["GET"]}}],"collection":[{"href":"https:\/\/boreait.com\/hu\/wp-json\/wp\/v2\/product"}],"about":[{"href":"https:\/\/boreait.com\/hu\/wp-json\/wp\/v2\/types\/product"}],"wp:featuredmedia":[{"embeddable":true,"href":"https:\/\/boreait.com\/hu\/wp-json\/wp\/v2\/media\/9973"}],"wp:attachment":[{"href":"https:\/\/boreait.com\/hu\/wp-json\/wp\/v2\/media?parent=10788"}],"wp:term":[{"taxonomy":"product_brand","embeddable":true,"href":"https:\/\/boreait.com\/hu\/wp-json\/wp\/v2\/product_brand?post=10788"},{"taxonomy":"product_cat","embeddable":true,"href":"https:\/\/boreait.com\/hu\/wp-json\/wp\/v2\/product_cat?post=10788"},{"taxonomy":"product_tag","embeddable":true,"href":"https:\/\/boreait.com\/hu\/wp-json\/wp\/v2\/product_tag?post=10788"}],"curies":[{"name":"wp","href":"https:\/\/api.w.org\/{rel}","templated":true}]}}