{"id":10787,"date":"2025-09-17T12:59:37","date_gmt":"2025-09-17T10:59:37","guid":{"rendered":"https:\/\/boreait.com\/hu\/?post_type=product&#038;p=10787"},"modified":"2025-09-17T12:59:41","modified_gmt":"2025-09-17T10:59:41","slug":"hp-14-df-14-lcd-kepernyo-erintesmentes-fhd-1920x1080-ips-matt-30-tus-uj","status":"publish","type":"product","link":"https:\/\/boreait.com\/hu\/termek\/hp-14-df-14-lcd-kepernyo-erintesmentes-fhd-1920x1080-ips-matt-30-tus-uj\/","title":{"rendered":"HP 14-df 14&#8243; LCD k\u00e9perny\u0151 \u00e9rint\u00e9smentes FHD 1920&#215;1080 IPS matt 30 t\u0171s \u00daj"},"content":{"rendered":"<p><strong>T\u00e9nyleges LCD-k\u00e9perny\u0151s modell: N140HCA-ELK REV C.2 \u2013 TELJESEN KOMPATIBILIS A HP 14-df sorozat\u00fa laptop k\u00e9perny\u0151j\u00e9vel<\/strong><\/p>\n<p>Friss\u00edtse HP 14-df sorozat\u00fa laptopj\u00e1t ezzel a kiv\u00e1l\u00f3 min\u0151s\u00e9g\u0171 14&#8243;-es LCD-k\u00e9perny\u0151vel. Ezt a Non-Touch verzi\u00f3t \u00fagy tervezt\u00e9k, hogy kiv\u00e9teles teljes\u00edtm\u00e9nyt \u00e9s tisztas\u00e1got biztos\u00edtson Full HD 1920 x 1080 felbont\u00e1ssal. A k\u00e9perny\u0151 IPS panellel van felszerelve, amely \u00e9l\u00e9nk sz\u00edneket \u00e9s sz\u00e9les betekint\u00e9si sz\u00f6geket biztos\u00edt, m\u00edg a matt fel\u00fclet cs\u00f6kkenti az olvashat\u00f3s\u00e1got a f\u00e9nyes k\u00f6rnyezetben, vagy fokozza a f\u00e9nyes k\u00f6rnyezetet. egyszer\u0171v\u00e9 teszi a telep\u00edt\u00e9st, \u00e9s k\u00e9toldalas \u00f6ntapad\u00f3 szalagot tartalmaz a biztons\u00e1gos r\u00f6gz\u00edt\u00e9shez. Ez a k\u00e9perny\u0151 teljesen \u00faj, nincs benne fels\u0151 vagy als\u00f3 tart\u00f3, \u00edgy t\u00f6k\u00e9letes helyettes\u00edti a s\u00e9r\u00fclt vagy rosszul m\u0171k\u00f6d\u0151 kijelz\u0151t, ez az LCD-k\u00e9perny\u0151 megb\u00edzhat\u00f3 teljes\u00edtm\u00e9nyt \u00e9s jobb megtekint\u00e9si \u00e9lm\u00e9nyt biztos\u00edt.<\/p>\n","protected":false},"excerpt":{"rendered":"<p>N\u00f6velje HP 14-df sorozat\u00fa laptopj\u00e1t ezzel a 14&#8243;-es FHD LCD k\u00e9perny\u0151 cser\u00e9vel. Non-Touch, IPS, matt, 1920 x 1080, 30 t\u0171s csatlakoz\u00f3val. \u00daj \u00e1llapot\u00fa, k\u00e9toldalas ragaszt\u00f3szalagot tartalmaz. Konzolok n\u00e9lk\u00fcl.<\/p>\n","protected":false},"featured_media":9973,"template":"","meta":[],"product_brand":[],"product_cat":[74,71],"product_tag":[],"class_list":{"0":"post-10787","1":"product","2":"type-product","3":"status-publish","4":"has-post-thumbnail","6":"product_cat-14-new-laptop-screens-lcd-panels","7":"product_cat-new-laptop-screens-lcd-panels","9":"first","10":"instock","11":"taxable","12":"shipping-taxable","13":"purchasable","14":"product-type-simple"},"_links":{"self":[{"href":"https:\/\/boreait.com\/hu\/wp-json\/wp\/v2\/product\/10787","targetHints":{"allow":["GET"]}}],"collection":[{"href":"https:\/\/boreait.com\/hu\/wp-json\/wp\/v2\/product"}],"about":[{"href":"https:\/\/boreait.com\/hu\/wp-json\/wp\/v2\/types\/product"}],"wp:featuredmedia":[{"embeddable":true,"href":"https:\/\/boreait.com\/hu\/wp-json\/wp\/v2\/media\/9973"}],"wp:attachment":[{"href":"https:\/\/boreait.com\/hu\/wp-json\/wp\/v2\/media?parent=10787"}],"wp:term":[{"taxonomy":"product_brand","embeddable":true,"href":"https:\/\/boreait.com\/hu\/wp-json\/wp\/v2\/product_brand?post=10787"},{"taxonomy":"product_cat","embeddable":true,"href":"https:\/\/boreait.com\/hu\/wp-json\/wp\/v2\/product_cat?post=10787"},{"taxonomy":"product_tag","embeddable":true,"href":"https:\/\/boreait.com\/hu\/wp-json\/wp\/v2\/product_tag?post=10787"}],"curies":[{"name":"wp","href":"https:\/\/api.w.org\/{rel}","templated":true}]}}