{"id":10786,"date":"2025-09-17T12:59:37","date_gmt":"2025-09-17T10:59:37","guid":{"rendered":"https:\/\/boreait.com\/hu\/?post_type=product&#038;p=10786"},"modified":"2025-09-17T12:59:40","modified_gmt":"2025-09-17T10:59:40","slug":"14-huvelykes-lcd-kepernyo-hp-14-fc-sorozatu-fhd-ips-hez-erintesmentes-30-tus-matt-uj","status":"publish","type":"product","link":"https:\/\/boreait.com\/hu\/termek\/14-huvelykes-lcd-kepernyo-hp-14-fc-sorozatu-fhd-ips-hez-erintesmentes-30-tus-matt-uj\/","title":{"rendered":"14 h\u00fcvelykes LCD-k\u00e9perny\u0151 HP 14-fc sorozat\u00fa FHD IPS-hez, \u00e9rint\u00e9smentes, 30 t\u0171s, matt, \u00faj"},"content":{"rendered":"<p><strong>T\u00e9nyleges LCD-k\u00e9perny\u0151s modell: N140HCA-ELK REV C.2 \u2013 TELJESEN KOMPATIBILIS A HP 14-fc sorozat\u00fa laptop k\u00e9perny\u0151j\u00e9vel<\/strong><\/p>\n<p>Friss\u00edtse HP 14-fc sorozat\u00fa laptopj\u00e1t ezzel a kiv\u00e1l\u00f3 min\u0151s\u00e9g\u0171 14&#8243;-es LCD-k\u00e9perny\u0151vel. A nem \u00e9rint\u00e9smentes v\u00e1ltozathoz tervezett k\u00e9perny\u0151 Full HD (1920 x 1080) felbont\u00e1st k\u00edn\u00e1l, \u00e9les \u00e9s tiszta k\u00e9pet biztos\u00edtva mindennapi feladataihoz. Az IPS panellel \u00e9lvezheti az \u00e9l\u00e9nk sz\u00edneket \u00e9s a sz\u00e9les betekint\u00e9si sz\u00f6geket, m\u00edg a matt fel\u00fclet t\u00f6k\u00e9letes f\u00e9nyt \u00e9s csillog\u00e1s n\u00e9lk\u00fcli munkav\u00e9gz\u00e9st biztos\u00edt. als\u00f3 konzolokkal, de k\u00e9toldalas ragaszt\u00f3szalaggal is rendelkezik az egyszer\u0171 telep\u00edt\u00e9s \u00e9rdek\u00e9ben. Ez a vadonat\u00faj LCD ide\u00e1lis a s\u00e9r\u00fclt k\u00e9perny\u0151 cser\u00e9j\u00e9hez \u00e9s a k\u00e9sz\u00fcl\u00e9k teljes\u00edtm\u00e9ny\u00e9nek helyre\u00e1ll\u00edt\u00e1s\u00e1hoz.<\/p>\n","protected":false},"excerpt":{"rendered":"<p>14&#8243; LCD k\u00e9perny\u0151 csere HP 14-fc sorozathoz, Full HD, IPS, matt, 30 t\u0171s, \u00e9rint\u00e9smentes, \u00faj, k\u00e9toldalas ragaszt\u00f3szalaggal.<\/p>\n","protected":false},"featured_media":9973,"template":"","meta":[],"product_brand":[],"product_cat":[74,71],"product_tag":[],"class_list":{"0":"post-10786","1":"product","2":"type-product","3":"status-publish","4":"has-post-thumbnail","6":"product_cat-14-new-laptop-screens-lcd-panels","7":"product_cat-new-laptop-screens-lcd-panels","9":"first","10":"instock","11":"taxable","12":"shipping-taxable","13":"purchasable","14":"product-type-simple"},"_links":{"self":[{"href":"https:\/\/boreait.com\/hu\/wp-json\/wp\/v2\/product\/10786","targetHints":{"allow":["GET"]}}],"collection":[{"href":"https:\/\/boreait.com\/hu\/wp-json\/wp\/v2\/product"}],"about":[{"href":"https:\/\/boreait.com\/hu\/wp-json\/wp\/v2\/types\/product"}],"wp:featuredmedia":[{"embeddable":true,"href":"https:\/\/boreait.com\/hu\/wp-json\/wp\/v2\/media\/9973"}],"wp:attachment":[{"href":"https:\/\/boreait.com\/hu\/wp-json\/wp\/v2\/media?parent=10786"}],"wp:term":[{"taxonomy":"product_brand","embeddable":true,"href":"https:\/\/boreait.com\/hu\/wp-json\/wp\/v2\/product_brand?post=10786"},{"taxonomy":"product_cat","embeddable":true,"href":"https:\/\/boreait.com\/hu\/wp-json\/wp\/v2\/product_cat?post=10786"},{"taxonomy":"product_tag","embeddable":true,"href":"https:\/\/boreait.com\/hu\/wp-json\/wp\/v2\/product_tag?post=10786"}],"curies":[{"name":"wp","href":"https:\/\/api.w.org\/{rel}","templated":true}]}}