{"id":10784,"date":"2025-09-17T12:59:37","date_gmt":"2025-09-17T10:59:37","guid":{"rendered":"https:\/\/boreait.com\/hu\/?post_type=product&#038;p=10784"},"modified":"2025-09-17T12:59:40","modified_gmt":"2025-09-17T10:59:40","slug":"14-es-fhd-lcd-kepernyo-hp-14-em-sorozathoz-30-tus-ips-matt-konzolok-nelkul-uj","status":"publish","type":"product","link":"https:\/\/boreait.com\/hu\/termek\/14-es-fhd-lcd-kepernyo-hp-14-em-sorozathoz-30-tus-ips-matt-konzolok-nelkul-uj\/","title":{"rendered":"14&#8243;-es FHD LCD k\u00e9perny\u0151 HP 14-em sorozathoz, 30 t\u0171s, IPS, matt, konzolok n\u00e9lk\u00fcl, \u00faj"},"content":{"rendered":"<p><strong>T\u00e9nyleges LCD-k\u00e9perny\u0151s modell: N140HCA-ELK REV C.2 \u2013 TELJESEN KOMPATIBILIS A HP 14-em sorozat\u00fa laptop k\u00e9perny\u0151j\u00e9vel<\/strong><\/p>\n<p>Friss\u00edtse laptopja kijelz\u0151j\u00e9t ezzel a kiv\u00e1l\u00f3 min\u0151s\u00e9g\u0171, vadonat\u00faj 14&#8243;-es LCD-k\u00e9perny\u0151vel, amelyet a HP 14-em sorozathoz (Non-Touch Version) terveztek. 1920 x 1080 (FHD) felbont\u00e1s\u00e1val \u00e9s \u00e9l\u00e9nk IPS technol\u00f3gi\u00e1j\u00e1val ez a matt k\u00e9perny\u0151 krist\u00e1lytiszta l\u00e1tv\u00e1nyt \u00e9s sz\u00e9les betekint\u00e9si sz\u00f6get biztos\u00edt, amely t\u00f6k\u00e9letes a munkav\u00e9gz\u00e9shez \u00e9s a sz\u00f3rakoz\u00e1shoz is. A mell\u00e9kelt \u00f6ntapad\u00f3s szalag egyszer\u0171 \u00e9s biztons\u00e1gos telep\u00edt\u00e9st tesz lehet\u0151v\u00e9. A k\u00e9perny\u0151 fels\u0151 \u00e9s als\u00f3 konzolok n\u00e9lk\u00fcl sz\u00e1ll\u00edthat\u00f3, rugalmass\u00e1got k\u00edn\u00e1lva a jav\u00edt\u00e1si vagy csereprojekthez. Ide\u00e1lis mindenki sz\u00e1m\u00e1ra, aki vissza szeretn\u00e9 \u00e1ll\u00edtani a HP laptopj\u00e1t, megfizethet\u0151 \u00e1ron.<\/p>\n","protected":false},"excerpt":{"rendered":"<p>Vadonat\u00faj 14&#8243;-es LCD k\u00e9perny\u0151 HP 14-em sorozathoz (Non-Touch), FHD 1920&#215;1080, IPS, matt, 30 t\u0171s csatlakoz\u00e1ssal \u00e9s k\u00e9toldalas ragaszt\u00f3szalaggal. Nincs fels\u0151\/als\u00f3 tart\u00f3.<\/p>\n","protected":false},"featured_media":9973,"template":"","meta":[],"product_brand":[],"product_cat":[74,71],"product_tag":[],"class_list":{"0":"post-10784","1":"product","2":"type-product","3":"status-publish","4":"has-post-thumbnail","6":"product_cat-14-new-laptop-screens-lcd-panels","7":"product_cat-new-laptop-screens-lcd-panels","9":"first","10":"instock","11":"taxable","12":"shipping-taxable","13":"purchasable","14":"product-type-simple"},"_links":{"self":[{"href":"https:\/\/boreait.com\/hu\/wp-json\/wp\/v2\/product\/10784","targetHints":{"allow":["GET"]}}],"collection":[{"href":"https:\/\/boreait.com\/hu\/wp-json\/wp\/v2\/product"}],"about":[{"href":"https:\/\/boreait.com\/hu\/wp-json\/wp\/v2\/types\/product"}],"wp:featuredmedia":[{"embeddable":true,"href":"https:\/\/boreait.com\/hu\/wp-json\/wp\/v2\/media\/9973"}],"wp:attachment":[{"href":"https:\/\/boreait.com\/hu\/wp-json\/wp\/v2\/media?parent=10784"}],"wp:term":[{"taxonomy":"product_brand","embeddable":true,"href":"https:\/\/boreait.com\/hu\/wp-json\/wp\/v2\/product_brand?post=10784"},{"taxonomy":"product_cat","embeddable":true,"href":"https:\/\/boreait.com\/hu\/wp-json\/wp\/v2\/product_cat?post=10784"},{"taxonomy":"product_tag","embeddable":true,"href":"https:\/\/boreait.com\/hu\/wp-json\/wp\/v2\/product_tag?post=10784"}],"curies":[{"name":"wp","href":"https:\/\/api.w.org\/{rel}","templated":true}]}}