{"id":10783,"date":"2025-09-17T12:59:37","date_gmt":"2025-09-17T10:59:37","guid":{"rendered":"https:\/\/boreait.com\/hu\/?post_type=product&#038;p=10783"},"modified":"2025-09-17T12:59:40","modified_gmt":"2025-09-17T10:59:40","slug":"hp-14-ee-14-fhd-ips-lcd-kepernyo-30-tus-erintesmentes-matt-uj-ragasztoszalag","status":"publish","type":"product","link":"https:\/\/boreait.com\/hu\/termek\/hp-14-ee-14-fhd-ips-lcd-kepernyo-30-tus-erintesmentes-matt-uj-ragasztoszalag\/","title":{"rendered":"HP 14-ee 14&#8243; FHD IPS LCD k\u00e9perny\u0151, 30 t\u0171s \u00e9rint\u00e9smentes matt &#8211; \u00faj, ragaszt\u00f3szalag"},"content":{"rendered":"<p><strong>T\u00e9nyleges LCD-k\u00e9perny\u0151s modell: N140HCA-ELK REV C.2 \u2013 TELJESEN KOMPATIBILIS A HP 14-ee sorozat\u00fa laptop k\u00e9perny\u0151j\u00e9vel<\/strong><\/p>\n<p>Friss\u00edtse HP 14-ee sorozat\u00fa laptopj\u00e1t ezzel a kiv\u00e1l\u00f3 min\u0151s\u00e9g\u0171, \u00e9rint\u00e9smentes LCD-k\u00e9perny\u0151 cser\u00e9vel. A t\u00f6k\u00e9letes illeszked\u00e9sre tervezett 14 h\u00fcvelykes k\u00e9perny\u0151 30 t\u0171s csatlakoz\u00e1ssal rendelkezik, \u00e9s \u00e9les FHD felbont\u00e1st (1920 x 1080) biztos\u00edt az IPS matt kijelz\u0151n. Az \u00e9l\u00e9nk sz\u00ednekkel \u00e9s a sz\u00e9les betekint\u00e9si sz\u00f6gekkel kiv\u00e1l\u00f3 vizu\u00e1lis \u00e9lm\u00e9nyben lehet r\u00e9sze a munk\u00e1hoz vagy a sz\u00f3rakoz\u00e1shoz. Ez a k\u00e9perny\u0151 fels\u0151 \u00e9s als\u00f3 konzolok n\u00e9lk\u00fcl kaphat\u00f3, \u00e9s k\u00e9toldalas \u00f6ntapad\u00f3 szalagot tartalmaz a k\u00f6nny\u0171 telep\u00edt\u00e9s \u00e9rdek\u00e9ben. Ak\u00e1r egy s\u00e9r\u00fclt k\u00e9perny\u0151t cser\u00e9l, ak\u00e1r a kijelz\u0151t friss\u00edti, ez a vadonat\u00faj, pr\u00e9mium min\u0151s\u00e9g\u0171 LCD-panel megb\u00edzhat\u00f3 v\u00e1laszt\u00e1s HP laptopj\u00e1hoz.<\/p>\n","protected":false},"excerpt":{"rendered":"<p>Cser\u00e9lje le HP 14-ee sorozat\u00fa laptopja k\u00e9perny\u0151j\u00e9t erre a 14 h\u00fcvelykes FHD IPS matt LCD-re, 30 t\u0171s, \u00e9rint\u00e9smentes v\u00e1ltozatra. \u00d6ntapad\u00f3 szalagot tartalmaz.<\/p>\n","protected":false},"featured_media":9973,"template":"","meta":[],"product_brand":[],"product_cat":[74,71],"product_tag":[],"class_list":{"0":"post-10783","1":"product","2":"type-product","3":"status-publish","4":"has-post-thumbnail","6":"product_cat-14-new-laptop-screens-lcd-panels","7":"product_cat-new-laptop-screens-lcd-panels","9":"first","10":"instock","11":"taxable","12":"shipping-taxable","13":"purchasable","14":"product-type-simple"},"_links":{"self":[{"href":"https:\/\/boreait.com\/hu\/wp-json\/wp\/v2\/product\/10783","targetHints":{"allow":["GET"]}}],"collection":[{"href":"https:\/\/boreait.com\/hu\/wp-json\/wp\/v2\/product"}],"about":[{"href":"https:\/\/boreait.com\/hu\/wp-json\/wp\/v2\/types\/product"}],"wp:featuredmedia":[{"embeddable":true,"href":"https:\/\/boreait.com\/hu\/wp-json\/wp\/v2\/media\/9973"}],"wp:attachment":[{"href":"https:\/\/boreait.com\/hu\/wp-json\/wp\/v2\/media?parent=10783"}],"wp:term":[{"taxonomy":"product_brand","embeddable":true,"href":"https:\/\/boreait.com\/hu\/wp-json\/wp\/v2\/product_brand?post=10783"},{"taxonomy":"product_cat","embeddable":true,"href":"https:\/\/boreait.com\/hu\/wp-json\/wp\/v2\/product_cat?post=10783"},{"taxonomy":"product_tag","embeddable":true,"href":"https:\/\/boreait.com\/hu\/wp-json\/wp\/v2\/product_tag?post=10783"}],"curies":[{"name":"wp","href":"https:\/\/api.w.org\/{rel}","templated":true}]}}