{"id":1078,"date":"2025-09-17T09:54:01","date_gmt":"2025-09-17T07:54:01","guid":{"rendered":"https:\/\/boreait.com\/hu\/?post_type=product&#038;p=1078"},"modified":"2026-01-09T10:15:25","modified_gmt":"2026-01-09T09:15:25","slug":"dc-aljzat-710431-yd1-a-hp-probook-470-g0-szamara","status":"publish","type":"product","link":"https:\/\/boreait.com\/hu\/termek\/dc-aljzat-710431-yd1-a-hp-probook-470-g0-szamara\/","title":{"rendered":"DC aljzat 710431-YD1 a HP Probook 470 G0 sz\u00e1m\u00e1ra"},"content":{"rendered":"<p>A 710431-YD1 egyen\u00e1ram\u00fa jack csatlakoz\u00f3 a HP Probook 470 G0 laptop l\u00e9tfontoss\u00e1g\u00fa eleme, amely a laptop t\u00e1pegys\u00e9ge \u00e9s a bels\u0151 t\u00e1prendszer k\u00f6z\u00f6tti megb\u00edzhat\u00f3 kapcsolat kialak\u00edt\u00e1s\u00e1\u00e9rt felel\u0151s. Biztos\u00edtja, hogy a laptop m\u0171k\u00f6d\u00e9s k\u00f6zben megkapja az akkumul\u00e1tor t\u00f6lt\u00e9s\u00e9hez \u00e9s a k\u00e9sz\u00fcl\u00e9k t\u00e1pell\u00e1t\u00e1s\u00e1hoz sz\u00fcks\u00e9ges \u00e1ramot.<\/p>\n<p>Ezt az eredeti egyen\u00e1ram\u00fa aljzatot \u00fagy tervezt\u00e9k, hogy t\u00f6k\u00e9letesen illeszkedjen a HP Probook 470 G0 k\u00e9sz\u00fcl\u00e9khez, biztons\u00e1gos \u00e9s stabil kapcsolatot biztos\u00edtva. A megfelel\u0151 telep\u00edt\u00e9s kulcsfontoss\u00e1g\u00fa az optim\u00e1lis teljes\u00edtm\u00e9nyhez, ez\u00e9rt javasoljuk, hogy k\u00e9rjen seg\u00edts\u00e9get szakk\u00e9pzett technikust\u00f3l, vagy k\u00f6vesse a gy\u00e1rt\u00f3 utas\u00edt\u00e1sait.<\/p>\n<p>Kiv\u00e1l\u00f3 min\u0151s\u00e9g\u0171 anyagokat haszn\u00e1ltak ennek az egyen\u00e1ram\u00fa aljzatnak a fel\u00e9p\u00edt\u00e9s\u00e9hez, biztos\u00edtva a tart\u00f3ss\u00e1got \u00e9s a hossz\u00fa \u00e9lettartamot. Ellen\u00e1ll a napi kop\u00e1snak, \u00edgy hosszan tart\u00f3 megold\u00e1st ny\u00fajt az \u00e1ramcsatlakoz\u00e1si probl\u00e9m\u00e1kra.<\/p>\n<p>A hib\u00e1s vagy s\u00e9r\u00fclt egyen\u00e1ram\u00fa aljzat 710431-YD1-re cser\u00e9je vissza\u00e1ll\u00edthatja HP \u200b\u200bProbook 470 G0 laptopj\u00e1nak m\u0171k\u00f6d\u0151k\u00e9pess\u00e9g\u00e9t, lehet\u0151v\u00e9 t\u00e9ve az akkumul\u00e1tor hat\u00e9kony t\u00f6lt\u00e9s\u00e9t \u00e9s a laptop t\u00e1pell\u00e1t\u00e1si probl\u00e9m\u00e1k okozta megszak\u00edt\u00e1sok n\u00e9lk\u00fcli haszn\u00e1lat\u00e1t.<\/p>\n<p>A megb\u00edzhat\u00f3 t\u00e1pegys\u00e9g fenntart\u00e1sa elengedhetetlen laptopja z\u00f6kken\u0151mentes m\u0171k\u00f6d\u00e9s\u00e9hez, a 710431-YD1 egyen\u00e1ram\u00fa jack csatlakoz\u00f3 pedig \u00e9ppen ezt biztos\u00edtja. Fektessen be ebbe az eredeti cserealkatr\u00e9szbe, hogy HP Probook 470 G0 a lehet\u0151 legjobban m\u0171k\u00f6dj\u00f6n, \u00e1ramell\u00e1t\u00e1si probl\u00e9m\u00e1k n\u00e9lk\u00fcl. V\u00e1lasszon min\u0151s\u00e9get \u00e9s megb\u00edzhat\u00f3s\u00e1got a 710431-YD1 DC aljzattal a HP Probook 470 G0 k\u00e9sz\u00fcl\u00e9khez.<\/p>\n","protected":false},"excerpt":{"rendered":"<p>A 710431-YD1 DC aljzat a HP Probook 470 G0 laptop eredeti cserealkatr\u00e9sze. \u00dagy tervezt\u00e9k, hogy biztons\u00e1gos \u00e9s stabil kapcsolatot biztos\u00edtson a laptop t\u00e1pegys\u00e9g\u00e9hez, \u00edgy biztos\u00edtva a hat\u00e9kony t\u00f6lt\u00e9st \u00e9s a megb\u00edzhat\u00f3 \u00e1ramell\u00e1t\u00e1st. Ez az egyen\u00e1ram\u00fa aljzat kiv\u00e1l\u00f3 min\u0151s\u00e9g\u0171 anyagokb\u00f3l k\u00e9sz\u00fclt a tart\u00f3ss\u00e1g \u00e9s az optim\u00e1lis teljes\u00edtm\u00e9ny \u00e9rdek\u00e9ben.<\/p>\n","protected":false},"featured_media":1131,"template":"","meta":[],"product_brand":[],"product_cat":[20],"product_tag":[25],"class_list":{"0":"post-1078","1":"product","2":"type-product","3":"status-publish","4":"has-post-thumbnail","6":"product_cat-cables","7":"product_tag-hp","9":"first","10":"instock","11":"taxable","12":"shipping-taxable","13":"purchasable","14":"product-type-simple"},"_links":{"self":[{"href":"https:\/\/boreait.com\/hu\/wp-json\/wp\/v2\/product\/1078","targetHints":{"allow":["GET"]}}],"collection":[{"href":"https:\/\/boreait.com\/hu\/wp-json\/wp\/v2\/product"}],"about":[{"href":"https:\/\/boreait.com\/hu\/wp-json\/wp\/v2\/types\/product"}],"wp:featuredmedia":[{"embeddable":true,"href":"https:\/\/boreait.com\/hu\/wp-json\/wp\/v2\/media\/1131"}],"wp:attachment":[{"href":"https:\/\/boreait.com\/hu\/wp-json\/wp\/v2\/media?parent=1078"}],"wp:term":[{"taxonomy":"product_brand","embeddable":true,"href":"https:\/\/boreait.com\/hu\/wp-json\/wp\/v2\/product_brand?post=1078"},{"taxonomy":"product_cat","embeddable":true,"href":"https:\/\/boreait.com\/hu\/wp-json\/wp\/v2\/product_cat?post=1078"},{"taxonomy":"product_tag","embeddable":true,"href":"https:\/\/boreait.com\/hu\/wp-json\/wp\/v2\/product_tag?post=1078"}],"curies":[{"name":"wp","href":"https:\/\/api.w.org\/{rel}","templated":true}]}}