{"id":10779,"date":"2025-09-17T12:59:28","date_gmt":"2025-09-17T10:59:28","guid":{"rendered":"https:\/\/boreait.com\/hu\/?post_type=product&#038;p=10779"},"modified":"2025-09-17T12:59:35","modified_gmt":"2025-09-17T10:59:35","slug":"l25977-001-erintesmentes-14-huvelykes-fhd-30-tus-matt-ips-lcd-kepernyo-uj","status":"publish","type":"product","link":"https:\/\/boreait.com\/hu\/termek\/l25977-001-erintesmentes-14-huvelykes-fhd-30-tus-matt-ips-lcd-kepernyo-uj\/","title":{"rendered":"L25977-001 \u00e9rint\u00e9smentes, 14 h\u00fcvelykes FHD, 30 t\u0171s matt IPS LCD k\u00e9perny\u0151 \u2013 \u00daj"},"content":{"rendered":"<p><strong>T\u00e9nyleges LCD-k\u00e9perny\u0151s modell: N140HCA-ELK REV C.2 \u2013 TELJESEN KOMPATIBILIS AZ L25977-001 LAPTOP K\u00c9PERNY\u0150VEL<\/strong><\/p>\n<p>Friss\u00edtse laptopja kijelz\u0151j\u00e9t az <strong>L25977-001 \u00e9rint\u00e9smentes LCD-k\u00e9perny\u0151vel<\/strong>, amely kiemelked\u0151 vizu\u00e1lis tisztas\u00e1got \u00e9s \u00e9less\u00e9get biztos\u00edt. Ez a 14 h\u00fcvelykes Full HD (1920 x 1080) IPS k\u00e9perny\u0151 matt fel\u00fclettel rendelkezik, minim\u00e1lis t\u00fckr\u00f6z\u0151d\u00e9st biztos\u00edtva, \u00e9s m\u00e9g er\u0151s f\u00e9nyviszonyok k\u00f6z\u00f6tt is k\u00e9nyelmes megtekint\u00e9si \u00e9lm\u00e9nyt biztos\u00edt. 30 t\u0171s csatlakoz\u00f3j\u00e1val kompatibilis a k\u00fcl\u00f6nf\u00e9le laptopmodellekkel.<\/p>\n<p>Ez a k\u00e9perny\u0151 az <strong>\u00e9rint\u00e9s n\u00e9lk\u00fcli v\u00e1ltozat<\/strong>, \u00e9s nem tartalmaz fels\u0151 vagy als\u00f3 z\u00e1r\u00f3jelet, \u00edgy k\u00f6nny\u0171 \u00e9s eleg\u00e1ns. A probl\u00e9mamentes telep\u00edt\u00e9s \u00e9rdek\u00e9ben k\u00e9toldalas \u00f6ntapad\u00f3 szalagot mell\u00e9kel\u00fcnk, amely lehet\u0151v\u00e9 teszi a k\u00f6nny\u0171 r\u00f6gz\u00edt\u00e9st.<\/p>\n<p><strong>F\u0151bb jellemz\u0151k:<\/strong><\/p>\n<ul>\n<li><strong>K\u00e9perny\u0151m\u00e9ret:<\/strong> 14 h\u00fcvelyk<\/li>\n<li><strong>Felbont\u00e1s:<\/strong> Full HD 1920 x 1080<\/li>\n<li><strong>Panelt\u00edpus:<\/strong> IPS a kiv\u00e1l\u00f3 sz\u00ednpontoss\u00e1g\u00e9rt \u00e9s sz\u00e9les betekint\u00e9si sz\u00f6gek\u00e9rt<\/li>\n<li><strong>Befejez\u00e9s:<\/strong> matt a t\u00fckr\u00f6z\u0151d\u00e9sek cs\u00f6kkent\u00e9se \u00e9rdek\u00e9ben<\/li>\n<li><strong>Csatlakoz\u00f3:<\/strong> 30 t\u0171s eDP<\/li>\n<li><strong>\u00c1llapot:<\/strong> vadonat\u00faj<\/li>\n<li><strong>Telep\u00edt\u00e9s:<\/strong> k\u00e9toldalas \u00f6ntapad\u00f3 szalagot tartalmaz<\/li>\n<\/ul>\n<p>Gondoskodjon a z\u00f6kken\u0151mentes friss\u00edt\u00e9sr\u0151l ezzel a kiv\u00e1l\u00f3 min\u0151s\u00e9g\u0171 LCD-k\u00e9perny\u0151vel, amely t\u00f6k\u00e9letes a laptop teljes\u00edtm\u00e9ny\u00e9nek helyre\u00e1ll\u00edt\u00e1s\u00e1hoz vagy jav\u00edt\u00e1s\u00e1hoz.<\/p>\n","protected":false},"excerpt":{"rendered":"<p>14&#8243; Full HD 1920 x 1080 matt IPS LCD k\u00e9perny\u0151 (L25977-001), \u00e9rint\u00e9smentes, 30 t\u0171s, \u00faj. K\u00e9toldalas ragaszt\u00f3szalagot tartalmaz a k\u00f6nny\u0171 felszerel\u00e9s \u00e9rdek\u00e9ben. Nincs fels\u0151 vagy als\u00f3 tart\u00f3.<\/p>\n","protected":false},"featured_media":9973,"template":"","meta":[],"product_brand":[],"product_cat":[74,71],"product_tag":[],"class_list":{"0":"post-10779","1":"product","2":"type-product","3":"status-publish","4":"has-post-thumbnail","6":"product_cat-14-new-laptop-screens-lcd-panels","7":"product_cat-new-laptop-screens-lcd-panels","9":"first","10":"instock","11":"taxable","12":"shipping-taxable","13":"purchasable","14":"product-type-simple"},"_links":{"self":[{"href":"https:\/\/boreait.com\/hu\/wp-json\/wp\/v2\/product\/10779","targetHints":{"allow":["GET"]}}],"collection":[{"href":"https:\/\/boreait.com\/hu\/wp-json\/wp\/v2\/product"}],"about":[{"href":"https:\/\/boreait.com\/hu\/wp-json\/wp\/v2\/types\/product"}],"wp:featuredmedia":[{"embeddable":true,"href":"https:\/\/boreait.com\/hu\/wp-json\/wp\/v2\/media\/9973"}],"wp:attachment":[{"href":"https:\/\/boreait.com\/hu\/wp-json\/wp\/v2\/media?parent=10779"}],"wp:term":[{"taxonomy":"product_brand","embeddable":true,"href":"https:\/\/boreait.com\/hu\/wp-json\/wp\/v2\/product_brand?post=10779"},{"taxonomy":"product_cat","embeddable":true,"href":"https:\/\/boreait.com\/hu\/wp-json\/wp\/v2\/product_cat?post=10779"},{"taxonomy":"product_tag","embeddable":true,"href":"https:\/\/boreait.com\/hu\/wp-json\/wp\/v2\/product_tag?post=10779"}],"curies":[{"name":"wp","href":"https:\/\/api.w.org\/{rel}","templated":true}]}}