{"id":10778,"date":"2025-09-17T12:59:28","date_gmt":"2025-09-17T10:59:28","guid":{"rendered":"https:\/\/boreait.com\/hu\/?post_type=product&#038;p=10778"},"modified":"2025-09-17T12:59:35","modified_gmt":"2025-09-17T10:59:35","slug":"14-nv140fhm-n4k-lcd-kepernyo-fhd-1920x1080-ips-matt-erintesmentes-30-tus-uj","status":"publish","type":"product","link":"https:\/\/boreait.com\/hu\/termek\/14-nv140fhm-n4k-lcd-kepernyo-fhd-1920x1080-ips-matt-erintesmentes-30-tus-uj\/","title":{"rendered":"14&#8243; NV140FHM-N4K LCD k\u00e9perny\u0151 FHD 1920&#215;1080 IPS matt, \u00e9rint\u00e9smentes 30 t\u0171s \u00daj"},"content":{"rendered":"<p><strong>T\u00e9nyleges LCD-k\u00e9perny\u0151s modell: N140HCA-ELK REV C.2 \u2013 TELJESEN KOMPATIBILIS AZ NV140FHM-N4K LAPTOP K\u00c9PERNY\u0150VEL<\/strong><\/p>\n<p>Friss\u00edtse eszk\u00f6ze kijelz\u0151j\u00e9t az NV140FHM-N4K LCD-k\u00e9perny\u0151vel. Ez a 14 h\u00fcvelykes, Full HD (1920 x 1080) k\u00e9perny\u0151 \u00e9rint\u00e9smentes v\u00e1ltozat, amely t\u00f6k\u00e9letes azok sz\u00e1m\u00e1ra, akik kiv\u00e1l\u00f3 min\u0151s\u00e9g\u0171 vizu\u00e1lis teljes\u00edtm\u00e9nyre v\u00e1gynak. Az IPS technol\u00f3gi\u00e1nak k\u00f6sz\u00f6nhet\u0151en \u00e9l\u00e9nk sz\u00ednekre \u00e9s sz\u00e9les l\u00e1t\u00f3sz\u00f6gekre sz\u00e1m\u00edthat a kiv\u00e1l\u00f3 megtekint\u00e9si \u00e9lm\u00e9ny \u00e9rdek\u00e9ben. Ez a matt fel\u00fclet\u0171 k\u00e9perny\u0151 cs\u00f6kkenti a t\u00fckr\u00f6z\u0151d\u00e9st \u00e9s a t\u00fckr\u00f6z\u0151d\u00e9st, \u00edgy ide\u00e1lis j\u00f3l megvil\u00e1g\u00edtott k\u00f6rnyezetben val\u00f3 haszn\u00e1latra. 30 t\u0171s csatlakoz\u00f3val rendelkezik, \u00e9s k\u00e9toldalas \u00f6ntapad\u00f3 szalagot tartalmaz az egyszer\u0171 telep\u00edt\u00e9s \u00e9rdek\u00e9ben. K\u00e9rj\u00fck, vegye figyelembe, hogy ez a k\u00e9perny\u0151 nem rendelkezik fels\u0151 \u00e9s als\u00f3 tart\u00f3kkal, \u00edgy rugalmasan integr\u00e1lhatja azt a k\u00e9sz\u00fcl\u00e9kbe. \u00c1llapot: vadonat \u00faj.<\/p>\n","protected":false},"excerpt":{"rendered":"<p>14&#8243; NV140FHM-N4K LCD kijelz\u0151, 1920&#215;1080, IPS, matt, \u00e9rint\u00e9smentes, 30 t\u0171s, \u00fajszer\u0171 \u00e1llapot\u00fa. K\u00e9toldalas ragaszt\u00f3szalag mell\u00e9kelve.<\/p>\n","protected":false},"featured_media":9973,"template":"","meta":[],"product_brand":[],"product_cat":[74,71],"product_tag":[],"class_list":{"0":"post-10778","1":"product","2":"type-product","3":"status-publish","4":"has-post-thumbnail","6":"product_cat-14-new-laptop-screens-lcd-panels","7":"product_cat-new-laptop-screens-lcd-panels","9":"first","10":"instock","11":"taxable","12":"shipping-taxable","13":"purchasable","14":"product-type-simple"},"_links":{"self":[{"href":"https:\/\/boreait.com\/hu\/wp-json\/wp\/v2\/product\/10778","targetHints":{"allow":["GET"]}}],"collection":[{"href":"https:\/\/boreait.com\/hu\/wp-json\/wp\/v2\/product"}],"about":[{"href":"https:\/\/boreait.com\/hu\/wp-json\/wp\/v2\/types\/product"}],"wp:featuredmedia":[{"embeddable":true,"href":"https:\/\/boreait.com\/hu\/wp-json\/wp\/v2\/media\/9973"}],"wp:attachment":[{"href":"https:\/\/boreait.com\/hu\/wp-json\/wp\/v2\/media?parent=10778"}],"wp:term":[{"taxonomy":"product_brand","embeddable":true,"href":"https:\/\/boreait.com\/hu\/wp-json\/wp\/v2\/product_brand?post=10778"},{"taxonomy":"product_cat","embeddable":true,"href":"https:\/\/boreait.com\/hu\/wp-json\/wp\/v2\/product_cat?post=10778"},{"taxonomy":"product_tag","embeddable":true,"href":"https:\/\/boreait.com\/hu\/wp-json\/wp\/v2\/product_tag?post=10778"}],"curies":[{"name":"wp","href":"https:\/\/api.w.org\/{rel}","templated":true}]}}