{"id":10777,"date":"2025-09-17T12:59:28","date_gmt":"2025-09-17T10:59:28","guid":{"rendered":"https:\/\/boreait.com\/hu\/?post_type=product&#038;p=10777"},"modified":"2025-09-17T12:59:35","modified_gmt":"2025-09-17T10:59:35","slug":"uj-14-es-lcd-kepernyo-hp-elitebook-745-g6-hoz-fhd-ips-matt-tarto-nelkul","status":"publish","type":"product","link":"https:\/\/boreait.com\/hu\/termek\/uj-14-es-lcd-kepernyo-hp-elitebook-745-g6-hoz-fhd-ips-matt-tarto-nelkul\/","title":{"rendered":"\u00daj 14&#8243;-es LCD k\u00e9perny\u0151 HP EliteBook 745 G6-hoz, FHD, IPS, matt, tart\u00f3 n\u00e9lk\u00fcl"},"content":{"rendered":"<p><strong>T\u00e9nyleges LCD-k\u00e9perny\u0151s modell: N140HCA-ELK REV C.2 \u2013 TELJESEN KOMPATIBILIS A HP EliteBook 745 G6 laptophoz k\u00e9sz\u00fclt laptop k\u00e9perny\u0151j\u00e9vel<\/strong><\/p>\n<p>Friss\u00edtse HP EliteBook 745 G6-j\u00e1t ezzel a kiv\u00e1l\u00f3 min\u0151s\u00e9g\u0171, \u00e9rint\u00e9smentes LCD-k\u00e9perny\u0151vel. Ez a 14 h\u00fcvelykes kijelz\u0151 leny\u0171g\u00f6z\u0151, 1920 x 1080-as FHD-felbont\u00e1ssal rendelkezik, amely \u00e9les \u00e9s tiszta k\u00e9pet biztos\u00edt a matt fel\u00fclet\u0171 IPS panelen, amely cs\u00f6kkenti a t\u00fckr\u00f6z\u0151d\u00e9st. A 30 t\u0171s csatlakoz\u00e1snak k\u00f6sz\u00f6nhet\u0151en k\u00f6nnyen felszerelhet\u0151 \u00e9s cser\u00e9lhet\u0151, k\u00e9toldalas \u00f6ntapad\u00f3 szalagot tartalmaz a nagyobb k\u00e9nyelem \u00e9rdek\u00e9ben. K\u00e9rj\u00fck, vegye figyelembe, hogy ez a k\u00e9perny\u0151 fels\u0151 \u00e9s als\u00f3 z\u00e1r\u00f3jel n\u00e9lk\u00fcl \u00e9rkezik, \u00edgy t\u00f6k\u00e9letesen illeszkedik k\u00e9sz\u00fcl\u00e9ke megjelen\u00edt\u00e9si ig\u00e9nyeihez. A k\u00e9perny\u0151 \u00fajszer\u0171 \u00e1llapotban van, optim\u00e1lis teljes\u00edtm\u00e9nyt \u00e9s hossz\u00fa \u00e9lettartamot biztos\u00edt. T\u00f6k\u00e9letes azoknak a felhaszn\u00e1l\u00f3knak, akik s\u00e9r\u00fclt vagy hib\u00e1san m\u0171k\u00f6d\u0151 kijelz\u0151t szeretn\u00e9nek kicser\u00e9lni.<\/p>\n","protected":false},"excerpt":{"rendered":"<p>\u00daj 14&#8243;-es LCD k\u00e9perny\u0151 a HP EliteBook 745 G6-hoz. FHD, IPS, matt, 30 t\u0171s, k\u00e9toldalas szalaggal. Nincs fels\u0151\/als\u00f3 tart\u00f3.<\/p>\n","protected":false},"featured_media":9973,"template":"","meta":[],"product_brand":[],"product_cat":[74,71],"product_tag":[],"class_list":{"0":"post-10777","1":"product","2":"type-product","3":"status-publish","4":"has-post-thumbnail","6":"product_cat-14-new-laptop-screens-lcd-panels","7":"product_cat-new-laptop-screens-lcd-panels","9":"first","10":"instock","11":"taxable","12":"shipping-taxable","13":"purchasable","14":"product-type-simple"},"_links":{"self":[{"href":"https:\/\/boreait.com\/hu\/wp-json\/wp\/v2\/product\/10777","targetHints":{"allow":["GET"]}}],"collection":[{"href":"https:\/\/boreait.com\/hu\/wp-json\/wp\/v2\/product"}],"about":[{"href":"https:\/\/boreait.com\/hu\/wp-json\/wp\/v2\/types\/product"}],"wp:featuredmedia":[{"embeddable":true,"href":"https:\/\/boreait.com\/hu\/wp-json\/wp\/v2\/media\/9973"}],"wp:attachment":[{"href":"https:\/\/boreait.com\/hu\/wp-json\/wp\/v2\/media?parent=10777"}],"wp:term":[{"taxonomy":"product_brand","embeddable":true,"href":"https:\/\/boreait.com\/hu\/wp-json\/wp\/v2\/product_brand?post=10777"},{"taxonomy":"product_cat","embeddable":true,"href":"https:\/\/boreait.com\/hu\/wp-json\/wp\/v2\/product_cat?post=10777"},{"taxonomy":"product_tag","embeddable":true,"href":"https:\/\/boreait.com\/hu\/wp-json\/wp\/v2\/product_tag?post=10777"}],"curies":[{"name":"wp","href":"https:\/\/api.w.org\/{rel}","templated":true}]}}