{"id":10776,"date":"2025-09-17T12:59:28","date_gmt":"2025-09-17T10:59:28","guid":{"rendered":"https:\/\/boreait.com\/hu\/?post_type=product&#038;p=10776"},"modified":"2025-09-17T12:59:34","modified_gmt":"2025-09-17T10:59:34","slug":"14-fhd-lcd-kepernyo-02dc315-02dc314-ips-matt-erintesmentes-30-tus-uj","status":"publish","type":"product","link":"https:\/\/boreait.com\/hu\/termek\/14-fhd-lcd-kepernyo-02dc315-02dc314-ips-matt-erintesmentes-30-tus-uj\/","title":{"rendered":"14&#8243; FHD LCD k\u00e9perny\u0151 02DC315 02DC314 IPS matt \u00e9rint\u00e9smentes 30 t\u0171s \u00faj"},"content":{"rendered":"<p><strong>T\u00e9nyleges LCD-k\u00e9perny\u0151s modell: N140HCA-ELK REV C.2 \u2013 TELJESEN KOMPATIBILIS A 02DC315 02DC314 LAPTOP K\u00c9PERNY\u0150VEL<\/strong><\/p>\n<p>Friss\u00edtse eszk\u00f6z\u00e9t ezzel a kiv\u00e1l\u00f3 min\u0151s\u00e9g\u0171 <strong>14&#8243; LCD-k\u00e9perny\u0151vel<\/strong> (<strong>02DC315 \/ 02DC314<\/strong> modell), amelyet kiv\u00e1l\u00f3 teljes\u00edtm\u00e9nyre \u00e9s tisztas\u00e1gra terveztek. <strong>Full HD felbont\u00e1ssal (1920 x 1080)<\/strong>, ez az \u00e9rint\u00e9smentes k\u00e9perny\u0151 <strong>\u00e9les vizu\u00e1lis panellel \u00e9s <strong>\u00e9les vizu\u00e1lis panellel<\/strong>. Kivitel<\/strong> a csillog\u00e1s \u00e9s a t\u00fckr\u00f6z\u0151d\u00e9s cs\u00f6kkent\u00e9s\u00e9re. T\u00f6k\u00e9letes a laptop jav\u00edt\u00e1s\u00e1hoz vagy cser\u00e9j\u00e9hez. Ez a k\u00e9perny\u0151 <strong>30 t\u0171s csatlakoz\u00e1ssal<\/strong> tal\u00e1lhat\u00f3 az egyszer\u0171 telep\u00edt\u00e9s \u00e9rdek\u00e9ben, \u00e9s a <strong>k\u00e9toldalas \u00f6ntapad\u00f3 szalaggal<\/strong> biztos\u00edtja a biztons\u00e1gos illeszked\u00e9st, an\u00e9lk\u00fcl, hogy sz\u00fcks\u00e9g lenne a fels\u0151 \u00e9s az als\u00f3 tart\u00f3kra.<\/p>\n","protected":false},"excerpt":{"rendered":"<p><strong>14&#8243;-es FHD LCD k\u00e9perny\u0151<\/strong> (02DC315 \/ 02DC314) <strong>IPS-sel<\/strong>, matt fel\u00fclettel \u00e9s <strong>30 t\u0171s<\/strong>vel a tiszta, t\u00fckr\u00f6z\u0151d\u00e9smentes kijelz\u0151\u00e9rt. \u00d6ntapad\u00f3 szalagot tartalmaz. \u00daj \u00e1llapot.<\/p>\n","protected":false},"featured_media":9973,"template":"","meta":[],"product_brand":[],"product_cat":[74,71],"product_tag":[],"class_list":{"0":"post-10776","1":"product","2":"type-product","3":"status-publish","4":"has-post-thumbnail","6":"product_cat-14-new-laptop-screens-lcd-panels","7":"product_cat-new-laptop-screens-lcd-panels","9":"first","10":"instock","11":"taxable","12":"shipping-taxable","13":"purchasable","14":"product-type-simple"},"_links":{"self":[{"href":"https:\/\/boreait.com\/hu\/wp-json\/wp\/v2\/product\/10776","targetHints":{"allow":["GET"]}}],"collection":[{"href":"https:\/\/boreait.com\/hu\/wp-json\/wp\/v2\/product"}],"about":[{"href":"https:\/\/boreait.com\/hu\/wp-json\/wp\/v2\/types\/product"}],"wp:featuredmedia":[{"embeddable":true,"href":"https:\/\/boreait.com\/hu\/wp-json\/wp\/v2\/media\/9973"}],"wp:attachment":[{"href":"https:\/\/boreait.com\/hu\/wp-json\/wp\/v2\/media?parent=10776"}],"wp:term":[{"taxonomy":"product_brand","embeddable":true,"href":"https:\/\/boreait.com\/hu\/wp-json\/wp\/v2\/product_brand?post=10776"},{"taxonomy":"product_cat","embeddable":true,"href":"https:\/\/boreait.com\/hu\/wp-json\/wp\/v2\/product_cat?post=10776"},{"taxonomy":"product_tag","embeddable":true,"href":"https:\/\/boreait.com\/hu\/wp-json\/wp\/v2\/product_tag?post=10776"}],"curies":[{"name":"wp","href":"https:\/\/api.w.org\/{rel}","templated":true}]}}