{"id":10774,"date":"2025-09-17T12:59:28","date_gmt":"2025-09-17T10:59:28","guid":{"rendered":"https:\/\/boreait.com\/hu\/?post_type=product&#038;p=10774"},"modified":"2025-09-17T12:59:34","modified_gmt":"2025-09-17T10:59:34","slug":"14-fhd-lcd-kepernyo-5d10w42366-ips-erintesmentes-1920x1080-matt-30-tus-uj","status":"publish","type":"product","link":"https:\/\/boreait.com\/hu\/termek\/14-fhd-lcd-kepernyo-5d10w42366-ips-erintesmentes-1920x1080-matt-30-tus-uj\/","title":{"rendered":"14&#8243; FHD LCD k\u00e9perny\u0151 5D10W42366 IPS \u00e9rint\u00e9smentes 1920&#215;1080 matt 30 t\u0171s \u00daj"},"content":{"rendered":"<p><strong>T\u00e9nyleges LCD-k\u00e9perny\u0151s modell: N140HCA-ELK REV C.2 \u2013 TELJESEN KOMPATIBILIS AZ 5D10W42366 LAPTOP K\u00c9PERNY\u0150VEL<\/strong><\/p>\n<p>Friss\u00edtse eszk\u00f6z\u00e9t a kiv\u00e1l\u00f3 min\u0151s\u00e9g\u0171, 14 h\u00fcvelykes LCD-k\u00e9perny\u0151vel (cikksz\u00e1m: 5D10W42366), amely kiv\u00e9teles tisztas\u00e1got \u00e9s \u00e9l\u00e9nk sz\u00edneket k\u00edn\u00e1l. Ez az \u00e9rint\u00e9smentes verzi\u00f3j\u00fa kijelz\u0151 leny\u0171g\u00f6z\u0151, 1920 x 1080 k\u00e9ppontos Full HD felbont\u00e1ssal rendelkezik, \u00e9les k\u00e9peket \u00e9s \u00e9l\u00e9nk r\u00e9szleteket biztos\u00edtva. Ez a 30 t\u0171s k\u00e9perny\u0151 ide\u00e1lisan illeszkedik a laptopokhoz. megb\u00edzhat\u00f3 cser\u00e9t keresnek jelenlegi kijelz\u0151j\u00fckh\u00f6z.<\/p>\n<p>A k\u00e9perny\u0151 IPS panellel rendelkezik, amely kiv\u00e1l\u00f3 sz\u00ednpontoss\u00e1got \u00e9s sz\u00e9les betekint\u00e9si sz\u00f6get biztos\u00edt. Ak\u00e1r dolgozik, ak\u00e1r vide\u00f3kat n\u00e9z, ak\u00e1r j\u00e1tszik, a matt fel\u00fclet cs\u00f6kkenti a t\u00fckr\u00f6z\u0151d\u00e9st, jav\u00edtja a l\u00e1that\u00f3s\u00e1got \u00e9s cs\u00f6kkenti a szem meger\u0151ltet\u00e9s\u00e9t. Ezenk\u00edv\u00fcl a k\u00e9perny\u0151n k\u00e9toldalas \u00f6ntapad\u00f3 szalag tal\u00e1lhat\u00f3 az egyszer\u0171 telep\u00edt\u00e9s \u00e9rdek\u00e9ben, \u00e9s nem tartalmaz fels\u0151 \u00e9s als\u00f3 tart\u00f3t, \u00edgy sz\u00e1mos laptophoz alkalmas.<\/p>\n<p>A term\u00e9k vadonat\u00faj \u00e1llapotban van, k\u00e9szen \u00e1ll a telep\u00edt\u00e9sre, \u00e9s kiv\u00e1l\u00f3 teljes\u00edtm\u00e9nnyel keltheti \u00fajra \u00e9letre laptopj\u00e1t.<\/p>\n","protected":false},"excerpt":{"rendered":"<p>Cser\u00e9lje ki laptopja k\u00e9perny\u0151j\u00e9t 14&#8243;-es FHD IPS LCD-re (5D10W42366). \u00c9rint\u00e9smentes, 30 t\u0171s, matt, k\u00e9toldalas ragaszt\u00f3szalaggal. \u00daj \u00e1llapot.<\/p>\n","protected":false},"featured_media":9973,"template":"","meta":[],"product_brand":[],"product_cat":[74,71],"product_tag":[],"class_list":{"0":"post-10774","1":"product","2":"type-product","3":"status-publish","4":"has-post-thumbnail","6":"product_cat-14-new-laptop-screens-lcd-panels","7":"product_cat-new-laptop-screens-lcd-panels","9":"first","10":"instock","11":"taxable","12":"shipping-taxable","13":"purchasable","14":"product-type-simple"},"_links":{"self":[{"href":"https:\/\/boreait.com\/hu\/wp-json\/wp\/v2\/product\/10774","targetHints":{"allow":["GET"]}}],"collection":[{"href":"https:\/\/boreait.com\/hu\/wp-json\/wp\/v2\/product"}],"about":[{"href":"https:\/\/boreait.com\/hu\/wp-json\/wp\/v2\/types\/product"}],"wp:featuredmedia":[{"embeddable":true,"href":"https:\/\/boreait.com\/hu\/wp-json\/wp\/v2\/media\/9973"}],"wp:attachment":[{"href":"https:\/\/boreait.com\/hu\/wp-json\/wp\/v2\/media?parent=10774"}],"wp:term":[{"taxonomy":"product_brand","embeddable":true,"href":"https:\/\/boreait.com\/hu\/wp-json\/wp\/v2\/product_brand?post=10774"},{"taxonomy":"product_cat","embeddable":true,"href":"https:\/\/boreait.com\/hu\/wp-json\/wp\/v2\/product_cat?post=10774"},{"taxonomy":"product_tag","embeddable":true,"href":"https:\/\/boreait.com\/hu\/wp-json\/wp\/v2\/product_tag?post=10774"}],"curies":[{"name":"wp","href":"https:\/\/api.w.org\/{rel}","templated":true}]}}