{"id":10773,"date":"2025-09-17T12:59:28","date_gmt":"2025-09-17T10:59:28","guid":{"rendered":"https:\/\/boreait.com\/hu\/?post_type=product&#038;p=10773"},"modified":"2025-09-17T12:59:34","modified_gmt":"2025-09-17T10:59:34","slug":"lenovo-ideapad-3-14ada05-14-fhd-ips-matt-lcd-kepernyo-nem-erintokepernyo-uj","status":"publish","type":"product","link":"https:\/\/boreait.com\/hu\/termek\/lenovo-ideapad-3-14ada05-14-fhd-ips-matt-lcd-kepernyo-nem-erintokepernyo-uj\/","title":{"rendered":"Lenovo IdeaPad 3-14ADA05 14&#8243; FHD IPS matt LCD k\u00e9perny\u0151 (nem \u00e9rint\u0151k\u00e9perny\u0151) \u00daj"},"content":{"rendered":"<p><strong>T\u00e9nyleges LCD-k\u00e9perny\u0151s modell: N140HCA-ELK REV C.2 \u2013 TELJESEN KOMPATIBILIS A LAPTOP K\u00c9PERNY\u0150VEL Lenovo IdeaPad 3-14ADA05 81W0 81W0003QUS<\/strong><\/p>\n<p>Friss\u00edtse vagy cser\u00e9lje le Lenovo IdeaPad 3-14ADA05 k\u00e9perny\u0151j\u00e9t ezzel a pr\u00e9mium LCD-kijelz\u0151vel. Ez a kifejezetten a 81W0 \u00e9s 81W0003QUS modellekhez tervezett, \u00e9rint\u00e9smentes v\u00e1ltozat Full HD felbont\u00e1s\u00e1val (1920 x 1080) \u00e9s IPS technol\u00f3gi\u00e1j\u00e1val kiv\u00e9teles tisztas\u00e1got biztos\u00edt, \u00e9l\u00e9nk sz\u00edneket \u00e9s sz\u00e9les betekint\u00e9si sz\u00f6geket biztos\u00edtva.<\/p>\n<p>A matt fel\u00fclet cs\u00f6kkenti a t\u00fckr\u00f6z\u0151d\u00e9st a k\u00e9nyelmes megtekint\u00e9s \u00e9rdek\u00e9ben, \u00edgy t\u00f6k\u00e9letes munk\u00e1hoz vagy sz\u00f3rakoz\u00e1shoz. Ez a k\u00e9perny\u0151 fels\u0151 \u00e9s als\u00f3 konzolok n\u00e9lk\u00fcl kaphat\u00f3, \u00e9s k\u00e9toldalas ragaszt\u00f3szalagot tartalmaz az egyszer\u0171 telep\u00edt\u00e9s \u00e9rdek\u00e9ben. A 30 t\u0171s csatlakoz\u00f3val sz\u00e1mos konfigur\u00e1ci\u00f3val kompatibilis.<\/p>\n<p>F\u0151bb jellemz\u0151k:<\/p>\n<ul>\n<li><strong>K\u00e9perny\u0151m\u00e9ret:<\/strong> 14 h\u00fcvelyk<\/li>\n<li><strong>Felbont\u00e1s:<\/strong> Full HD (1920 x 1080)<\/li>\n<li><strong>Panel t\u00edpusa:<\/strong> IPS (s\u00edkon bel\u00fcli v\u00e1lt\u00e1s)<\/li>\n<li><strong>Fel\u00fclet:<\/strong> matt, t\u00fckr\u00f6z\u0151d\u00e9smentes<\/li>\n<li><strong>Csatlakoz\u00f3:<\/strong> 30 t\u0171s<\/li>\n<li><strong>\u00c1llapot:<\/strong> vadonat\u00faj<\/li>\n<\/ul>\n<p>\u00dajra\u00e9leszti laptopja kijelz\u0151j\u00e9t ezzel a kiv\u00e1l\u00f3 min\u0151s\u00e9g\u0171 cserek\u00e9perny\u0151vel, amely kiemelked\u0151 teljes\u00edtm\u00e9nyt \u00e9s megb\u00edzhat\u00f3s\u00e1got biztos\u00edt.<\/p>\n","protected":false},"excerpt":{"rendered":"<p>Csere LCD-k\u00e9perny\u0151 Lenovo IdeaPad 3-14ADA05 (Non-Touch) k\u00e9sz\u00fcl\u00e9khez. 14 h\u00fcvelykes Full HD (1920 x 1080) matt IPS kijelz\u0151vel, 30 t\u0171s csatlakoz\u00f3val rendelkezik. K\u00e9toldalas ragaszt\u00f3szalagot tartalmaz. \u00daj \u00e1llapot\u00fa, beszerel\u00e9sre k\u00e9sz.<\/p>\n<p>&nbsp;<\/p>\n","protected":false},"featured_media":9973,"template":"","meta":[],"product_brand":[],"product_cat":[74,71],"product_tag":[],"class_list":{"0":"post-10773","1":"product","2":"type-product","3":"status-publish","4":"has-post-thumbnail","6":"product_cat-14-new-laptop-screens-lcd-panels","7":"product_cat-new-laptop-screens-lcd-panels","9":"first","10":"instock","11":"taxable","12":"shipping-taxable","13":"purchasable","14":"product-type-simple"},"_links":{"self":[{"href":"https:\/\/boreait.com\/hu\/wp-json\/wp\/v2\/product\/10773","targetHints":{"allow":["GET"]}}],"collection":[{"href":"https:\/\/boreait.com\/hu\/wp-json\/wp\/v2\/product"}],"about":[{"href":"https:\/\/boreait.com\/hu\/wp-json\/wp\/v2\/types\/product"}],"wp:featuredmedia":[{"embeddable":true,"href":"https:\/\/boreait.com\/hu\/wp-json\/wp\/v2\/media\/9973"}],"wp:attachment":[{"href":"https:\/\/boreait.com\/hu\/wp-json\/wp\/v2\/media?parent=10773"}],"wp:term":[{"taxonomy":"product_brand","embeddable":true,"href":"https:\/\/boreait.com\/hu\/wp-json\/wp\/v2\/product_brand?post=10773"},{"taxonomy":"product_cat","embeddable":true,"href":"https:\/\/boreait.com\/hu\/wp-json\/wp\/v2\/product_cat?post=10773"},{"taxonomy":"product_tag","embeddable":true,"href":"https:\/\/boreait.com\/hu\/wp-json\/wp\/v2\/product_tag?post=10773"}],"curies":[{"name":"wp","href":"https:\/\/api.w.org\/{rel}","templated":true}]}}