{"id":10771,"date":"2025-09-17T12:59:27","date_gmt":"2025-09-17T10:59:27","guid":{"rendered":"https:\/\/boreait.com\/hu\/?post_type=product&#038;p=10771"},"modified":"2025-09-17T12:59:33","modified_gmt":"2025-09-17T10:59:33","slug":"acer-swift-1-sf114-34-c1px-14-fhd-ips-lcd-kepernyo-matt-konzolok-nelkul-uj","status":"publish","type":"product","link":"https:\/\/boreait.com\/hu\/termek\/acer-swift-1-sf114-34-c1px-14-fhd-ips-lcd-kepernyo-matt-konzolok-nelkul-uj\/","title":{"rendered":"ACER Swift 1 SF114-34-C1PX 14&#8243; FHD IPS LCD k\u00e9perny\u0151, matt, konzolok n\u00e9lk\u00fcl, \u00faj"},"content":{"rendered":"<p><strong>T\u00e9nyleges LCD-k\u00e9perny\u0151s modell: N140HCA-ELK REV C.2 \u2013 TELJESEN KOMPATIBILIS AZ ACER SWIFT 1 SF114-34-C1PX LAPTOP K\u00c9PERNY\u0150VEL<\/strong><\/p>\n<p>Friss\u00edtse vagy cser\u00e9lje ki az Acer Swift 1 SF114-34-C1PX k\u00e9perny\u0151j\u00e9t ezzel a kiv\u00e1l\u00f3 min\u0151s\u00e9g\u0171 14&#8243;-es FHD LCD-kijelz\u0151vel. Ez az \u00e9rint\u00e9s n\u00e9lk\u00fcli v\u00e1ltozat sima, matt fel\u00fclettel rendelkezik, kiv\u00e1l\u00f3 tisztas\u00e1got \u00e9s k\u00e9nyelmes megtekint\u00e9si \u00e9lm\u00e9nyt biztos\u00edt 1920 x 1080-as felbont\u00e1s\u00e1val. Fejlett l\u00e1t\u00f3sz\u00f6g\u0171, \u00e9l\u00e9nk sz\u00edneket \u00e9s sz\u00e9les l\u00e1t\u00f3sz\u00f6g\u0171 IPS-0-t haszn\u00e1l. csatlakoz\u00f3 \u00e9s nincs fels\u0151 vagy als\u00f3 konzol, a k\u00e9sz\u00fcl\u00e9kbe val\u00f3 egyszer\u0171 integr\u00e1ci\u00f3ra tervezt\u00e9k. Ezenk\u00edv\u00fcl a k\u00e9perny\u0151 k\u00e9toldalas ragaszt\u00f3szalaggal rendelkezik a probl\u00e9mamentes telep\u00edt\u00e9shez. T\u00f6k\u00e9letes azok sz\u00e1m\u00e1ra, akik vadonat\u00faj, megb\u00edzhat\u00f3 kijelz\u0151t keresnek.<\/p>\n","protected":false},"excerpt":{"rendered":"<p>Csere LCD kijelz\u0151 Acer Swift 1 SF114-34-C1PX-hez, 14&#8243; FHD, IPS, matt. 30 t\u0171s, tart\u00f3 n\u00e9lk\u00fcl, k\u00e9toldalas ragaszt\u00f3szalag mell\u00e9kelve. \u00daj \u00e1llapot.<\/p>\n","protected":false},"featured_media":9973,"template":"","meta":[],"product_brand":[],"product_cat":[74,71],"product_tag":[],"class_list":{"0":"post-10771","1":"product","2":"type-product","3":"status-publish","4":"has-post-thumbnail","6":"product_cat-14-new-laptop-screens-lcd-panels","7":"product_cat-new-laptop-screens-lcd-panels","9":"first","10":"instock","11":"taxable","12":"shipping-taxable","13":"purchasable","14":"product-type-simple"},"_links":{"self":[{"href":"https:\/\/boreait.com\/hu\/wp-json\/wp\/v2\/product\/10771","targetHints":{"allow":["GET"]}}],"collection":[{"href":"https:\/\/boreait.com\/hu\/wp-json\/wp\/v2\/product"}],"about":[{"href":"https:\/\/boreait.com\/hu\/wp-json\/wp\/v2\/types\/product"}],"wp:featuredmedia":[{"embeddable":true,"href":"https:\/\/boreait.com\/hu\/wp-json\/wp\/v2\/media\/9973"}],"wp:attachment":[{"href":"https:\/\/boreait.com\/hu\/wp-json\/wp\/v2\/media?parent=10771"}],"wp:term":[{"taxonomy":"product_brand","embeddable":true,"href":"https:\/\/boreait.com\/hu\/wp-json\/wp\/v2\/product_brand?post=10771"},{"taxonomy":"product_cat","embeddable":true,"href":"https:\/\/boreait.com\/hu\/wp-json\/wp\/v2\/product_cat?post=10771"},{"taxonomy":"product_tag","embeddable":true,"href":"https:\/\/boreait.com\/hu\/wp-json\/wp\/v2\/product_tag?post=10771"}],"curies":[{"name":"wp","href":"https:\/\/api.w.org\/{rel}","templated":true}]}}