{"id":10770,"date":"2025-09-17T12:59:27","date_gmt":"2025-09-17T10:59:27","guid":{"rendered":"https:\/\/boreait.com\/hu\/?post_type=product&#038;p=10770"},"modified":"2025-09-17T12:59:33","modified_gmt":"2025-09-17T10:59:33","slug":"uj-14-es-lcd-kepernyo-hp-elitebook-840-g5-g6-fhd-1920x1080-ips-matt-erintesmentes","status":"publish","type":"product","link":"https:\/\/boreait.com\/hu\/termek\/uj-14-es-lcd-kepernyo-hp-elitebook-840-g5-g6-fhd-1920x1080-ips-matt-erintesmentes\/","title":{"rendered":"\u00daj 14&#8243;-es LCD k\u00e9perny\u0151 HP EliteBook 840 G5 G6 FHD 1920&#215;1080 IPS matt, \u00e9rint\u00e9smentes"},"content":{"rendered":"<p><strong>T\u00e9nyleges LCD-k\u00e9perny\u0151s modell: N140HCA-ELK REV C.2 \u2013 TELJESEN KOMPATIBILIS A HP ELITEBOOK 840 G5 &amp; G6<\/strong>ra<\/p>\n<p>Friss\u00edtse a HP EliteBook 840 G5 &amp; G6 ezzel a kiv\u00e1l\u00f3 min\u0151s\u00e9g\u0171 14&#8243;-es LCD-kijelz\u0151vel. Ez az \u00e9rint\u00e9s n\u00e9lk\u00fcli v\u00e1ltozat leny\u0171g\u00f6z\u0151 Full HD (1920 x 1080) felbont\u00e1st k\u00edn\u00e1l, krist\u00e1lytiszta k\u00e9pet biztos\u00edtva matt IPS-kijelz\u0151n. A 30 t\u0171s csatlakoz\u00e1s biztos\u00edtja a z\u00f6kken\u0151mentes kompatibilit\u00e1st, a k\u00e9perny\u0151 pedig fels\u0151 \u00e9s als\u00f3 tart\u00f3elemek n\u00e9lk\u00fcl \u00e9rkezik, \u00edgy a kieg\u00e9sz\u00edt\u0151 dupla csaptelep is t\u00f6k\u00e9letesen illeszkedik az eszk\u00f6zh\u00f6z. Ak\u00e1r ki kell cser\u00e9lnie a s\u00e9r\u00fclt k\u00e9perny\u0151t, ak\u00e1r friss\u00edtenie kell eszk\u00f6z\u00e9t, ez az \u00faj LCD-k\u00e9perny\u0151 ide\u00e1lis v\u00e1laszt\u00e1s a HP EliteBook teljes\u00edtm\u00e9ny\u00e9nek \u00e9s megjelen\u00e9s\u00e9nek meg\u0151rz\u00e9s\u00e9hez.<\/p>\n","protected":false},"excerpt":{"rendered":"<p>Ez a 14 h\u00fcvelykes LCD-k\u00e9perny\u0151 a HP EliteBook 840 G5 \u00e9s G6 k\u00e9sz\u00fcl\u00e9kekhez egy \u00e9rint\u00e9smentes, FHD 1920 x 1080 IPS matt kijelz\u0151. K\u00e9toldalas \u00f6ntapad\u00f3 szalagot tartalmaz, fels\u0151 \u00e9s als\u00f3 konzolok n\u00e9lk\u00fcl. Vadonat\u00faj, 30 t\u0171s csatlakoz\u00e1ssal a t\u00f6k\u00e9letes illeszked\u00e9s\u00e9rt.<\/p>\n","protected":false},"featured_media":9973,"template":"","meta":[],"product_brand":[],"product_cat":[74,71],"product_tag":[],"class_list":{"0":"post-10770","1":"product","2":"type-product","3":"status-publish","4":"has-post-thumbnail","6":"product_cat-14-new-laptop-screens-lcd-panels","7":"product_cat-new-laptop-screens-lcd-panels","9":"first","10":"instock","11":"taxable","12":"shipping-taxable","13":"purchasable","14":"product-type-simple"},"_links":{"self":[{"href":"https:\/\/boreait.com\/hu\/wp-json\/wp\/v2\/product\/10770","targetHints":{"allow":["GET"]}}],"collection":[{"href":"https:\/\/boreait.com\/hu\/wp-json\/wp\/v2\/product"}],"about":[{"href":"https:\/\/boreait.com\/hu\/wp-json\/wp\/v2\/types\/product"}],"wp:featuredmedia":[{"embeddable":true,"href":"https:\/\/boreait.com\/hu\/wp-json\/wp\/v2\/media\/9973"}],"wp:attachment":[{"href":"https:\/\/boreait.com\/hu\/wp-json\/wp\/v2\/media?parent=10770"}],"wp:term":[{"taxonomy":"product_brand","embeddable":true,"href":"https:\/\/boreait.com\/hu\/wp-json\/wp\/v2\/product_brand?post=10770"},{"taxonomy":"product_cat","embeddable":true,"href":"https:\/\/boreait.com\/hu\/wp-json\/wp\/v2\/product_cat?post=10770"},{"taxonomy":"product_tag","embeddable":true,"href":"https:\/\/boreait.com\/hu\/wp-json\/wp\/v2\/product_tag?post=10770"}],"curies":[{"name":"wp","href":"https:\/\/api.w.org\/{rel}","templated":true}]}}