{"id":10769,"date":"2025-09-17T12:59:27","date_gmt":"2025-09-17T10:59:27","guid":{"rendered":"https:\/\/boreait.com\/hu\/?post_type=product&#038;p=10769"},"modified":"2025-09-17T12:59:33","modified_gmt":"2025-09-17T10:59:33","slug":"uj-14-es-lcd-kepernyo-lenovo-ideapad-c340-14api-fhd-ips-erintesmentes-30-tus","status":"publish","type":"product","link":"https:\/\/boreait.com\/hu\/termek\/uj-14-es-lcd-kepernyo-lenovo-ideapad-c340-14api-fhd-ips-erintesmentes-30-tus\/","title":{"rendered":"\u00daj 14&#8243;-es LCD k\u00e9perny\u0151 Lenovo IDEAPAD C340-14API FHD IPS, \u00e9rint\u00e9smentes 30 t\u0171s"},"content":{"rendered":"<p><strong>T\u00e9nyleges LCD-k\u00e9perny\u0151s modell: N140HCA-ELK REV C.2 \u2013 TELJESEN KOMPATIBILIS A Lenovo IDEAPAD C340-14API LAPTOP K\u00c9PERNY\u0150VEL<\/strong><\/p>\n<p>Friss\u00edtse Lenovo IDEAPAD C340-14API-j\u00e9t ezzel a kiv\u00e1l\u00f3 min\u0151s\u00e9g\u0171 14&#8243;-es LCD-k\u00e9perny\u0151 cser\u00e9j\u00e9vel. A nem \u00e9rint\u00e9smentes verzi\u00f3hoz tervezett k\u00e9perny\u0151 leny\u0171g\u00f6z\u0151 Full HD felbont\u00e1ssal (1920 x 1080) b\u00fcszk\u00e9lkedhet, amely \u00e9les k\u00e9pet \u00e9s \u00e9l\u00e9nk sz\u00edneket biztos\u00edt. Az IPS-panellel \u00e9lvezheti a tov\u00e1bbfejlesztett betekint\u00e9si sz\u00f6get \u00e9s a k\u00fclt\u00e9ri haszn\u00e1latot, amely cs\u00f6kkenti a k\u00e9perny\u0151 matts\u00e1g\u00e1t \u00e9s a matt megjelen\u00e9st. 30 t\u0171s, fels\u0151 \u00e9s als\u00f3 tart\u00f3 n\u00e9lk\u00fcl \u00e9rkezik, de k\u00e9toldalas \u00f6ntapad\u00f3 szalagot tartalmaz az egyszer\u0171 telep\u00edt\u00e9s \u00e9rdek\u00e9ben. \u00c1llapot: vadonat\u00faj, ez a k\u00e9perny\u0151 k\u00e9szen \u00e1ll a laptop kijelz\u0151j\u00e9nek eredeti min\u0151s\u00e9g\u00e9re.<\/p>\n","protected":false},"excerpt":{"rendered":"<p>Ez a 14 h\u00fcvelykes LCD-k\u00e9perny\u0151 Lenovo IDEAPAD C340-14API (nem \u00e9rint\u0151k\u00e9perny\u0151s) 1920&#215;1080-as Full HD felbont\u00e1st k\u00edn\u00e1l IPS panellel az \u00e9l\u00e9nk sz\u00ednek \u00e9s a sz\u00e9les betekint\u00e9si sz\u00f6gek \u00e9rdek\u00e9ben. A matt fel\u00fclet cs\u00f6kkenti a t\u00fckr\u00f6z\u0151d\u00e9st, \u00edgy ide\u00e1lis b\u00e1rmilyen vil\u00e1g\u00edt\u00e1si k\u00f6r\u00fclm\u00e9nyhez. Tartalmazza a 30 t\u0171s csatlakoz\u00e1st \u00e9s a k\u00e9toldalas ragaszt\u00e1st az \u00faj ragaszt\u00e1s \u00e9rdek\u00e9ben.<\/p>\n","protected":false},"featured_media":9973,"template":"","meta":[],"product_brand":[],"product_cat":[74,71],"product_tag":[],"class_list":{"0":"post-10769","1":"product","2":"type-product","3":"status-publish","4":"has-post-thumbnail","6":"product_cat-14-new-laptop-screens-lcd-panels","7":"product_cat-new-laptop-screens-lcd-panels","9":"first","10":"instock","11":"taxable","12":"shipping-taxable","13":"purchasable","14":"product-type-simple"},"_links":{"self":[{"href":"https:\/\/boreait.com\/hu\/wp-json\/wp\/v2\/product\/10769","targetHints":{"allow":["GET"]}}],"collection":[{"href":"https:\/\/boreait.com\/hu\/wp-json\/wp\/v2\/product"}],"about":[{"href":"https:\/\/boreait.com\/hu\/wp-json\/wp\/v2\/types\/product"}],"wp:featuredmedia":[{"embeddable":true,"href":"https:\/\/boreait.com\/hu\/wp-json\/wp\/v2\/media\/9973"}],"wp:attachment":[{"href":"https:\/\/boreait.com\/hu\/wp-json\/wp\/v2\/media?parent=10769"}],"wp:term":[{"taxonomy":"product_brand","embeddable":true,"href":"https:\/\/boreait.com\/hu\/wp-json\/wp\/v2\/product_brand?post=10769"},{"taxonomy":"product_cat","embeddable":true,"href":"https:\/\/boreait.com\/hu\/wp-json\/wp\/v2\/product_cat?post=10769"},{"taxonomy":"product_tag","embeddable":true,"href":"https:\/\/boreait.com\/hu\/wp-json\/wp\/v2\/product_tag?post=10769"}],"curies":[{"name":"wp","href":"https:\/\/api.w.org\/{rel}","templated":true}]}}