{"id":10766,"date":"2025-09-17T12:59:27","date_gmt":"2025-09-17T10:59:27","guid":{"rendered":"https:\/\/boreait.com\/hu\/?post_type=product&#038;p=10766"},"modified":"2025-09-17T12:59:32","modified_gmt":"2025-09-17T10:59:32","slug":"161-huvelykes-lcd-kepernyo-a-hp-omen-16-xd-sorozathoz-fhd-144-hz-matt-40-tus-erintesmentes","status":"publish","type":"product","link":"https:\/\/boreait.com\/hu\/termek\/161-huvelykes-lcd-kepernyo-a-hp-omen-16-xd-sorozathoz-fhd-144-hz-matt-40-tus-erintesmentes\/","title":{"rendered":"16,1 h\u00fcvelykes LCD k\u00e9perny\u0151 a HP OMEN 16 xd sorozathoz \u2013 FHD 144 Hz matt, 40 t\u0171s, \u00e9rint\u00e9smentes"},"content":{"rendered":"<p><strong>T\u00e9nyleges LCD-k\u00e9perny\u0151s modell: N161hma-gak REV. C3 vagy n161hca-ga1 REV C.1 \u2013 TELJESEN KOMPATIBILIS A HP OMEN 16 B0 \/ b00000\/ b0xxxx sorozat\u00fa laptop k\u00e9perny\u0151j\u00e9vel<\/strong><\/p>\n<p>Friss\u00edtse HP OMEN 16 sorozat\u00fa laptopj\u00e1t kiv\u00e1l\u00f3 min\u0151s\u00e9g\u0171 LCD-k\u00e9perny\u0151nk cser\u00e9j\u00e9vel. A <strong>HP OMEN 16 xd \/ xd0000 \/ xdxxxx sorozathoz<\/strong> tervezt\u00e9k, ez a 16,1 h\u00fcvelykes, \u00e9rint\u00e9smentes kijelz\u0151 kiv\u00e1l\u00f3 teljes\u00edtm\u00e9nyt \u00e9s kompatibilit\u00e1st biztos\u00edt az olyan modellekkel, mint a <strong>16-B0000NC, 16-B0000NE, 16-B0000NH,0,06-B0000,0,0000,0,00000 sorozat.<\/p>\n<p>A <strong>Full HD felbont\u00e1s\u00fa (1920&#215;1080)<\/strong> matt k\u00e9perny\u0151 leny\u0171g\u00f6z\u0151 vizu\u00e1lis \u00e9lm\u00e9nyt k\u00edn\u00e1l \u00e9l\u00e9nk sz\u00ednekkel \u00e9s egyenletes friss\u00edt\u00e9si gyakoris\u00e1ggal, k\u00f6sz\u00f6nhet\u0151en a <strong>144 Hz-es k\u00e9pess\u00e9g\u00e9nek<\/strong>. Ak\u00e1r j\u00e1tszik, ak\u00e1r streamel, ak\u00e1r dolgozik, \u00e9lvezze a z\u00f6kken\u0151mentes, t\u00fckr\u00f6z\u0151d\u00e9smentes l\u00e1tv\u00e1nyvil\u00e1got. A <strong>250 nit<\/strong> f\u00e9nyer\u0151vel tiszta k\u00e9peket biztos\u00edt k\u00fcl\u00f6nf\u00e9le f\u00e9nyviszonyok k\u00f6z\u00f6tt.<\/p>\n<p>A legfontosabb r\u00e9szletek:<\/p>\n<ul>\n<li><strong>M\u00e9ret<\/strong>: 16,1 h\u00fcvelyk<\/li>\n<li><strong>Felbont\u00e1s<\/strong>: FHD (1920&#215;1080)<\/li>\n<li><strong>Friss\u00edt\u00e9si gyakoris\u00e1g<\/strong>: 144 Hz<\/li>\n<li><strong>F\u00e9nyer\u0151<\/strong>: 250 Nit<\/li>\n<li><strong>Befejez\u00e9s<\/strong>: matt<\/li>\n<li><strong>Csatlakoz\u00f3<\/strong>: 40 t\u0171s<\/li>\n<li><strong>\u00c1llapot<\/strong>: vadonat\u00faj<\/li>\n<\/ul>\n<p>Ez a cserek\u00e9perny\u0151 fels\u0151 \u00e9s als\u00f3 konzolok n\u00e9lk\u00fcl \u00e9rkezik, \u00edgy k\u00f6nny\u0171 \u00e9s k\u00f6nnyen telep\u00edthet\u0151. A csomagban tal\u00e1lhat\u00f3 <strong>k\u00e9toldalas \u00f6ntapad\u00f3 szalag<\/strong> a biztons\u00e1gos illeszked\u00e9s \u00e9rdek\u00e9ben professzion\u00e1lis \u00e9s tart\u00f3s be\u00e1ll\u00edt\u00e1st biztos\u00edt. A teljes\u00edtm\u00e9nyre \u00e9s megb\u00edzhat\u00f3s\u00e1gra \u00e9p\u00edtett k\u00e9perny\u0151 t\u00f6k\u00e9letes a j\u00e1t\u00e9kosok, alkot\u00f3k \u00e9s szakemberek sz\u00e1m\u00e1ra.<\/p>\n<p>Kompatibilis a sorozat HP OMEN 16 modelljeinek sz\u00e9les v\u00e1laszt\u00e9k\u00e1val (nem \u00e9rint\u0151k\u00e9perny\u0151s v\u00e1ltozatok). V\u00e1s\u00e1rl\u00e1s el\u0151tt ellen\u0151rizze laptopja m\u0171szaki adatait a kompatibilit\u00e1s meger\u0151s\u00edt\u00e9s\u00e9hez.<\/p>\n<p><strong>Egyes kompatibilis laptopok list\u00e1ja:\u00a0\u00a0<\/strong><\/p>\n<p># 16-B0000NY, 16-B0000TX, 16-B0000UR, 16-B0001NB, 16-B0001NC, 16-B0001NE, 16-B0001NH, 16-B0001NI, 16-B0001NI, 16-B0016-NIAB,0016-NIA 16-B0001NK, 16-B0001NT, 16-B0001NV, 16-B0001NX, 16-B0001TX, 16-B0001UR, 16-B0002NB, 16-B0002NC, 16-B0002NC, 16-B020, 16-B016 16-B0002NI, 16-B0002NJ, 16-B0002NK, 16-B0002NL, 16-B0002NM, 16-B0002NS, 16-B0002NT, 16-B0002NV, 16-B0002NV, 16-XB0<\/p>\n<p>, 16-B0002NY, 16-B0002TX, 16-B0003NE, 16-B0003NH, 16-B0003NI, 16-B0003NIA, 16-B0003NJ, 16-B0003NM, 016-B0 16-B0003NX, 16-B0003TX, 16-B0003UR, 16-B0004NA, 16-B0004NH, 16-B0004NI, 16-B0004NJ, 16-B0004NL, 16-B0004NL, 16-B001NV 16-B0004NX, 16-B0004NY, 16-B0004TX, 16-B0005DX, 16-B0005NE, 16-B0005NH, 16-B0005NJ, 16-B0005NK, 16-B0005NK, 16-B005N,5005N,501 16-B0005NP, 16-B0005NQ, 16-B0005NU, 16-B0005NV, 16-B0005NX, 16-B0005TX, 16-B0006NB, 16-B0006NH, 16-B0006NH, 16-B0005NU, 16-B01060 16-B0006NV, 16-B0006NX, 16-B0006TX, 16-B0007NE, 16-B0007NIA, 16-B0007NJ, 16-B0007NL, 16-B0007NM, 16-B0007NM, 16-B0006TX, 16-0,10 16-B0007NV, 16-B0007NX, 16-B0007TX, 16-B0007UR, 16-B0008CA, 16-B0008NA, 16-B0008NK, 16-B0008NO, 16-B0008NO, 16-B0068N, 16-B0068X 16-B0008TX, 16-b0012nl, 16-b0013nl, 16-b0013dx, 16-b0351tx, 16-b0509la, 16-b0009na,<\/p>\n","protected":false},"excerpt":{"rendered":"<p>Kiv\u00e1l\u00f3 min\u0151s\u00e9g\u0171, 16,1 h\u00fcvelykes FHD matt LCD-k\u00e9perny\u0151 HP OMEN 16 xd sorozat\u00fa laptopokhoz. <strong>144 Hz-es friss\u00edt\u00e9si gyakoris\u00e1g<\/strong>, <strong>250 Nites f\u00e9nyer\u0151<\/strong> \u00e9s <strong>40 t\u0171s csatlakoz\u00f3<\/strong>. K\u00e9toldalas ragaszt\u00f3szalaggal sz\u00e1ll\u00edtjuk az egyszer\u0171 telep\u00edt\u00e9s \u00e9rdek\u00e9ben. Kompatibilis a 01-06-os modellekkel 16-B0000NE \u00e9s m\u00e1sok.<\/p>\n","protected":false},"featured_media":10036,"template":"","meta":[],"product_brand":[],"product_cat":[83,71],"product_tag":[25],"class_list":{"0":"post-10766","1":"product","2":"type-product","3":"status-publish","4":"has-post-thumbnail","6":"product_cat-16-1","7":"product_cat-new-laptop-screens-lcd-panels","8":"product_tag-hp","10":"first","11":"instock","12":"taxable","13":"shipping-taxable","14":"purchasable","15":"product-type-simple"},"_links":{"self":[{"href":"https:\/\/boreait.com\/hu\/wp-json\/wp\/v2\/product\/10766","targetHints":{"allow":["GET"]}}],"collection":[{"href":"https:\/\/boreait.com\/hu\/wp-json\/wp\/v2\/product"}],"about":[{"href":"https:\/\/boreait.com\/hu\/wp-json\/wp\/v2\/types\/product"}],"wp:featuredmedia":[{"embeddable":true,"href":"https:\/\/boreait.com\/hu\/wp-json\/wp\/v2\/media\/10036"}],"wp:attachment":[{"href":"https:\/\/boreait.com\/hu\/wp-json\/wp\/v2\/media?parent=10766"}],"wp:term":[{"taxonomy":"product_brand","embeddable":true,"href":"https:\/\/boreait.com\/hu\/wp-json\/wp\/v2\/product_brand?post=10766"},{"taxonomy":"product_cat","embeddable":true,"href":"https:\/\/boreait.com\/hu\/wp-json\/wp\/v2\/product_cat?post=10766"},{"taxonomy":"product_tag","embeddable":true,"href":"https:\/\/boreait.com\/hu\/wp-json\/wp\/v2\/product_tag?post=10766"}],"curies":[{"name":"wp","href":"https:\/\/api.w.org\/{rel}","templated":true}]}}