{"id":10765,"date":"2025-09-17T12:59:27","date_gmt":"2025-09-17T10:59:27","guid":{"rendered":"https:\/\/boreait.com\/hu\/?post_type=product&#038;p=10765"},"modified":"2025-09-17T12:59:32","modified_gmt":"2025-09-17T10:59:32","slug":"14-lenovo-lcd-kepernyo-5d10w73203-5d10r41286-fhd-ips-matt-30-tus-uj","status":"publish","type":"product","link":"https:\/\/boreait.com\/hu\/termek\/14-lenovo-lcd-kepernyo-5d10w73203-5d10r41286-fhd-ips-matt-30-tus-uj\/","title":{"rendered":"14&#8243; Lenovo LCD k\u00e9perny\u0151 5D10W73203, 5D10R41286 FHD IPS matt, 30 t\u0171s, \u00faj"},"content":{"rendered":"<p><strong>T\u00e9nyleges LCD-k\u00e9perny\u0151s modell: N140HCA-ELK REV C.2 \u2013 TELJESEN KOMPATIBILIS A Lenovo PN 5D10W73203, 5D10R41286 LAPTOP K\u00c9PERNY\u0150VEL<\/strong><\/p>\n<p>Ezt a vadonat\u00faj 14&#8243;-es Lenovo LCD-k\u00e9perny\u0151t (5D10W73203 \u00e9s 5D10R41286 cikksz\u00e1mok) a pontoss\u00e1gra \u00e9s megb\u00edzhat\u00f3s\u00e1gra tervezt\u00e9k, Full HD (1920&#215;1080) felbont\u00e1st k\u00edn\u00e1l kiv\u00e1l\u00f3 min\u0151s\u00e9g\u0171 matt IPS-kijelz\u0151vel. Ide\u00e1lis cser\u00e9hez vagy friss\u00edt\u00e9shez az als\u00f3 r\u00e9szhez, \u00e9s a tetej\u00e9t\u0151l a 3-ig ingyenes csatlakoz\u00e1ssal \u00e9rkezik. konzolok, biztos\u00edtva az eleg\u00e1ns \u00e9s z\u00f6kken\u0151mentes illeszked\u00e9st. A csomag k\u00e9toldalas \u00f6ntapad\u00f3 szalagot is tartalmaz, amely leegyszer\u0171s\u00edti a telep\u00edt\u00e9si folyamatot. T\u00f6k\u00e9letes azok sz\u00e1m\u00e1ra, akik szeretn\u00e9k helyre\u00e1ll\u00edtani vagy jav\u00edtani laptopjuk vizu\u00e1lis min\u0151s\u00e9g\u00e9t.<\/p>\n","protected":false},"excerpt":{"rendered":"<p>Vadonat\u00faj 14&#8243;-es Lenovo LCD k\u00e9perny\u0151 (PN: 5D10W73203, 5D10R41286) FHD IPS matt kijelz\u0151vel. 30 t\u0171s, \u00e9rint\u00e9smentes v\u00e1ltozat k\u00e9toldalas ragaszt\u00f3szalaggal. T\u00f6k\u00e9letes helyettes\u00edt\u0151je laptopodnak.<\/p>\n","protected":false},"featured_media":9973,"template":"","meta":[],"product_brand":[],"product_cat":[74,71],"product_tag":[],"class_list":{"0":"post-10765","1":"product","2":"type-product","3":"status-publish","4":"has-post-thumbnail","6":"product_cat-14-new-laptop-screens-lcd-panels","7":"product_cat-new-laptop-screens-lcd-panels","9":"first","10":"instock","11":"taxable","12":"shipping-taxable","13":"purchasable","14":"product-type-simple"},"_links":{"self":[{"href":"https:\/\/boreait.com\/hu\/wp-json\/wp\/v2\/product\/10765","targetHints":{"allow":["GET"]}}],"collection":[{"href":"https:\/\/boreait.com\/hu\/wp-json\/wp\/v2\/product"}],"about":[{"href":"https:\/\/boreait.com\/hu\/wp-json\/wp\/v2\/types\/product"}],"wp:featuredmedia":[{"embeddable":true,"href":"https:\/\/boreait.com\/hu\/wp-json\/wp\/v2\/media\/9973"}],"wp:attachment":[{"href":"https:\/\/boreait.com\/hu\/wp-json\/wp\/v2\/media?parent=10765"}],"wp:term":[{"taxonomy":"product_brand","embeddable":true,"href":"https:\/\/boreait.com\/hu\/wp-json\/wp\/v2\/product_brand?post=10765"},{"taxonomy":"product_cat","embeddable":true,"href":"https:\/\/boreait.com\/hu\/wp-json\/wp\/v2\/product_cat?post=10765"},{"taxonomy":"product_tag","embeddable":true,"href":"https:\/\/boreait.com\/hu\/wp-json\/wp\/v2\/product_tag?post=10765"}],"curies":[{"name":"wp","href":"https:\/\/api.w.org\/{rel}","templated":true}]}}