{"id":10764,"date":"2025-09-17T12:59:27","date_gmt":"2025-09-17T10:59:27","guid":{"rendered":"https:\/\/boreait.com\/hu\/?post_type=product&#038;p=10764"},"modified":"2025-09-17T12:59:32","modified_gmt":"2025-09-17T10:59:32","slug":"n69397-j91-14-fhd-ips-lcd-kepernyo-1920x1080-erintesmentes-matt-30-tus-uj","status":"publish","type":"product","link":"https:\/\/boreait.com\/hu\/termek\/n69397-j91-14-fhd-ips-lcd-kepernyo-1920x1080-erintesmentes-matt-30-tus-uj\/","title":{"rendered":"N69397-J91 14&#8243; FHD IPS LCD k\u00e9perny\u0151 1920&#215;1080, \u00e9rint\u00e9smentes, matt, 30 t\u0171s &#8211; \u00faj"},"content":{"rendered":"<p><strong>T\u00e9nyleges LCD-k\u00e9perny\u0151s modell: N140HCA-ELK REV C.2 \u2013 TELJESEN KOMPATIBILIS AZ N69397-J91 LAPTOP K\u00c9PERNY\u0150VEL<\/strong><\/p>\n<p>Friss\u00edtse laptopja kijelz\u0151j\u00e9t ezzel a kiv\u00e1l\u00f3 min\u0151s\u00e9g\u0171 N69397-J91 LCD-k\u00e9perny\u0151vel. Ez a 14 h\u00fcvelykes Full HD k\u00e9perny\u0151 leny\u0171g\u00f6z\u0151, 1920 x 1080 felbont\u00e1st k\u00edn\u00e1l, \u00e9l\u00e9nk, krist\u00e1lytiszta k\u00e9pet biztos\u00edt, \u00edgy t\u00f6k\u00e9letes mind a munk\u00e1hoz, mind a sz\u00f3rakoz\u00e1shoz. Az IPS technol\u00f3gi\u00e1val sz\u00e9les l\u00e1t\u00f3sz\u00f6geket \u00e9s \u00e9leth\u0171 sz\u00edneket \u00e9lvezhet, m\u00edg a matt fel\u00fclet biztos\u00edtja a t\u00fckr\u00f6z\u0151d\u00e9s cs\u00f6kkent\u00e9s\u00e9t a k\u00e9nyelmesebb megtekint\u00e9s \u00e9rdek\u00e9ben. Ez az \u00e9rint\u00e9smentes v\u00e1ltozat ide\u00e1lis a dupla lakkoz\u00e1s\u00fa vagy s\u00e9r\u00fclt k\u00e9perny\u0151h\u00f6z. \u00d6ntapad\u00f3 szalag az egyszer\u0171 telep\u00edt\u00e9shez. Kompatibilis a 30 t\u0171s csatlakoz\u00e1sokkal, ez a k\u00e9perny\u0151 nem tartalmaz fels\u0151 \u00e9s als\u00f3 tart\u00f3t, \u00edgy sokoldal\u00fa \u00e9s k\u00f6nnyen illeszkedik a k\u00fcl\u00f6nf\u00e9le laptopmodellekhez.<\/p>\n","protected":false},"excerpt":{"rendered":"<p>Cser\u00e9lje ki s\u00e9r\u00fclt k\u00e9perny\u0151j\u00e9t N69397-J91 14&#8243; FHD IPS LCD, 1920&#215;1080 felbont\u00e1s\u00fa, matt fel\u00fclet\u0171. K\u00e9toldalas ragaszt\u00f3szalag j\u00e1r hozz\u00e1. \u00c9rint\u00e9smentes, \u00fajszer\u0171 \u00e1llapot\u00fa.<\/p>\n","protected":false},"featured_media":9973,"template":"","meta":[],"product_brand":[],"product_cat":[74,71],"product_tag":[],"class_list":{"0":"post-10764","1":"product","2":"type-product","3":"status-publish","4":"has-post-thumbnail","6":"product_cat-14-new-laptop-screens-lcd-panels","7":"product_cat-new-laptop-screens-lcd-panels","9":"first","10":"instock","11":"taxable","12":"shipping-taxable","13":"purchasable","14":"product-type-simple"},"_links":{"self":[{"href":"https:\/\/boreait.com\/hu\/wp-json\/wp\/v2\/product\/10764","targetHints":{"allow":["GET"]}}],"collection":[{"href":"https:\/\/boreait.com\/hu\/wp-json\/wp\/v2\/product"}],"about":[{"href":"https:\/\/boreait.com\/hu\/wp-json\/wp\/v2\/types\/product"}],"wp:featuredmedia":[{"embeddable":true,"href":"https:\/\/boreait.com\/hu\/wp-json\/wp\/v2\/media\/9973"}],"wp:attachment":[{"href":"https:\/\/boreait.com\/hu\/wp-json\/wp\/v2\/media?parent=10764"}],"wp:term":[{"taxonomy":"product_brand","embeddable":true,"href":"https:\/\/boreait.com\/hu\/wp-json\/wp\/v2\/product_brand?post=10764"},{"taxonomy":"product_cat","embeddable":true,"href":"https:\/\/boreait.com\/hu\/wp-json\/wp\/v2\/product_cat?post=10764"},{"taxonomy":"product_tag","embeddable":true,"href":"https:\/\/boreait.com\/hu\/wp-json\/wp\/v2\/product_tag?post=10764"}],"curies":[{"name":"wp","href":"https:\/\/api.w.org\/{rel}","templated":true}]}}