{"id":10762,"date":"2025-09-17T12:59:27","date_gmt":"2025-09-17T10:59:27","guid":{"rendered":"https:\/\/boreait.com\/hu\/?post_type=product&#038;p=10762"},"modified":"2025-09-17T12:59:31","modified_gmt":"2025-09-17T10:59:31","slug":"14-n140hcg-gq2-rev-b1-lcd-kepernyo-fhd-1920x1080-ips-matt-30-tus-uj","status":"publish","type":"product","link":"https:\/\/boreait.com\/hu\/termek\/14-n140hcg-gq2-rev-b1-lcd-kepernyo-fhd-1920x1080-ips-matt-30-tus-uj\/","title":{"rendered":"14&#8243; N140HCG-GQ2 Rev.B1 LCD k\u00e9perny\u0151 &#8211; FHD 1920&#215;1080, IPS, matt, 30 t\u0171s, \u00faj"},"content":{"rendered":"<p><strong>T\u00e9nyleges LCD-k\u00e9perny\u0151s modell: N140HCA-ELK REV C.2 \u2013 TELJESEN KOMPATIBILIS AZ N140HCG-GQ2 Rev.B1 LAPTOP K\u00c9PERNY\u0150VEL<\/strong><\/p>\n<p>Friss\u00edtse eszk\u00f6z\u00e9t ezzel a kiv\u00e1l\u00f3 min\u0151s\u00e9g\u0171 N140HCG-GQ2 Rev.B1 LCD-k\u00e9perny\u0151vel. A prec\u00edzi\u00f3ra \u00e9s teljes\u00edtm\u00e9nyre tervezett 14&#8243;-es k\u00e9perny\u0151 leny\u0171g\u00f6z\u0151 Full HD (1920&#215;1080) felbont\u00e1st k\u00edn\u00e1l IPS technol\u00f3gi\u00e1val, \u00e9l\u00e9nk sz\u00edneket \u00e9s sz\u00e9les betekint\u00e9si sz\u00f6geket biztos\u00edtva. A matt fel\u00fclet cs\u00f6kkenti a t\u00fckr\u00f6z\u0151d\u00e9st, \u00edgy ide\u00e1lis k\u00fcl\u00f6nf\u00e9le k\u00f6rnyezetekhez. 30 t\u0171s csatlakoz\u00e1s\u00e1val ez a k\u00e9perny\u0151 sz\u00e1mos laptoppal kompatibilis. Nem tartozik hozz\u00e1 dupla, fels\u0151 \u00e9s \u00f6ntapad\u00f3s telep\u00edt\u00e9s. konzolok, biztos\u00edtva a z\u00f6kken\u0151mentes csere\u00e9lm\u00e9nyt Ak\u00e1r jav\u00edtja vagy friss\u00edti k\u00e9sz\u00fcl\u00e9k\u00e9t, ez a k\u00e9perny\u0151 teljesen \u00faj, \u00e9s k\u00e9szen \u00e1ll arra, hogy kiv\u00e9teles tisztas\u00e1ggal \u00e9s r\u00e9szletess\u00e9ggel \u00e9letre keltse a kijelz\u0151t.<\/p>\n","protected":false},"excerpt":{"rendered":"<p>Cser\u00e9lje vagy friss\u00edtse laptopja k\u00e9perny\u0151j\u00e9t az N140HCG-GQ2 Rev.B1 14&#8243;-es LCD-re. Full HD 1920&#215;1080 felbont\u00e1ssal, IPS technol\u00f3gi\u00e1val, matt fel\u00fclettel \u00e9s 30 t\u0171s csatlakoz\u00e1ssal. K\u00e9toldalas \u00f6ntapad\u00f3 szalagot tartalmaz. \u00daj \u00e1llapot.<\/p>\n","protected":false},"featured_media":9973,"template":"","meta":[],"product_brand":[],"product_cat":[74,71],"product_tag":[],"class_list":{"0":"post-10762","1":"product","2":"type-product","3":"status-publish","4":"has-post-thumbnail","6":"product_cat-14-new-laptop-screens-lcd-panels","7":"product_cat-new-laptop-screens-lcd-panels","9":"first","10":"instock","11":"taxable","12":"shipping-taxable","13":"purchasable","14":"product-type-simple"},"_links":{"self":[{"href":"https:\/\/boreait.com\/hu\/wp-json\/wp\/v2\/product\/10762","targetHints":{"allow":["GET"]}}],"collection":[{"href":"https:\/\/boreait.com\/hu\/wp-json\/wp\/v2\/product"}],"about":[{"href":"https:\/\/boreait.com\/hu\/wp-json\/wp\/v2\/types\/product"}],"wp:featuredmedia":[{"embeddable":true,"href":"https:\/\/boreait.com\/hu\/wp-json\/wp\/v2\/media\/9973"}],"wp:attachment":[{"href":"https:\/\/boreait.com\/hu\/wp-json\/wp\/v2\/media?parent=10762"}],"wp:term":[{"taxonomy":"product_brand","embeddable":true,"href":"https:\/\/boreait.com\/hu\/wp-json\/wp\/v2\/product_brand?post=10762"},{"taxonomy":"product_cat","embeddable":true,"href":"https:\/\/boreait.com\/hu\/wp-json\/wp\/v2\/product_cat?post=10762"},{"taxonomy":"product_tag","embeddable":true,"href":"https:\/\/boreait.com\/hu\/wp-json\/wp\/v2\/product_tag?post=10762"}],"curies":[{"name":"wp","href":"https:\/\/api.w.org\/{rel}","templated":true}]}}