{"id":10761,"date":"2025-09-17T12:59:26","date_gmt":"2025-09-17T10:59:26","guid":{"rendered":"https:\/\/boreait.com\/hu\/?post_type=product&#038;p=10761"},"modified":"2025-09-17T12:59:31","modified_gmt":"2025-09-17T10:59:31","slug":"b140han05-7-14-fhd-ips-lcd-kepernyo-30-tus-matt-ketoldalas-szalag-uj","status":"publish","type":"product","link":"https:\/\/boreait.com\/hu\/termek\/b140han05-7-14-fhd-ips-lcd-kepernyo-30-tus-matt-ketoldalas-szalag-uj\/","title":{"rendered":"B140HAN05.7 14&#8243; FHD IPS LCD k\u00e9perny\u0151, 30 t\u0171s, matt, k\u00e9toldalas szalag, \u00faj"},"content":{"rendered":"<p><strong>T\u00e9nyleges LCD-k\u00e9perny\u0151s modell: N140HCA-ELK REV C.2 \u2013 TELJESEN KOMPATIBILIS A B140HAN05.7 LAPTOP K\u00c9PERNY\u0150VEL<\/strong><\/p>\n<p>Friss\u00edtse eszk\u00f6z\u00e9t a B140HAN05.7 LCD-k\u00e9perny\u0151vel, amely egy kiv\u00e1l\u00f3 min\u0151s\u00e9g\u0171, 14 h\u00fcvelykes kijelz\u0151, amely \u00e9l\u00e9nk sz\u00edneket \u00e9s \u00e9les r\u00e9szleteket \u00edg\u00e9r Full HD (1920 x 1080) felbont\u00e1ssal. Ez a 30 t\u0171s IPS-kijelz\u0151 matt fel\u00fclettel rendelkezik, \u00edgy cs\u00f6kkenti a t\u00fckr\u00f6z\u0151d\u00e9st, \u00edgy munk\u00e1hoz \u00e9s sz\u00f3rakoz\u00e1shoz egyar\u00e1nt ide\u00e1lis. A k\u00e9perny\u0151 \u00e9rint\u00e9smentes v\u00e1ltozata, amely z\u00f6kken\u0151mentes teljes\u00edtm\u00e9nyt biztos\u00edt azok sz\u00e1m\u00e1ra, akik nem ig\u00e9nyelnek \u00e9rint\u00e9si funkci\u00f3t. Fels\u0151 \u00e9s als\u00f3 tart\u00f3 n\u00e9lk\u00fcl \u00e9rkezik, de k\u00e9toldalas \u00f6ntapad\u00f3 szalagot tartalmaz az egyszer\u0171 telep\u00edt\u00e9s \u00e9rdek\u00e9ben. Ak\u00e1r egy s\u00e9r\u00fclt k\u00e9perny\u0151t cser\u00e9l, ak\u00e1r a kijelz\u0151t friss\u00edti, a B140HAN05.7 kiv\u00e9teles teljes\u00edtm\u00e9nyt \u00e9s tisztas\u00e1got biztos\u00edt. \u00c1llapot: \u00daj.<\/p>\n","protected":false},"excerpt":{"rendered":"<p>B\u0151v\u00edtse k\u00e9sz\u00fcl\u00e9k\u00e9t a B140HAN05.7 14&#8243; LCD k\u00e9perny\u0151vel, Full HD, IPS, matt, 30 t\u0171s. Tartalmazza a k\u00e9toldalas szalagot a k\u00f6nny\u0171 telep\u00edt\u00e9s \u00e9rdek\u00e9ben. \u00c1llapot: \u00daj.<\/p>\n","protected":false},"featured_media":9973,"template":"","meta":[],"product_brand":[],"product_cat":[74,71],"product_tag":[],"class_list":{"0":"post-10761","1":"product","2":"type-product","3":"status-publish","4":"has-post-thumbnail","6":"product_cat-14-new-laptop-screens-lcd-panels","7":"product_cat-new-laptop-screens-lcd-panels","9":"first","10":"instock","11":"taxable","12":"shipping-taxable","13":"purchasable","14":"product-type-simple"},"_links":{"self":[{"href":"https:\/\/boreait.com\/hu\/wp-json\/wp\/v2\/product\/10761","targetHints":{"allow":["GET"]}}],"collection":[{"href":"https:\/\/boreait.com\/hu\/wp-json\/wp\/v2\/product"}],"about":[{"href":"https:\/\/boreait.com\/hu\/wp-json\/wp\/v2\/types\/product"}],"wp:featuredmedia":[{"embeddable":true,"href":"https:\/\/boreait.com\/hu\/wp-json\/wp\/v2\/media\/9973"}],"wp:attachment":[{"href":"https:\/\/boreait.com\/hu\/wp-json\/wp\/v2\/media?parent=10761"}],"wp:term":[{"taxonomy":"product_brand","embeddable":true,"href":"https:\/\/boreait.com\/hu\/wp-json\/wp\/v2\/product_brand?post=10761"},{"taxonomy":"product_cat","embeddable":true,"href":"https:\/\/boreait.com\/hu\/wp-json\/wp\/v2\/product_cat?post=10761"},{"taxonomy":"product_tag","embeddable":true,"href":"https:\/\/boreait.com\/hu\/wp-json\/wp\/v2\/product_tag?post=10761"}],"curies":[{"name":"wp","href":"https:\/\/api.w.org\/{rel}","templated":true}]}}