{"id":1076,"date":"2025-09-17T09:54:01","date_gmt":"2025-09-17T07:54:01","guid":{"rendered":"https:\/\/boreait.com\/hu\/?post_type=product&#038;p=1076"},"modified":"2026-01-09T10:14:43","modified_gmt":"2026-01-09T09:14:43","slug":"dell-latitude-e7450-bekapcsologomb-usb-audio-csatlakozoval-io-aramkori-lap-110hr-audio-usb-kabel-lf-a961p-kcxkt","status":"publish","type":"product","link":"https:\/\/boreait.com\/hu\/termek\/dell-latitude-e7450-bekapcsologomb-usb-audio-csatlakozoval-io-aramkori-lap-110hr-audio-usb-kabel-lf-a961p-kcxkt\/","title":{"rendered":"Dell Latitude E7450 bekapcsol\u00f3gomb USB audio csatlakoz\u00f3val IO \u00e1ramk\u00f6ri lap 110HR audio USB k\u00e1bel LF-A961P KCXKT"},"content":{"rendered":"<div class=\"flex-1 overflow-hidden\">\n<div class=\"react-scroll-to-bottom--css-ivmta-79elbk h-full dark:bg-gray-800\">\n<div class=\"react-scroll-to-bottom--css-ivmta-1n7m0yu\">\n<div class=\"flex flex-col text-sm dark:bg-gray-800\">\n<div class=\"group w-full text-gray-800 dark:text-gray-100 border-b border-black\/10 dark:border-gray-900\/50 bg-gray-50 dark:bg-[#444654]\">\n<div class=\"flex p-4 gap-4 text-base md:gap-6 md:max-w-2xl lg:max-w-[38rem] xl:max-w-3xl md:py-6 lg:px-0 m-auto\">\n<div class=\"relat\u00edv flex w-[calc(100%-50px)] flex-col gap-1 md:gap-3 lg:w-[calc(100%-115px)]\">\n<div class=\"flex flex-grow flex-col gap-3\">\n<div class=\"min-h-[20px] flex items-start overflow-x-auto whitespace-pre-wrap break-words\">\n<div class=\"markdown prose w-full break-words dark:prose-invert light\">\n<p>A Dell Latitude E7450 bekapcsol\u00f3gombos USB 110HR IO \u00e1ramk\u00f6ri lappal egy eredeti OEM cserealkatr\u00e9sz, amelyet kifejezetten a Dell Latitude E7450 laptopsorozathoz terveztek. Ez az \u00e1ramk\u00f6ri lap egy kritikus elem, amely a bekapcsol\u00f3gombot, egy USB-portot \u00e9s egy audio-aljzatot tartalmazza, \u00e9s lehet\u0151v\u00e9 teszi a laptop energiaell\u00e1t\u00e1s\u00e1nak vez\u00e9rl\u00e9s\u00e9t, k\u00fcls\u0151 USB-eszk\u00f6z\u00f6k csatlakoztat\u00e1s\u00e1t \u00e9s audioperif\u00e9ri\u00e1k probl\u00e9mamentes haszn\u00e1lat\u00e1t.<\/p>\n<p>Ha Dell Latitude E7450 laptopj\u00e1nak bekapcsol\u00f3gombja nem reag\u00e1l, az USB-port nem m\u0171k\u00f6dik, vagy az audiocsatlakoz\u00f3 nem biztos\u00edt hangkimenetet, az jelent\u0151sen befoly\u00e1solhatja laptopja \u00e1ltal\u00e1nos haszn\u00e1lhat\u00f3s\u00e1g\u00e1t. A hib\u00e1s bekapcsol\u00f3gomb megakad\u00e1lyozhatja a laptop be- \u00e9s kikapcsol\u00e1s\u00e1t, m\u00edg a nem m\u0171k\u00f6d\u0151 USB- \u00e9s audioportok akad\u00e1lyozhatj\u00e1k a k\u00fcls\u0151 eszk\u00f6z\u00f6k csatlakoztat\u00e1s\u00e1t, illetve a fejhallgat\u00f3 vagy hangsz\u00f3r\u00f3k haszn\u00e1lat\u00e1t.<\/p>\n<p>Ha a s\u00e9r\u00fclt vagy hib\u00e1san m\u0171k\u00f6d\u0151 bekapcsol\u00f3gombos USB-t Audio Jack IO \u00e1ramk\u00f6ri lapra a Dell Latitude E7450 110HR k\u00e1rty\u00e1ra cser\u00e9li, teljes m\u00e9rt\u00e9kben vissza\u00e1ll\u00edthatja ezeknek az alapvet\u0151 funkci\u00f3knak a m\u0171k\u00f6d\u00e9s\u00e9t. Ez az eredeti cserealkatr\u00e9sz biztos\u00edtja, hogy a bekapcsol\u00f3gomb megb\u00edzhat\u00f3an reag\u00e1ljon, az USB-port z\u00f6kken\u0151mentesen csatlakozik a k\u00fcls\u0151 eszk\u00f6z\u00f6kh\u00f6z, az audiocsatlakoz\u00f3 pedig tiszta \u00e9s \u00e9les hangkimenetet biztos\u00edt.<\/p>\n<p>L\u00e9tfontoss\u00e1g\u00fa, hogy a cser\u00e9t \u00f3vatosan kezelje, hogy elker\u00fclje a t\u00f6bbi alkatr\u00e9sz s\u00e9r\u00fcl\u00e9s\u00e9t. Javasoljuk, hogy a cser\u00e9t szakk\u00e9pzett technikussal vagy hivatalos Dell szervizk\u00f6zponttal v\u00e9geztesse el, hogy biztos\u00edtsa a megfelel\u0151 telep\u00edt\u00e9st \u00e9s megel\u0151zze a laptop v\u00e9letlen k\u00e1rosod\u00e1s\u00e1t.<\/p>\n<p>A Dell Latitude E7450 bekapcsol\u00f3gombos USB-vel \u00e9s audio jack IO \u00e1ramk\u00f6ri k\u00e1rty\u00e1val 110HR biztons\u00e1gosan be- \u00e9s kikapcsolhatja laptopj\u00e1t, k\u00fcl\u00f6nf\u00e9le USB-eszk\u00f6z\u00f6ket csatlakoztathat, \u00e9s kiv\u00e1l\u00f3 hang\u00e9lm\u00e9nyt \u00e9lvezhet kedvenc audio perif\u00e9ri\u00e1ival.<\/p>\n<p>V\u00e1lassza az eredeti Dell Latitude E7450 bekapcsol\u00f3gombos USB-t Audio Jack IO 110HR \u00e1ramk\u00f6ri lappal a megb\u00edzhat\u00f3 teljes\u00edtm\u00e9ny \u00e9s a laptopj\u00e1val val\u00f3 z\u00f6kken\u0151mentes integr\u00e1ci\u00f3 \u00e9rdek\u00e9ben. \u00c1ll\u00edtsa vissza Dell Latitude E7450 k\u00e9sz\u00fcl\u00e9ke teljes funkcionalit\u00e1s\u00e1t, \u00e9s \u00e9lvezze az \u00f6sszes funkci\u00f3 megszak\u00edt\u00e1s n\u00e9lk\u00fcli haszn\u00e1lat\u00e1t. Fektessen be ebbe a kiv\u00e1l\u00f3 min\u0151s\u00e9g\u0171 cserealkatr\u00e9szbe, hogy laptopja z\u00f6kken\u0151mentesen \u00e9s hat\u00e9konyan m\u0171k\u00f6dj\u00f6n.<\/p>\n<\/div>\n<\/div>\n<\/div>\n<div class=\"flex justify-between lg:block\">\n<div class=\"text-xs flex items-center justify-center gap-1 self-center pt-2 !invisible\"><\/div>\n<div class=\"text-gray-400 flex self-end lg:self-center justify-center mt-2 gap-2 md:gap-3 lg:gap-1 lg:absolute lg:top-0 lg:translate-x-full lg:right-0 lg:mt-0\">lg:pl-2 l\u00e1that\u00f3<\/p>\n<p>&nbsp;<\/p>\n<div class=\"flex gap-1\"><\/div>\n<\/div>\n<\/div>\n<\/div>\n<\/div>\n<\/div>\n<div class=\"h-32 md:h-48 flex-shrink-0\"><\/div>\n<p>&nbsp;<\/p>\n<\/div>\n<\/div>\n<\/div>\n<\/div>\n<div class=\"absolute bottom-0 left-0 w-full border-t md:border-t-0 dark:border-white\/20 md:border-transparent md:dark:border-transparent md:bg-vert-light-gradient bg-white dark:bg-gray-800 md:! dark:md:bg-vert-dark-gradient pt-2 md:pl-2 md:w-[calc(100%-.5rem)]\">\n<div class=\"relative flex h-full flex-1 items-stretch md:flex-col\" role=\"presentation\">\n<div>\n<div class=\"h-full flex ml-1 md:w-full md:m-auto md:mb-4 gap-0 md:gap-2 justify-center\"><\/div>\n<\/div>\n<\/div>\n<\/div>\n","protected":false},"excerpt":{"rendered":"<p>A Dell Latitude E7450 bekapcsol\u00f3gombos USB audio jack IO \u00e1ramk\u00f6ri lappal egy eredeti cserealkatr\u00e9sz, amelyet a Dell Latitude E7450 laptopsorozathoz terveztek. Ez az \u00e1ramk\u00f6ri lap tartalmazza a bekapcsol\u00f3gombot, az USB-portot \u00e9s az audio-aljzatot, amelyek biztos\u00edtj\u00e1k, hogy ezek az alapvet\u0151 funkci\u00f3k z\u00f6kken\u0151mentesen m\u0171k\u00f6djenek laptopj\u00e1n. Ezzel a kiv\u00e1l\u00f3 min\u0151s\u00e9g\u0171 cserealkatr\u00e9szrel \u00e1ll\u00edtsa vissza laptopja teljes funkcionalit\u00e1s\u00e1t.<\/p>\n","protected":false},"featured_media":1129,"template":"","meta":[],"product_brand":[],"product_cat":[27],"product_tag":[17],"class_list":{"0":"post-1076","1":"product","2":"type-product","3":"status-publish","4":"has-post-thumbnail","6":"product_cat-motherboards-board-parts","7":"product_tag-dell","9":"first","10":"instock","11":"taxable","12":"shipping-taxable","13":"purchasable","14":"product-type-simple"},"_links":{"self":[{"href":"https:\/\/boreait.com\/hu\/wp-json\/wp\/v2\/product\/1076","targetHints":{"allow":["GET"]}}],"collection":[{"href":"https:\/\/boreait.com\/hu\/wp-json\/wp\/v2\/product"}],"about":[{"href":"https:\/\/boreait.com\/hu\/wp-json\/wp\/v2\/types\/product"}],"wp:featuredmedia":[{"embeddable":true,"href":"https:\/\/boreait.com\/hu\/wp-json\/wp\/v2\/media\/1129"}],"wp:attachment":[{"href":"https:\/\/boreait.com\/hu\/wp-json\/wp\/v2\/media?parent=1076"}],"wp:term":[{"taxonomy":"product_brand","embeddable":true,"href":"https:\/\/boreait.com\/hu\/wp-json\/wp\/v2\/product_brand?post=1076"},{"taxonomy":"product_cat","embeddable":true,"href":"https:\/\/boreait.com\/hu\/wp-json\/wp\/v2\/product_cat?post=1076"},{"taxonomy":"product_tag","embeddable":true,"href":"https:\/\/boreait.com\/hu\/wp-json\/wp\/v2\/product_tag?post=1076"}],"curies":[{"name":"wp","href":"https:\/\/api.w.org\/{rel}","templated":true}]}}